{"id":2145,"date":"2023-11-14T12:45:24","date_gmt":"2023-11-14T11:45:24","guid":{"rendered":"https:\/\/calvia365eshop.com\/tienda\/t-shirt-chmalllorca-dimoni\/"},"modified":"2025-07-14T20:14:31","modified_gmt":"2025-07-14T18:14:31","slug":"t-shirt-chmalllorca-dimoni","status":"publish","type":"product","link":"https:\/\/calvia365eshop.com\/en\/shop\/t-shirt-chmalllorca-dimoni\/","title":{"rendered":"T-SHIRT &#8211; CHMALLLORCA 2023"},"content":{"rendered":"<p>T-Shirt &#8211; Challenge Peguera Mallorca 2023 &#8211; Limited Edition \ud83c\udfca\u200d\u2642\ufe0f\ud83d\udeb4\u200d\u2640\ufe0f\ud83c\udfc3\u200d\u2642\ufe0f\ud83d\udd25<\/p>\n<p>Run, pedal and swim in style with the exclusive Challenge Peguera Mallorca 2023 T-shirt. Designed to offer you maximum performance and comfort, its lightweight, soft and technical fabric is perfect for both training and showing off your passion for triathlon.<\/p>\n","protected":false},"excerpt":{"rendered":"<p>T-Shirt &#8211; Challenge Peguera Mallorca 2023 &#8211; Limited Edition \ud83c\udfca\u200d\u2642\ufe0f\ud83d\udeb4\u200d\u2640\ufe0f\ud83c\udfc3\u200d\u2642\ufe0f\ud83d\udd25 Run, pedal and swim in style with the exclusive Challenge Peguera Mallorca 2023 T-shirt. Designed to offer you maximum performance and comfort, its lightweight, soft and technical fabric is perfect for both training and showing off your passion for triathlon.<\/p>\n","protected":false},"featured_media":3672,"comment_status":"open","ping_status":"closed","template":"","meta":{"_crdt_document":""},"product_brand":[],"product_cat":[122037],"product_tag":[122063],"class_list":{"0":"post-2145","1":"product","2":"type-product","3":"status-publish","4":"has-post-thumbnail","6":"product_cat-challenge-peguera-mallorca-en","7":"product_tag-running-t-shirt-en","8":"pa_talla-m-en","9":"pa_talla-s-en","10":"pa_talla-xs-en","12":"first","13":"instock","14":"shipping-taxable","15":"purchasable","16":"product-type-variable"},"yoast_head":"<!-- This site is optimized with the Yoast SEO plugin v27.4 - https:\/\/yoast.com\/product\/yoast-seo-wordpress\/ -->\n<title>T-SHIRT - CHMALLLORCA 2023 - Calvia 365 eShop<\/title>\n<meta name=\"robots\" content=\"index, follow, max-snippet:-1, max-image-preview:large, max-video-preview:-1\" \/>\n<link rel=\"canonical\" href=\"https:\/\/calvia365eshop.com\/en\/shop\/t-shirt-chmalllorca-dimoni\/\" \/>\n<meta property=\"og:locale\" content=\"en_US\" \/>\n<meta property=\"og:type\" content=\"article\" \/>\n<meta property=\"og:title\" content=\"T-SHIRT - CHMALLLORCA 2023 - Calvia 365 eShop\" \/>\n<meta property=\"og:description\" content=\"T-Shirt &#8211; Challenge Peguera Mallorca 2023 &#8211; Limited Edition \ud83c\udfca\u200d\u2642\ufe0f\ud83d\udeb4\u200d\u2640\ufe0f\ud83c\udfc3\u200d\u2642\ufe0f\ud83d\udd25 Run, pedal and swim in style with the exclusive Challenge Peguera Mallorca 2023 T-shirt. Designed to offer you maximum performance and comfort, its lightweight, soft and technical fabric is perfect for both training and showing off your passion for triathlon.\" \/>\n<meta property=\"og:url\" content=\"https:\/\/calvia365eshop.com\/en\/shop\/t-shirt-chmalllorca-dimoni\/\" \/>\n<meta property=\"og:site_name\" content=\"Calvia 365 eShop\" \/>\n<meta property=\"article:modified_time\" content=\"2025-07-14T18:14:31+00:00\" \/>\n<meta property=\"og:image\" content=\"https:\/\/calvia365eshop.com\/wp-content\/uploads\/2023\/11\/challenge-peguera-mallorca-camiseta-2023.webp\" \/>\n\t<meta property=\"og:image:width\" content=\"1350\" \/>\n\t<meta property=\"og:image:height\" content=\"1080\" \/>\n\t<meta property=\"og:image:type\" content=\"image\/webp\" \/>\n<meta name=\"twitter:card\" content=\"summary_large_image\" \/>\n<meta name=\"twitter:label1\" content=\"Est. reading time\" \/>\n\t<meta name=\"twitter:data1\" content=\"1 minute\" \/>\n<script type=\"application\/ld+json\" class=\"yoast-schema-graph\">{\"@context\":\"https:\\\/\\\/schema.org\",\"@graph\":[{\"@type\":\"WebPage\",\"@id\":\"https:\\\/\\\/calvia365eshop.com\\\/en\\\/shop\\\/t-shirt-chmalllorca-dimoni\\\/\",\"url\":\"https:\\\/\\\/calvia365eshop.com\\\/en\\\/shop\\\/t-shirt-chmalllorca-dimoni\\\/\",\"name\":\"T-SHIRT - CHMALLLORCA 2023 - Calvia 365 eShop\",\"isPartOf\":{\"@id\":\"https:\\\/\\\/calvia365eshop.com\\\/en\\\/#website\"},\"primaryImageOfPage\":{\"@id\":\"https:\\\/\\\/calvia365eshop.com\\\/en\\\/shop\\\/t-shirt-chmalllorca-dimoni\\\/#primaryimage\"},\"image\":{\"@id\":\"https:\\\/\\\/calvia365eshop.com\\\/en\\\/shop\\\/t-shirt-chmalllorca-dimoni\\\/#primaryimage\"},\"thumbnailUrl\":\"https:\\\/\\\/i0.wp.com\\\/calvia365eshop.com\\\/wp-content\\\/uploads\\\/2023\\\/11\\\/challenge-peguera-mallorca-camiseta-2023.webp?fit=1350%2C1080&ssl=1\",\"datePublished\":\"2023-11-14T11:45:24+00:00\",\"dateModified\":\"2025-07-14T18:14:31+00:00\",\"breadcrumb\":{\"@id\":\"https:\\\/\\\/calvia365eshop.com\\\/en\\\/shop\\\/t-shirt-chmalllorca-dimoni\\\/#breadcrumb\"},\"inLanguage\":\"en-US\",\"potentialAction\":[{\"@type\":\"ReadAction\",\"target\":[\"https:\\\/\\\/calvia365eshop.com\\\/en\\\/shop\\\/t-shirt-chmalllorca-dimoni\\\/\"]}]},{\"@type\":\"ImageObject\",\"inLanguage\":\"en-US\",\"@id\":\"https:\\\/\\\/calvia365eshop.com\\\/en\\\/shop\\\/t-shirt-chmalllorca-dimoni\\\/#primaryimage\",\"url\":\"https:\\\/\\\/i0.wp.com\\\/calvia365eshop.com\\\/wp-content\\\/uploads\\\/2023\\\/11\\\/challenge-peguera-mallorca-camiseta-2023.webp?fit=1350%2C1080&ssl=1\",\"contentUrl\":\"https:\\\/\\\/i0.wp.com\\\/calvia365eshop.com\\\/wp-content\\\/uploads\\\/2023\\\/11\\\/challenge-peguera-mallorca-camiseta-2023.webp?fit=1350%2C1080&ssl=1\",\"width\":1350,\"height\":1080},{\"@type\":\"BreadcrumbList\",\"@id\":\"https:\\\/\\\/calvia365eshop.com\\\/en\\\/shop\\\/t-shirt-chmalllorca-dimoni\\\/#breadcrumb\",\"itemListElement\":[{\"@type\":\"ListItem\",\"position\":1,\"name\":\"Portada\",\"item\":\"https:\\\/\\\/calvia365eshop.com\\\/en\\\/\"},{\"@type\":\"ListItem\",\"position\":2,\"name\":\"Shop\",\"item\":\"https:\\\/\\\/calvia365eshop.com\\\/en\\\/shop\\\/\"},{\"@type\":\"ListItem\",\"position\":3,\"name\":\"T-SHIRT &#8211; CHMALLLORCA 2023\"}]},{\"@type\":\"WebSite\",\"@id\":\"https:\\\/\\\/calvia365eshop.com\\\/en\\\/#website\",\"url\":\"https:\\\/\\\/calvia365eshop.com\\\/en\\\/\",\"name\":\"Calvia 365 eShop\",\"description\":\"\",\"publisher\":{\"@id\":\"https:\\\/\\\/calvia365eshop.com\\\/en\\\/#organization\"},\"potentialAction\":[{\"@type\":\"SearchAction\",\"target\":{\"@type\":\"EntryPoint\",\"urlTemplate\":\"https:\\\/\\\/calvia365eshop.com\\\/en\\\/?s={search_term_string}\"},\"query-input\":{\"@type\":\"PropertyValueSpecification\",\"valueRequired\":true,\"valueName\":\"search_term_string\"}}],\"inLanguage\":\"en-US\"},{\"@type\":\"Organization\",\"@id\":\"https:\\\/\\\/calvia365eshop.com\\\/en\\\/#organization\",\"name\":\"Calvia 365 eShop\",\"url\":\"https:\\\/\\\/calvia365eshop.com\\\/en\\\/\",\"logo\":{\"@type\":\"ImageObject\",\"inLanguage\":\"en-US\",\"@id\":\"https:\\\/\\\/calvia365eshop.com\\\/en\\\/#\\\/schema\\\/logo\\\/image\\\/\",\"url\":\"https:\\\/\\\/i0.wp.com\\\/calvia365eshop.com\\\/wp-content\\\/uploads\\\/2023\\\/10\\\/Visitcalvia-logo-vector-azul.png?fit=8440%2C1556&ssl=1\",\"contentUrl\":\"https:\\\/\\\/i0.wp.com\\\/calvia365eshop.com\\\/wp-content\\\/uploads\\\/2023\\\/10\\\/Visitcalvia-logo-vector-azul.png?fit=8440%2C1556&ssl=1\",\"width\":8440,\"height\":1556,\"caption\":\"Calvia 365 eShop\"},\"image\":{\"@id\":\"https:\\\/\\\/calvia365eshop.com\\\/en\\\/#\\\/schema\\\/logo\\\/image\\\/\"}}]}<\/script>\n<!-- \/ Yoast SEO plugin. -->","yoast_head_json":{"title":"T-SHIRT - CHMALLLORCA 2023 - Calvia 365 eShop","robots":{"index":"index","follow":"follow","max-snippet":"max-snippet:-1","max-image-preview":"max-image-preview:large","max-video-preview":"max-video-preview:-1"},"canonical":"https:\/\/calvia365eshop.com\/en\/shop\/t-shirt-chmalllorca-dimoni\/","og_locale":"en_US","og_type":"article","og_title":"T-SHIRT - CHMALLLORCA 2023 - Calvia 365 eShop","og_description":"T-Shirt &#8211; Challenge Peguera Mallorca 2023 &#8211; Limited Edition \ud83c\udfca\u200d\u2642\ufe0f\ud83d\udeb4\u200d\u2640\ufe0f\ud83c\udfc3\u200d\u2642\ufe0f\ud83d\udd25 Run, pedal and swim in style with the exclusive Challenge Peguera Mallorca 2023 T-shirt. Designed to offer you maximum performance and comfort, its lightweight, soft and technical fabric is perfect for both training and showing off your passion for triathlon.","og_url":"https:\/\/calvia365eshop.com\/en\/shop\/t-shirt-chmalllorca-dimoni\/","og_site_name":"Calvia 365 eShop","article_modified_time":"2025-07-14T18:14:31+00:00","og_image":[{"width":1350,"height":1080,"url":"https:\/\/calvia365eshop.com\/wp-content\/uploads\/2023\/11\/challenge-peguera-mallorca-camiseta-2023.webp","type":"image\/webp"}],"twitter_card":"summary_large_image","twitter_misc":{"Est. reading time":"1 minute"},"schema":{"@context":"https:\/\/schema.org","@graph":[{"@type":"WebPage","@id":"https:\/\/calvia365eshop.com\/en\/shop\/t-shirt-chmalllorca-dimoni\/","url":"https:\/\/calvia365eshop.com\/en\/shop\/t-shirt-chmalllorca-dimoni\/","name":"T-SHIRT - CHMALLLORCA 2023 - Calvia 365 eShop","isPartOf":{"@id":"https:\/\/calvia365eshop.com\/en\/#website"},"primaryImageOfPage":{"@id":"https:\/\/calvia365eshop.com\/en\/shop\/t-shirt-chmalllorca-dimoni\/#primaryimage"},"image":{"@id":"https:\/\/calvia365eshop.com\/en\/shop\/t-shirt-chmalllorca-dimoni\/#primaryimage"},"thumbnailUrl":"https:\/\/i0.wp.com\/calvia365eshop.com\/wp-content\/uploads\/2023\/11\/challenge-peguera-mallorca-camiseta-2023.webp?fit=1350%2C1080&ssl=1","datePublished":"2023-11-14T11:45:24+00:00","dateModified":"2025-07-14T18:14:31+00:00","breadcrumb":{"@id":"https:\/\/calvia365eshop.com\/en\/shop\/t-shirt-chmalllorca-dimoni\/#breadcrumb"},"inLanguage":"en-US","potentialAction":[{"@type":"ReadAction","target":["https:\/\/calvia365eshop.com\/en\/shop\/t-shirt-chmalllorca-dimoni\/"]}]},{"@type":"ImageObject","inLanguage":"en-US","@id":"https:\/\/calvia365eshop.com\/en\/shop\/t-shirt-chmalllorca-dimoni\/#primaryimage","url":"https:\/\/i0.wp.com\/calvia365eshop.com\/wp-content\/uploads\/2023\/11\/challenge-peguera-mallorca-camiseta-2023.webp?fit=1350%2C1080&ssl=1","contentUrl":"https:\/\/i0.wp.com\/calvia365eshop.com\/wp-content\/uploads\/2023\/11\/challenge-peguera-mallorca-camiseta-2023.webp?fit=1350%2C1080&ssl=1","width":1350,"height":1080},{"@type":"BreadcrumbList","@id":"https:\/\/calvia365eshop.com\/en\/shop\/t-shirt-chmalllorca-dimoni\/#breadcrumb","itemListElement":[{"@type":"ListItem","position":1,"name":"Portada","item":"https:\/\/calvia365eshop.com\/en\/"},{"@type":"ListItem","position":2,"name":"Shop","item":"https:\/\/calvia365eshop.com\/en\/shop\/"},{"@type":"ListItem","position":3,"name":"T-SHIRT &#8211; CHMALLLORCA 2023"}]},{"@type":"WebSite","@id":"https:\/\/calvia365eshop.com\/en\/#website","url":"https:\/\/calvia365eshop.com\/en\/","name":"Calvia 365 eShop","description":"","publisher":{"@id":"https:\/\/calvia365eshop.com\/en\/#organization"},"potentialAction":[{"@type":"SearchAction","target":{"@type":"EntryPoint","urlTemplate":"https:\/\/calvia365eshop.com\/en\/?s={search_term_string}"},"query-input":{"@type":"PropertyValueSpecification","valueRequired":true,"valueName":"search_term_string"}}],"inLanguage":"en-US"},{"@type":"Organization","@id":"https:\/\/calvia365eshop.com\/en\/#organization","name":"Calvia 365 eShop","url":"https:\/\/calvia365eshop.com\/en\/","logo":{"@type":"ImageObject","inLanguage":"en-US","@id":"https:\/\/calvia365eshop.com\/en\/#\/schema\/logo\/image\/","url":"https:\/\/i0.wp.com\/calvia365eshop.com\/wp-content\/uploads\/2023\/10\/Visitcalvia-logo-vector-azul.png?fit=8440%2C1556&ssl=1","contentUrl":"https:\/\/i0.wp.com\/calvia365eshop.com\/wp-content\/uploads\/2023\/10\/Visitcalvia-logo-vector-azul.png?fit=8440%2C1556&ssl=1","width":8440,"height":1556,"caption":"Calvia 365 eShop"},"image":{"@id":"https:\/\/calvia365eshop.com\/en\/#\/schema\/logo\/image\/"}}]}},"jetpack_likes_enabled":true,"jetpack_sharing_enabled":true,"jetpack-related-posts":[{"id":2141,"url":"https:\/\/calvia365eshop.com\/en\/shop\/t-shirt-chmalllorca-tela-de-llengues\/","url_meta":{"origin":2145,"position":0},"title":"T-SHIRT &#8211; CHMALLLORCA 2022","author":"calviaeshop","date":"14 de November de 2023","format":false,"excerpt":"T-Shirt - Challenge Peguera Mallorca 2022 - Limited Edition \ud83c\udfca\u200d\u2642\ufe0f\ud83d\udeb4\u200d\u2640\ufe0f\ud83c\udfc3\u200d\u2642\ufe0f\ud83d\udd25 Run, bike and swim in style with the exclusive Challenge Peguera Mallorca 2022 T-shirt. Designed to offer you maximum performance and comfort, its lightweight, soft and technical fabric is perfect for both training and showing off your passion for triathlon.","rel":"","context":"Similar post","block_context":{"text":"Similar post","link":""},"img":{"alt_text":"","src":"https:\/\/i0.wp.com\/calvia365eshop.com\/wp-content\/uploads\/2023\/11\/challenge-peguera-mallorca-camiseta-2022.webp?fit=1200%2C960&ssl=1&resize=350%2C200","width":350,"height":200,"srcset":"https:\/\/i0.wp.com\/calvia365eshop.com\/wp-content\/uploads\/2023\/11\/challenge-peguera-mallorca-camiseta-2022.webp?fit=1200%2C960&ssl=1&resize=350%2C200 1x, https:\/\/i0.wp.com\/calvia365eshop.com\/wp-content\/uploads\/2023\/11\/challenge-peguera-mallorca-camiseta-2022.webp?fit=1200%2C960&ssl=1&resize=525%2C300 1.5x, https:\/\/i0.wp.com\/calvia365eshop.com\/wp-content\/uploads\/2023\/11\/challenge-peguera-mallorca-camiseta-2022.webp?fit=1200%2C960&ssl=1&resize=700%2C400 2x, https:\/\/i0.wp.com\/calvia365eshop.com\/wp-content\/uploads\/2023\/11\/challenge-peguera-mallorca-camiseta-2022.webp?fit=1200%2C960&ssl=1&resize=1050%2C600 3x"},"classes":[]},{"id":2928,"url":"https:\/\/calvia365eshop.com\/en\/shop\/t-shirt-10-anniversary-ch\/","url_meta":{"origin":2145,"position":1},"title":"T-SHIRT 10th anniversary \u2013 CHMALLLORCA","author":"fundacioncalvia365","date":"3 de December de 2024","format":false,"excerpt":"T-Shirt - Challenge Peguera Mallorca 2024 - 10th Limited Edition \ud83c\udfca\u200d\u2642\ufe0f\ud83d\udeb4\u200d\u2640\ufe0f\ud83c\udfc3\u200d\u2642\ufe0f\ud83d\udd25 Celebrate the 10th edition of the Challenge Peguera Mallorca with this exclusive t-shirt, designed to offer you maximum performance and comfort. With a lightweight, soft and technical fabric, it's perfect for both training and taking the spirit of triathlon\u2026","rel":"","context":"Similar post","block_context":{"text":"Similar post","link":""},"img":{"alt_text":"","src":"https:\/\/i0.wp.com\/calvia365eshop.com\/wp-content\/uploads\/2024\/12\/challenge-peguera-mallorca-camiseta-2024.webp?fit=1200%2C960&ssl=1&resize=350%2C200","width":350,"height":200,"srcset":"https:\/\/i0.wp.com\/calvia365eshop.com\/wp-content\/uploads\/2024\/12\/challenge-peguera-mallorca-camiseta-2024.webp?fit=1200%2C960&ssl=1&resize=350%2C200 1x, https:\/\/i0.wp.com\/calvia365eshop.com\/wp-content\/uploads\/2024\/12\/challenge-peguera-mallorca-camiseta-2024.webp?fit=1200%2C960&ssl=1&resize=525%2C300 1.5x, https:\/\/i0.wp.com\/calvia365eshop.com\/wp-content\/uploads\/2024\/12\/challenge-peguera-mallorca-camiseta-2024.webp?fit=1200%2C960&ssl=1&resize=700%2C400 2x, https:\/\/i0.wp.com\/calvia365eshop.com\/wp-content\/uploads\/2024\/12\/challenge-peguera-mallorca-camiseta-2024.webp?fit=1200%2C960&ssl=1&resize=1050%2C600 3x"},"classes":[]},{"id":98,"url":"https:\/\/calvia365eshop.com\/tienda\/t-shirt-chmalllorca-dimoni\/","url_meta":{"origin":2145,"position":2},"title":"Camiseta &#8211; Challenge Peguera Mallorca 2023","author":"calviaeshop","date":"14 de November de 2023","format":false,"excerpt":"Camiseta - Challenge Peguera Mallorca 2023 \u2013 Edici\u00f3n Limitada \ud83c\udfca\u200d\u2642\ufe0f\ud83d\udeb4\u200d\u2640\ufe0f\ud83c\udfc3\u200d\u2642\ufe0f\ud83d\udd25 Corre, pedalea y nada con estilo gracias a la camiseta exclusiva del Challenge Peguera Mallorca 2023. Dise\u00f1ada para ofrecerte m\u00e1ximo rendimiento y confort, su tejido ligero, suave y t\u00e9cnico es perfecto tanto para entrenar como para lucir tu pasi\u00f3n por\u2026","rel":"","context":"Similar post","block_context":{"text":"Similar post","link":""},"img":{"alt_text":"Challenge peguera mallorca camiseta 2023","src":"https:\/\/i0.wp.com\/calvia365eshop.com\/wp-content\/uploads\/2023\/11\/challenge-peguera-mallorca-camiseta-2023.webp?fit=1200%2C960&ssl=1&resize=350%2C200","width":350,"height":200,"srcset":"https:\/\/i0.wp.com\/calvia365eshop.com\/wp-content\/uploads\/2023\/11\/challenge-peguera-mallorca-camiseta-2023.webp?fit=1200%2C960&ssl=1&resize=350%2C200 1x, https:\/\/i0.wp.com\/calvia365eshop.com\/wp-content\/uploads\/2023\/11\/challenge-peguera-mallorca-camiseta-2023.webp?fit=1200%2C960&ssl=1&resize=525%2C300 1.5x, https:\/\/i0.wp.com\/calvia365eshop.com\/wp-content\/uploads\/2023\/11\/challenge-peguera-mallorca-camiseta-2023.webp?fit=1200%2C960&ssl=1&resize=700%2C400 2x, https:\/\/i0.wp.com\/calvia365eshop.com\/wp-content\/uploads\/2023\/11\/challenge-peguera-mallorca-camiseta-2023.webp?fit=1200%2C960&ssl=1&resize=1050%2C600 3x"},"classes":[]},{"id":2136,"url":"https:\/\/calvia365eshop.com\/en\/shop\/t-shirt-challenge-peguera-mallorca-2025\/","url_meta":{"origin":2145,"position":3},"title":"T-shirt &#8211; Challenge Peguera Mallorca 2025","author":"fundacioncalvia365","date":"14 de November de 2023","format":false,"excerpt":"Camiseta - Challenge Peguera Mallorca 2025 \u2013 Edici\u00f3n Limitada \ud83c\udfca\u200d\u2642\ufe0f\ud83d\udeb4\u200d\u2640\ufe0f\ud83c\udfc3\u200d\u2642\ufe0f\ud83d\udd25 Corre, pedalea y nada con estilo gracias a la camiseta exclusiva del Challenge Peguera Mallorca 2025. Dise\u00f1ada para ofrecerte m\u00e1ximo rendimiento y confort, su tejido ligero, suave y t\u00e9cnico es perfecto tanto para entrenar como para lucir tu pasi\u00f3n por\u2026","rel":"","context":"Similar post","block_context":{"text":"Similar post","link":""},"img":{"alt_text":"","src":"https:\/\/i0.wp.com\/calvia365eshop.com\/wp-content\/uploads\/2023\/11\/camiseta-challenge-peguera-mallorca-2025-3.webp?fit=1200%2C960&ssl=1&resize=350%2C200","width":350,"height":200,"srcset":"https:\/\/i0.wp.com\/calvia365eshop.com\/wp-content\/uploads\/2023\/11\/camiseta-challenge-peguera-mallorca-2025-3.webp?fit=1200%2C960&ssl=1&resize=350%2C200 1x, https:\/\/i0.wp.com\/calvia365eshop.com\/wp-content\/uploads\/2023\/11\/camiseta-challenge-peguera-mallorca-2025-3.webp?fit=1200%2C960&ssl=1&resize=525%2C300 1.5x, https:\/\/i0.wp.com\/calvia365eshop.com\/wp-content\/uploads\/2023\/11\/camiseta-challenge-peguera-mallorca-2025-3.webp?fit=1200%2C960&ssl=1&resize=700%2C400 2x, https:\/\/i0.wp.com\/calvia365eshop.com\/wp-content\/uploads\/2023\/11\/camiseta-challenge-peguera-mallorca-2025-3.webp?fit=1200%2C960&ssl=1&resize=1050%2C600 3x"},"classes":[]},{"id":2134,"url":"https:\/\/calvia365eshop.com\/de\/de\/speichern\/palms-running-t-shirt-chmalllorca\/","url_meta":{"origin":2145,"position":4},"title":"PALMS RUNNING T-SHIRT &#8211; CHMALLLORCA","author":"fundacioncalvia365","date":"14 de November de 2023","format":false,"excerpt":"SIZE ONLY - M RUNNING T-SHIRT SPECS: Short sleeves T-shirt made for training and competitions. Made fabric, which stands out for its perspiration, lightness and elasticity. It makes this garment an antibacterial one, without bad smells. This shirt is micro light and it perfectly adapts to everybody\u2019s morphology. - Sublimated\u2026","rel":"","context":"Similar post","block_context":{"text":"Similar post","link":""},"img":{"alt_text":"Camiseta - Challenge Peguera Mallorca 2025-3","src":"https:\/\/i0.wp.com\/calvia365eshop.com\/wp-content\/uploads\/2023\/11\/camiseta-challenge-peguera-mallorca-2025-3.webp?fit=1200%2C960&ssl=1&resize=350%2C200","width":350,"height":200,"srcset":"https:\/\/i0.wp.com\/calvia365eshop.com\/wp-content\/uploads\/2023\/11\/camiseta-challenge-peguera-mallorca-2025-3.webp?fit=1200%2C960&ssl=1&resize=350%2C200 1x, https:\/\/i0.wp.com\/calvia365eshop.com\/wp-content\/uploads\/2023\/11\/camiseta-challenge-peguera-mallorca-2025-3.webp?fit=1200%2C960&ssl=1&resize=525%2C300 1.5x, https:\/\/i0.wp.com\/calvia365eshop.com\/wp-content\/uploads\/2023\/11\/camiseta-challenge-peguera-mallorca-2025-3.webp?fit=1200%2C960&ssl=1&resize=700%2C400 2x, https:\/\/i0.wp.com\/calvia365eshop.com\/wp-content\/uploads\/2023\/11\/camiseta-challenge-peguera-mallorca-2025-3.webp?fit=1200%2C960&ssl=1&resize=1050%2C600 3x"},"classes":[]},{"id":2135,"url":"https:\/\/calvia365eshop.com\/fr\/fr\/boutique\/palms-running-t-shirt-chmalllorca\/","url_meta":{"origin":2145,"position":5},"title":"PALMS RUNNING T-SHIRT &#8211; CHMALLLORCA","author":"fundacioncalvia365","date":"14 de November de 2023","format":false,"excerpt":"SIZE ONLY - M RUNNING T-SHIRT SPECS: Short sleeves T-shirt made for training and competitions. Made fabric, which stands out for its perspiration, lightness and elasticity. It makes this garment an antibacterial one, without bad smells. This shirt is micro light and it perfectly adapts to everybody\u2019s morphology. - Sublimated\u2026","rel":"","context":"Similar post","block_context":{"text":"Similar post","link":""},"img":{"alt_text":"Camiseta - Challenge Peguera Mallorca 2025-3","src":"https:\/\/i0.wp.com\/calvia365eshop.com\/wp-content\/uploads\/2023\/11\/camiseta-challenge-peguera-mallorca-2025-3.webp?fit=1200%2C960&ssl=1&resize=350%2C200","width":350,"height":200,"srcset":"https:\/\/i0.wp.com\/calvia365eshop.com\/wp-content\/uploads\/2023\/11\/camiseta-challenge-peguera-mallorca-2025-3.webp?fit=1200%2C960&ssl=1&resize=350%2C200 1x, https:\/\/i0.wp.com\/calvia365eshop.com\/wp-content\/uploads\/2023\/11\/camiseta-challenge-peguera-mallorca-2025-3.webp?fit=1200%2C960&ssl=1&resize=525%2C300 1.5x, https:\/\/i0.wp.com\/calvia365eshop.com\/wp-content\/uploads\/2023\/11\/camiseta-challenge-peguera-mallorca-2025-3.webp?fit=1200%2C960&ssl=1&resize=700%2C400 2x, https:\/\/i0.wp.com\/calvia365eshop.com\/wp-content\/uploads\/2023\/11\/camiseta-challenge-peguera-mallorca-2025-3.webp?fit=1200%2C960&ssl=1&resize=1050%2C600 3x"},"classes":[]}],"_links":{"self":[{"href":"https:\/\/calvia365eshop.com\/en\/wp-json\/wp\/v2\/product\/2145","targetHints":{"allow":["GET"]}}],"collection":[{"href":"https:\/\/calvia365eshop.com\/en\/wp-json\/wp\/v2\/product"}],"about":[{"href":"https:\/\/calvia365eshop.com\/en\/wp-json\/wp\/v2\/types\/product"}],"replies":[{"embeddable":true,"href":"https:\/\/calvia365eshop.com\/en\/wp-json\/wp\/v2\/comments?post=2145"}],"wp:featuredmedia":[{"embeddable":true,"href":"https:\/\/calvia365eshop.com\/en\/wp-json\/wp\/v2\/media\/3672"}],"wp:attachment":[{"href":"https:\/\/calvia365eshop.com\/en\/wp-json\/wp\/v2\/media?parent=2145"}],"wp:term":[{"taxonomy":"product_brand","embeddable":true,"href":"https:\/\/calvia365eshop.com\/en\/wp-json\/wp\/v2\/product_brand?post=2145"},{"taxonomy":"product_cat","embeddable":true,"href":"https:\/\/calvia365eshop.com\/en\/wp-json\/wp\/v2\/product_cat?post=2145"},{"taxonomy":"product_tag","embeddable":true,"href":"https:\/\/calvia365eshop.com\/en\/wp-json\/wp\/v2\/product_tag?post=2145"}],"curies":[{"name":"wp","href":"https:\/\/api.w.org\/{rel}","templated":true}]}}