{"id":1775,"date":"2024-02-27T12:42:11","date_gmt":"2024-02-27T11:42:11","guid":{"rendered":"https:\/\/calvia365eshop.com\/shopping-cart-2\/"},"modified":"2024-03-27T11:31:31","modified_gmt":"2024-03-27T10:31:31","slug":"shopping-cart","status":"publish","type":"page","link":"https:\/\/calvia365eshop.com\/en\/shopping-cart\/","title":{"rendered":"Shopping Cart"},"content":{"rendered":"\n<div data-block-name=\"woocommerce\/cart\" class=\"wp-block-woocommerce-cart alignwide is-loading\">\n<div data-block-name=\"woocommerce\/filled-cart-block\" class=\"wp-block-woocommerce-filled-cart-block\">\n<div data-block-name=\"woocommerce\/cart-items-block\" class=\"wp-block-woocommerce-cart-items-block\">\n<div data-block-name=\"woocommerce\/cart-line-items-block\" class=\"wp-block-woocommerce-cart-line-items-block\"><\/div>\n\n\n\n<div data-block-name=\"woocommerce\/cart-cross-sells-block\" class=\"wp-block-woocommerce-cart-cross-sells-block\">\n<h2 class=\"wp-block-heading has-large-font-size\">You may be interested\u2026<\/h2>\n\n\n\n<div data-block-name=\"woocommerce\/cart-cross-sells-products-block\" class=\"wp-block-woocommerce-cart-cross-sells-products-block\"><\/div>\n<\/div>\n<\/div>\n\n\n\n<div data-block-name=\"woocommerce\/cart-totals-block\" class=\"wp-block-woocommerce-cart-totals-block\">\n<div data-block-name=\"woocommerce\/cart-order-summary-block\" class=\"wp-block-woocommerce-cart-order-summary-block\">\n<div data-block-name=\"woocommerce\/cart-order-summary-heading-block\" class=\"wp-block-woocommerce-cart-order-summary-heading-block\"><\/div><div data-block-name=\"woocommerce\/cart-order-summary-coupon-form-block\" class=\"wp-block-woocommerce-cart-order-summary-coupon-form-block\"><\/div><div data-block-name=\"woocommerce\/cart-order-summary-totals-block\" class=\"wp-block-woocommerce-cart-order-summary-totals-block\">\n<div data-block-name=\"woocommerce\/cart-order-summary-subtotal-block\" class=\"wp-block-woocommerce-cart-order-summary-subtotal-block\"><\/div>\n<div data-block-name=\"woocommerce\/cart-order-summary-discount-block\" class=\"wp-block-woocommerce-cart-order-summary-discount-block\"><\/div>\n<div data-block-name=\"woocommerce\/cart-order-summary-fee-block\" class=\"wp-block-woocommerce-cart-order-summary-fee-block\"><\/div>\n<div data-block-name=\"woocommerce\/cart-order-summary-shipping-block\" class=\"wp-block-woocommerce-cart-order-summary-shipping-block\"><\/div>\n<div data-block-name=\"woocommerce\/cart-order-summary-taxes-block\" class=\"wp-block-woocommerce-cart-order-summary-taxes-block\"><\/div><\/div>\n<\/div>\n\n\n\n<div data-block-name=\"woocommerce\/cart-express-payment-block\" class=\"wp-block-woocommerce-cart-express-payment-block\"><\/div>\n\n\n\n<div data-block-name=\"woocommerce\/proceed-to-checkout-block\" class=\"wp-block-woocommerce-proceed-to-checkout-block\"><\/div>\n<div id=\"ppcp-recaptcha-v2-container\" style=\"margin:20px 0;\"><\/div>\n\n\n<div data-block-name=\"woocommerce\/cart-accepted-payment-methods-block\" class=\"wp-block-woocommerce-cart-accepted-payment-methods-block\"><\/div>\n<\/div>\n<\/div>\n\n\n\n<div data-block-name=\"woocommerce\/empty-cart-block\" class=\"wp-block-woocommerce-empty-cart-block\">\n<h2 class=\"wp-block-heading has-text-align-center with-empty-cart-icon wc-block-cart__empty-cart__title\">Your cart is currently empty!<\/h2>\n\n\n\n<hr class=\"wp-block-separator has-alpha-channel-opacity is-style-dots\"\/>\n\n\n\n<h2 class=\"wp-block-heading has-text-align-center\">New in store<\/h2>\n\n\n<div data-block-name=\"woocommerce\/product-new\" data-columns=\"4\" data-rows=\"1\" class=\"wc-block-grid wp-block-product-new wp-block-woocommerce-product-new wc-block-product-new has-4-columns\"><ul class=\"wc-block-grid__products\"><li class=\"wc-block-grid__product\">\n\t\t\t\t<a href=\"https:\/\/calvia365eshop.com\/en\/shop\/t-shirt-galatzo-trail-2025\/\" class=\"wc-block-grid__product-link\">\n\t\t\t\t\t\n\t\t\t\t\t<div class=\"wc-block-grid__product-image\"><img loading=\"lazy\" decoding=\"async\" width=\"450\" height=\"450\" src=\"https:\/\/i0.wp.com\/calvia365eshop.com\/wp-content\/uploads\/2025\/04\/imagenes-web-calvia365eshop.webp?resize=450%2C450&amp;ssl=1\" class=\"attachment-woocommerce_thumbnail size-woocommerce_thumbnail\" alt=\"camiseta GT25 calvia365eshop\" srcset=\"https:\/\/i0.wp.com\/calvia365eshop.com\/wp-content\/uploads\/2025\/04\/imagenes-web-calvia365eshop.webp?resize=150%2C150&amp;ssl=1 150w, https:\/\/i0.wp.com\/calvia365eshop.com\/wp-content\/uploads\/2025\/04\/imagenes-web-calvia365eshop.webp?resize=450%2C450&amp;ssl=1 450w, https:\/\/i0.wp.com\/calvia365eshop.com\/wp-content\/uploads\/2025\/04\/imagenes-web-calvia365eshop.webp?resize=100%2C100&amp;ssl=1 100w, https:\/\/i0.wp.com\/calvia365eshop.com\/wp-content\/uploads\/2025\/04\/imagenes-web-calvia365eshop.webp?zoom=2&amp;resize=450%2C450&amp;ssl=1 900w\" sizes=\"auto, (max-width: 450px) 100vw, 450px\" data-attachment-id=\"3888\" data-permalink=\"https:\/\/calvia365eshop.com\/en\/?attachment_id=3888\" data-orig-file=\"https:\/\/i0.wp.com\/calvia365eshop.com\/wp-content\/uploads\/2025\/04\/imagenes-web-calvia365eshop.webp?fit=1181%2C945&amp;ssl=1\" data-orig-size=\"1181,945\" data-comments-opened=\"1\" data-image-meta=\"{&quot;aperture&quot;:&quot;0&quot;,&quot;credit&quot;:&quot;&quot;,&quot;camera&quot;:&quot;&quot;,&quot;caption&quot;:&quot;&quot;,&quot;created_timestamp&quot;:&quot;0&quot;,&quot;copyright&quot;:&quot;&quot;,&quot;focal_length&quot;:&quot;0&quot;,&quot;iso&quot;:&quot;0&quot;,&quot;shutter_speed&quot;:&quot;0&quot;,&quot;title&quot;:&quot;&quot;,&quot;orientation&quot;:&quot;0&quot;}\" data-image-title=\"imagenes-web-calvia365eshop\" data-image-description=\"&lt;p&gt;camiseta GT25 calvia365eshop&lt;\/p&gt;\n\" data-image-caption=\"&lt;p&gt;camiseta GT25 calvia365eshop&lt;\/p&gt;\n\" data-medium-file=\"https:\/\/i0.wp.com\/calvia365eshop.com\/wp-content\/uploads\/2025\/04\/imagenes-web-calvia365eshop.webp?fit=300%2C240&amp;ssl=1\" data-large-file=\"https:\/\/i0.wp.com\/calvia365eshop.com\/wp-content\/uploads\/2025\/04\/imagenes-web-calvia365eshop.webp?fit=1024%2C819&amp;ssl=1\" \/><\/div>\n\t\t\t\t\t<div class=\"wc-block-grid__product-title\">T-shirt &#8211; Galatz\u00f3 Trail 2025<\/div>\n\t\t\t\t<\/a>\n\t\t\t\t<div class=\"wc-block-grid__product-price price\"><span class=\"woocommerce-Price-amount amount\"><span class=\"woocommerce-Price-currencySymbol\">&euro;<\/span>24,00<\/span><\/div>\n\t\t\t\t\n\t\t\t\t<div class=\"wp-block-button wc-block-grid__product-add-to-cart\"><a href=\"https:\/\/calvia365eshop.com\/en\/shop\/t-shirt-galatzo-trail-2025\/\" aria-label=\"Select options for &ldquo;T-shirt - Galatz\u00f3 Trail 2025&rdquo;\" data-quantity=\"1\" data-product_id=\"4228\" data-product_sku=\"02\" data-price=\"24\" rel=\"nofollow\" class=\"wp-block-button__link wp-element-button add_to_cart_button\">Select options<\/a><\/div>\n\t\t\t<\/li><li class=\"wc-block-grid__product\">\n\t\t\t\t<a href=\"https:\/\/calvia365eshop.com\/en\/shop\/t-shirt-half-marathon-magaluf-2025\/\" class=\"wc-block-grid__product-link\">\n\t\t\t\t\t\n\t\t\t\t\t<div class=\"wc-block-grid__product-image\"><img loading=\"lazy\" decoding=\"async\" width=\"450\" height=\"450\" src=\"https:\/\/i0.wp.com\/calvia365eshop.com\/wp-content\/uploads\/2025\/03\/half-marathon-magaluf-camiseta-2025.webp?resize=450%2C450&amp;ssl=1\" class=\"attachment-woocommerce_thumbnail size-woocommerce_thumbnail\" alt=\"Half Marathon Magaluf camiseta 2025\" srcset=\"https:\/\/i0.wp.com\/calvia365eshop.com\/wp-content\/uploads\/2025\/03\/half-marathon-magaluf-camiseta-2025.webp?resize=150%2C150&amp;ssl=1 150w, https:\/\/i0.wp.com\/calvia365eshop.com\/wp-content\/uploads\/2025\/03\/half-marathon-magaluf-camiseta-2025.webp?resize=450%2C450&amp;ssl=1 450w, https:\/\/i0.wp.com\/calvia365eshop.com\/wp-content\/uploads\/2025\/03\/half-marathon-magaluf-camiseta-2025.webp?resize=100%2C100&amp;ssl=1 100w, https:\/\/i0.wp.com\/calvia365eshop.com\/wp-content\/uploads\/2025\/03\/half-marathon-magaluf-camiseta-2025.webp?zoom=2&amp;resize=450%2C450&amp;ssl=1 900w, https:\/\/i0.wp.com\/calvia365eshop.com\/wp-content\/uploads\/2025\/03\/half-marathon-magaluf-camiseta-2025.webp?zoom=3&amp;resize=450%2C450&amp;ssl=1 1350w\" sizes=\"auto, (max-width: 450px) 100vw, 450px\" data-attachment-id=\"3648\" data-permalink=\"https:\/\/calvia365eshop.com\/en\/?attachment_id=3648\" data-orig-file=\"https:\/\/i0.wp.com\/calvia365eshop.com\/wp-content\/uploads\/2025\/03\/half-marathon-magaluf-camiseta-2025.webp?fit=1350%2C1080&amp;ssl=1\" data-orig-size=\"1350,1080\" data-comments-opened=\"1\" data-image-meta=\"{&quot;aperture&quot;:&quot;0&quot;,&quot;credit&quot;:&quot;&quot;,&quot;camera&quot;:&quot;&quot;,&quot;caption&quot;:&quot;&quot;,&quot;created_timestamp&quot;:&quot;0&quot;,&quot;copyright&quot;:&quot;&quot;,&quot;focal_length&quot;:&quot;0&quot;,&quot;iso&quot;:&quot;0&quot;,&quot;shutter_speed&quot;:&quot;0&quot;,&quot;title&quot;:&quot;&quot;,&quot;orientation&quot;:&quot;0&quot;}\" data-image-title=\"half-marathon-magaluf-camiseta-2025\" data-image-description=\"\" data-image-caption=\"\" data-medium-file=\"https:\/\/i0.wp.com\/calvia365eshop.com\/wp-content\/uploads\/2025\/03\/half-marathon-magaluf-camiseta-2025.webp?fit=300%2C240&amp;ssl=1\" data-large-file=\"https:\/\/i0.wp.com\/calvia365eshop.com\/wp-content\/uploads\/2025\/03\/half-marathon-magaluf-camiseta-2025.webp?fit=1024%2C819&amp;ssl=1\" \/><\/div>\n\t\t\t\t\t<div class=\"wc-block-grid__product-title\">T-shirt &#8211; Half Marathon Magaluf 2025<\/div>\n\t\t\t\t<\/a>\n\t\t\t\t<div class=\"wc-block-grid__product-price price\"><span class=\"woocommerce-Price-amount amount\"><span class=\"woocommerce-Price-currencySymbol\">&euro;<\/span>24,00<\/span><\/div>\n\t\t\t\t\n\t\t\t\t<div class=\"wp-block-button wc-block-grid__product-add-to-cart\"><a href=\"https:\/\/calvia365eshop.com\/en\/shop\/t-shirt-half-marathon-magaluf-2025\/\" aria-label=\"Select options for &ldquo;T-shirt - Half Marathon Magaluf 2025&rdquo;\" data-quantity=\"1\" data-product_id=\"4234\" data-product_sku=\"03\" data-price=\"24\" rel=\"nofollow\" class=\"wp-block-button__link wp-element-button add_to_cart_button\">Select options<\/a><\/div>\n\t\t\t<\/li><li class=\"wc-block-grid__product\">\n\t\t\t\t<a href=\"https:\/\/calvia365eshop.com\/en\/shop\/t-shirt-chwomen-23\/\" class=\"wc-block-grid__product-link\">\n\t\t\t\t\t\n\t\t\t\t\t<div class=\"wc-block-grid__product-image\"><img loading=\"lazy\" decoding=\"async\" width=\"450\" height=\"450\" src=\"https:\/\/i0.wp.com\/calvia365eshop.com\/wp-content\/uploads\/2024\/12\/challenge-women-mallorca-camiseta-2023.webp?resize=450%2C450&amp;ssl=1\" class=\"attachment-woocommerce_thumbnail size-woocommerce_thumbnail\" alt=\"T-SHIRT - CHWOMEN 2023\" srcset=\"https:\/\/i0.wp.com\/calvia365eshop.com\/wp-content\/uploads\/2024\/12\/challenge-women-mallorca-camiseta-2023.webp?resize=150%2C150&amp;ssl=1 150w, https:\/\/i0.wp.com\/calvia365eshop.com\/wp-content\/uploads\/2024\/12\/challenge-women-mallorca-camiseta-2023.webp?resize=450%2C450&amp;ssl=1 450w, https:\/\/i0.wp.com\/calvia365eshop.com\/wp-content\/uploads\/2024\/12\/challenge-women-mallorca-camiseta-2023.webp?resize=100%2C100&amp;ssl=1 100w, https:\/\/i0.wp.com\/calvia365eshop.com\/wp-content\/uploads\/2024\/12\/challenge-women-mallorca-camiseta-2023.webp?zoom=2&amp;resize=450%2C450&amp;ssl=1 900w, https:\/\/i0.wp.com\/calvia365eshop.com\/wp-content\/uploads\/2024\/12\/challenge-women-mallorca-camiseta-2023.webp?zoom=3&amp;resize=450%2C450&amp;ssl=1 1350w\" sizes=\"auto, (max-width: 450px) 100vw, 450px\" data-attachment-id=\"3702\" data-permalink=\"https:\/\/calvia365eshop.com\/en\/?attachment_id=3702\" data-orig-file=\"https:\/\/i0.wp.com\/calvia365eshop.com\/wp-content\/uploads\/2024\/12\/challenge-women-mallorca-camiseta-2023.webp?fit=1350%2C1080&amp;ssl=1\" data-orig-size=\"1350,1080\" data-comments-opened=\"1\" data-image-meta=\"{&quot;aperture&quot;:&quot;0&quot;,&quot;credit&quot;:&quot;&quot;,&quot;camera&quot;:&quot;&quot;,&quot;caption&quot;:&quot;&quot;,&quot;created_timestamp&quot;:&quot;0&quot;,&quot;copyright&quot;:&quot;&quot;,&quot;focal_length&quot;:&quot;0&quot;,&quot;iso&quot;:&quot;0&quot;,&quot;shutter_speed&quot;:&quot;0&quot;,&quot;title&quot;:&quot;&quot;,&quot;orientation&quot;:&quot;0&quot;}\" data-image-title=\"challenge-women-mallorca-camiseta-2023\" data-image-description=\"\" data-image-caption=\"\" data-medium-file=\"https:\/\/i0.wp.com\/calvia365eshop.com\/wp-content\/uploads\/2024\/12\/challenge-women-mallorca-camiseta-2023.webp?fit=300%2C240&amp;ssl=1\" data-large-file=\"https:\/\/i0.wp.com\/calvia365eshop.com\/wp-content\/uploads\/2024\/12\/challenge-women-mallorca-camiseta-2023.webp?fit=1024%2C819&amp;ssl=1\" \/><\/div>\n\t\t\t\t\t<div class=\"wc-block-grid__product-title\">T-SHIRT &#8211; CHWOMEN 2023<\/div>\n\t\t\t\t<\/a>\n\t\t\t\t<div class=\"wc-block-grid__product-price price\"><span class=\"woocommerce-Price-amount amount\"><span class=\"woocommerce-Price-currencySymbol\">&euro;<\/span>10,00<\/span><\/div>\n\t\t\t\t\n\t\t\t\t<div class=\"wp-block-button wc-block-grid__product-add-to-cart\"><a href=\"https:\/\/calvia365eshop.com\/en\/shop\/t-shirt-chwomen-23\/\" aria-label=\"Select options for &ldquo;T-SHIRT - CHWOMEN 2023&rdquo;\" data-quantity=\"1\" data-product_id=\"3122\" data-product_sku=\"\" data-price=\"16\" rel=\"nofollow\" class=\"wp-block-button__link wp-element-button add_to_cart_button\">Select options<\/a><\/div>\n\t\t\t<\/li><li class=\"wc-block-grid__product\">\n\t\t\t\t<a href=\"https:\/\/calvia365eshop.com\/en\/shop\/t-shirt-chwomen24\/\" class=\"wc-block-grid__product-link\">\n\t\t\t\t\t\n\t\t\t\t\t<div class=\"wc-block-grid__product-image\"><img loading=\"lazy\" decoding=\"async\" width=\"450\" height=\"450\" src=\"https:\/\/i0.wp.com\/calvia365eshop.com\/wp-content\/uploads\/2024\/12\/challenge-women-mallorca-camiseta-2024.webp?resize=450%2C450&amp;ssl=1\" class=\"attachment-woocommerce_thumbnail size-woocommerce_thumbnail\" alt=\"T-SHIRT - CHWOMEN 2024\" srcset=\"https:\/\/i0.wp.com\/calvia365eshop.com\/wp-content\/uploads\/2024\/12\/challenge-women-mallorca-camiseta-2024.webp?resize=150%2C150&amp;ssl=1 150w, https:\/\/i0.wp.com\/calvia365eshop.com\/wp-content\/uploads\/2024\/12\/challenge-women-mallorca-camiseta-2024.webp?resize=450%2C450&amp;ssl=1 450w, https:\/\/i0.wp.com\/calvia365eshop.com\/wp-content\/uploads\/2024\/12\/challenge-women-mallorca-camiseta-2024.webp?resize=100%2C100&amp;ssl=1 100w, https:\/\/i0.wp.com\/calvia365eshop.com\/wp-content\/uploads\/2024\/12\/challenge-women-mallorca-camiseta-2024.webp?zoom=2&amp;resize=450%2C450&amp;ssl=1 900w, https:\/\/i0.wp.com\/calvia365eshop.com\/wp-content\/uploads\/2024\/12\/challenge-women-mallorca-camiseta-2024.webp?zoom=3&amp;resize=450%2C450&amp;ssl=1 1350w\" sizes=\"auto, (max-width: 450px) 100vw, 450px\" data-attachment-id=\"3697\" data-permalink=\"https:\/\/calvia365eshop.com\/en\/?attachment_id=3697\" data-orig-file=\"https:\/\/i0.wp.com\/calvia365eshop.com\/wp-content\/uploads\/2024\/12\/challenge-women-mallorca-camiseta-2024.webp?fit=1350%2C1080&amp;ssl=1\" data-orig-size=\"1350,1080\" data-comments-opened=\"1\" data-image-meta=\"{&quot;aperture&quot;:&quot;0&quot;,&quot;credit&quot;:&quot;&quot;,&quot;camera&quot;:&quot;&quot;,&quot;caption&quot;:&quot;&quot;,&quot;created_timestamp&quot;:&quot;0&quot;,&quot;copyright&quot;:&quot;&quot;,&quot;focal_length&quot;:&quot;0&quot;,&quot;iso&quot;:&quot;0&quot;,&quot;shutter_speed&quot;:&quot;0&quot;,&quot;title&quot;:&quot;&quot;,&quot;orientation&quot;:&quot;0&quot;}\" data-image-title=\"challenge-women-mallorca-camiseta-2024\" data-image-description=\"\" data-image-caption=\"\" data-medium-file=\"https:\/\/i0.wp.com\/calvia365eshop.com\/wp-content\/uploads\/2024\/12\/challenge-women-mallorca-camiseta-2024.webp?fit=300%2C240&amp;ssl=1\" data-large-file=\"https:\/\/i0.wp.com\/calvia365eshop.com\/wp-content\/uploads\/2024\/12\/challenge-women-mallorca-camiseta-2024.webp?fit=1024%2C819&amp;ssl=1\" \/><\/div>\n\t\t\t\t\t<div class=\"wc-block-grid__product-title\">T-SHIRT &#8211; CHWOMEN 2024<\/div>\n\t\t\t\t<\/a>\n\t\t\t\t<div class=\"wc-block-grid__product-price price\"><span class=\"woocommerce-Price-amount amount\"><span class=\"woocommerce-Price-currencySymbol\">&euro;<\/span>15,00<\/span><\/div>\n\t\t\t\t\n\t\t\t\t<div class=\"wp-block-button wc-block-grid__product-add-to-cart\"><a href=\"https:\/\/calvia365eshop.com\/en\/shop\/t-shirt-chwomen24\/\" aria-label=\"Select options for &ldquo;T-SHIRT - CHWOMEN 2024&rdquo;\" data-quantity=\"1\" data-product_id=\"2997\" data-product_sku=\"\" data-price=\"19\" rel=\"nofollow\" class=\"wp-block-button__link wp-element-button add_to_cart_button\">Select options<\/a><\/div>\n\t\t\t<\/li><\/ul><\/div><\/div>\n<\/div>\n","protected":false},"excerpt":{"rendered":"","protected":false},"author":1,"featured_media":0,"parent":0,"menu_order":0,"comment_status":"closed","ping_status":"closed","template":"","meta":{"_crdt_document":"","jetpack_post_was_ever_published":false,"footnotes":""},"class_list":["post-1775","page","type-page","status-publish","hentry"],"yoast_head":"<!-- This site is optimized with the Yoast SEO plugin v27.0 - https:\/\/yoast.com\/product\/yoast-seo-wordpress\/ -->\n<title>Shopping Cart - Calvia 365 eShop<\/title>\n<meta name=\"robots\" content=\"index, follow, max-snippet:-1, max-image-preview:large, max-video-preview:-1\" \/>\n<link rel=\"canonical\" href=\"https:\/\/calvia365eshop.com\/en\/shopping-cart\/\" \/>\n<meta property=\"og:locale\" content=\"en_US\" \/>\n<meta property=\"og:type\" content=\"article\" \/>\n<meta property=\"og:title\" content=\"Shopping Cart - Calvia 365 eShop\" \/>\n<meta property=\"og:url\" content=\"https:\/\/calvia365eshop.com\/en\/shopping-cart\/\" \/>\n<meta property=\"og:site_name\" content=\"Calvia 365 eShop\" \/>\n<meta property=\"article:modified_time\" content=\"2024-03-27T10:31:31+00:00\" \/>\n<meta name=\"twitter:card\" content=\"summary_large_image\" \/>\n<script type=\"application\/ld+json\" class=\"yoast-schema-graph\">{\"@context\":\"https:\/\/schema.org\",\"@graph\":[{\"@type\":\"WebPage\",\"@id\":\"https:\/\/calvia365eshop.com\/en\/shopping-cart\/\",\"url\":\"https:\/\/calvia365eshop.com\/en\/shopping-cart\/\",\"name\":\"Shopping Cart - Calvia 365 eShop\",\"isPartOf\":{\"@id\":\"https:\/\/calvia365eshop.com\/en\/#website\"},\"datePublished\":\"2024-02-27T11:42:11+00:00\",\"dateModified\":\"2024-03-27T10:31:31+00:00\",\"breadcrumb\":{\"@id\":\"https:\/\/calvia365eshop.com\/en\/shopping-cart\/#breadcrumb\"},\"inLanguage\":\"en-US\",\"potentialAction\":[{\"@type\":\"ReadAction\",\"target\":[\"https:\/\/calvia365eshop.com\/en\/shopping-cart\/\"]}]},{\"@type\":\"BreadcrumbList\",\"@id\":\"https:\/\/calvia365eshop.com\/en\/shopping-cart\/#breadcrumb\",\"itemListElement\":[{\"@type\":\"ListItem\",\"position\":1,\"name\":\"Portada\",\"item\":\"https:\/\/calvia365eshop.com\/en\/\"},{\"@type\":\"ListItem\",\"position\":2,\"name\":\"Shopping Cart\"}]},{\"@type\":\"WebSite\",\"@id\":\"https:\/\/calvia365eshop.com\/en\/#website\",\"url\":\"https:\/\/calvia365eshop.com\/en\/\",\"name\":\"Calvia 365 eShop\",\"description\":\"\",\"publisher\":{\"@id\":\"https:\/\/calvia365eshop.com\/en\/#organization\"},\"potentialAction\":[{\"@type\":\"SearchAction\",\"target\":{\"@type\":\"EntryPoint\",\"urlTemplate\":\"https:\/\/calvia365eshop.com\/en\/?s={search_term_string}\"},\"query-input\":{\"@type\":\"PropertyValueSpecification\",\"valueRequired\":true,\"valueName\":\"search_term_string\"}}],\"inLanguage\":\"en-US\"},{\"@type\":\"Organization\",\"@id\":\"https:\/\/calvia365eshop.com\/en\/#organization\",\"name\":\"Calvia 365 eShop\",\"url\":\"https:\/\/calvia365eshop.com\/en\/\",\"logo\":{\"@type\":\"ImageObject\",\"inLanguage\":\"en-US\",\"@id\":\"https:\/\/calvia365eshop.com\/en\/#\/schema\/logo\/image\/\",\"url\":\"https:\/\/i0.wp.com\/calvia365eshop.com\/wp-content\/uploads\/2023\/10\/Visitcalvia-logo-vector-azul.png?fit=8440%2C1556&ssl=1\",\"contentUrl\":\"https:\/\/i0.wp.com\/calvia365eshop.com\/wp-content\/uploads\/2023\/10\/Visitcalvia-logo-vector-azul.png?fit=8440%2C1556&ssl=1\",\"width\":8440,\"height\":1556,\"caption\":\"Calvia 365 eShop\"},\"image\":{\"@id\":\"https:\/\/calvia365eshop.com\/en\/#\/schema\/logo\/image\/\"}}]}<\/script>\n<!-- \/ Yoast SEO plugin. -->","yoast_head_json":{"title":"Shopping Cart - Calvia 365 eShop","robots":{"index":"index","follow":"follow","max-snippet":"max-snippet:-1","max-image-preview":"max-image-preview:large","max-video-preview":"max-video-preview:-1"},"canonical":"https:\/\/calvia365eshop.com\/en\/shopping-cart\/","og_locale":"en_US","og_type":"article","og_title":"Shopping Cart - Calvia 365 eShop","og_url":"https:\/\/calvia365eshop.com\/en\/shopping-cart\/","og_site_name":"Calvia 365 eShop","article_modified_time":"2024-03-27T10:31:31+00:00","twitter_card":"summary_large_image","schema":{"@context":"https:\/\/schema.org","@graph":[{"@type":"WebPage","@id":"https:\/\/calvia365eshop.com\/en\/shopping-cart\/","url":"https:\/\/calvia365eshop.com\/en\/shopping-cart\/","name":"Shopping Cart - Calvia 365 eShop","isPartOf":{"@id":"https:\/\/calvia365eshop.com\/en\/#website"},"datePublished":"2024-02-27T11:42:11+00:00","dateModified":"2024-03-27T10:31:31+00:00","breadcrumb":{"@id":"https:\/\/calvia365eshop.com\/en\/shopping-cart\/#breadcrumb"},"inLanguage":"en-US","potentialAction":[{"@type":"ReadAction","target":["https:\/\/calvia365eshop.com\/en\/shopping-cart\/"]}]},{"@type":"BreadcrumbList","@id":"https:\/\/calvia365eshop.com\/en\/shopping-cart\/#breadcrumb","itemListElement":[{"@type":"ListItem","position":1,"name":"Portada","item":"https:\/\/calvia365eshop.com\/en\/"},{"@type":"ListItem","position":2,"name":"Shopping Cart"}]},{"@type":"WebSite","@id":"https:\/\/calvia365eshop.com\/en\/#website","url":"https:\/\/calvia365eshop.com\/en\/","name":"Calvia 365 eShop","description":"","publisher":{"@id":"https:\/\/calvia365eshop.com\/en\/#organization"},"potentialAction":[{"@type":"SearchAction","target":{"@type":"EntryPoint","urlTemplate":"https:\/\/calvia365eshop.com\/en\/?s={search_term_string}"},"query-input":{"@type":"PropertyValueSpecification","valueRequired":true,"valueName":"search_term_string"}}],"inLanguage":"en-US"},{"@type":"Organization","@id":"https:\/\/calvia365eshop.com\/en\/#organization","name":"Calvia 365 eShop","url":"https:\/\/calvia365eshop.com\/en\/","logo":{"@type":"ImageObject","inLanguage":"en-US","@id":"https:\/\/calvia365eshop.com\/en\/#\/schema\/logo\/image\/","url":"https:\/\/i0.wp.com\/calvia365eshop.com\/wp-content\/uploads\/2023\/10\/Visitcalvia-logo-vector-azul.png?fit=8440%2C1556&ssl=1","contentUrl":"https:\/\/i0.wp.com\/calvia365eshop.com\/wp-content\/uploads\/2023\/10\/Visitcalvia-logo-vector-azul.png?fit=8440%2C1556&ssl=1","width":8440,"height":1556,"caption":"Calvia 365 eShop"},"image":{"@id":"https:\/\/calvia365eshop.com\/en\/#\/schema\/logo\/image\/"}}]}},"jetpack_likes_enabled":true,"jetpack_sharing_enabled":true,"jetpack_shortlink":"https:\/\/wp.me\/Pfeh91-sD","jetpack-related-posts":[{"id":1490,"url":"https:\/\/calvia365eshop.com\/en\/shipping-and-returns-conditions\/","url_meta":{"origin":1775,"position":0},"title":"Shipping and returns conditions","author":"calviaeshop","date":"17 de January de 2024","format":false,"excerpt":"Shipping and returns conditions Here we explain how the shipping process of the orders you place will be. And if you want to return your order you will not have any problem, here we explain how to do it. Shipping All our orders are sent through Sociedad Estatal Correos y\u2026","rel":"","context":"Similar post","block_context":{"text":"Similar post","link":""},"img":{"alt_text":"","src":"","width":0,"height":0},"classes":[]},{"id":1824,"url":"https:\/\/calvia365eshop.com\/fr\/panier\/","url_meta":{"origin":1775,"position":1},"title":"Panier","author":"","date":"27 de February de 2024","format":false,"excerpt":"Vous pourriez \u00eatre int\u00e9ress\u00e9\u2026 Votre carte est actuellement vide! Nouveau en magasin","rel":"","context":"Similar post","block_context":{"text":"Similar post","link":""},"img":{"alt_text":"","src":"","width":0,"height":0},"classes":[]},{"id":979,"url":"https:\/\/calvia365eshop.com\/en\/shop\/","url_meta":{"origin":1775,"position":2},"title":"Shop","author":"","date":"24 de October de 2023","format":false,"excerpt":"No results found You can try emptying any filter or go to the beginning of the store","rel":"","context":"Similar post","block_context":{"text":"Similar post","link":""},"img":{"alt_text":"","src":"","width":0,"height":0},"classes":[]},{"id":949,"url":"https:\/\/calvia365eshop.com\/en\/races\/","url_meta":{"origin":1775,"position":3},"title":"Races","author":"fundacioncalvia365","date":"24 de October de 2023","format":false,"excerpt":"CHALLENGE PEGUERA MALLORCA October - Peguera This is undoubtedly the challenge of challenges. In the Triathlon Challenge Peguera Mallorca you will face 1.9 km of swimming in the beautiful beach of Tor\u00e0 (Peguera), 90 km of cycling through a large part of the municipality of Calvi\u00e0, to finish by completing\u2026","rel":"","context":"Similar post","block_context":{"text":"Similar post","link":""},"img":{"alt_text":"","src":"https:\/\/i0.wp.com\/calvia365eshop.com\/wp-content\/uploads\/2024\/08\/chmallorcabanner24.webp?resize=350%2C200&ssl=1","width":350,"height":200,"srcset":"https:\/\/i0.wp.com\/calvia365eshop.com\/wp-content\/uploads\/2024\/08\/chmallorcabanner24.webp?resize=350%2C200&ssl=1 1x, https:\/\/i0.wp.com\/calvia365eshop.com\/wp-content\/uploads\/2024\/08\/chmallorcabanner24.webp?resize=525%2C300&ssl=1 1.5x, https:\/\/i0.wp.com\/calvia365eshop.com\/wp-content\/uploads\/2024\/08\/chmallorcabanner24.webp?resize=700%2C400&ssl=1 2x, https:\/\/i0.wp.com\/calvia365eshop.com\/wp-content\/uploads\/2024\/08\/chmallorcabanner24.webp?resize=1050%2C600&ssl=1 3x, https:\/\/i0.wp.com\/calvia365eshop.com\/wp-content\/uploads\/2024\/08\/chmallorcabanner24.webp?resize=1400%2C800&ssl=1 4x"},"classes":[]}],"_links":{"self":[{"href":"https:\/\/calvia365eshop.com\/en\/wp-json\/wp\/v2\/pages\/1775","targetHints":{"allow":["GET"]}}],"collection":[{"href":"https:\/\/calvia365eshop.com\/en\/wp-json\/wp\/v2\/pages"}],"about":[{"href":"https:\/\/calvia365eshop.com\/en\/wp-json\/wp\/v2\/types\/page"}],"author":[{"embeddable":true,"href":"https:\/\/calvia365eshop.com\/en\/wp-json\/wp\/v2\/users\/1"}],"replies":[{"embeddable":true,"href":"https:\/\/calvia365eshop.com\/en\/wp-json\/wp\/v2\/comments?post=1775"}],"version-history":[{"count":3,"href":"https:\/\/calvia365eshop.com\/en\/wp-json\/wp\/v2\/pages\/1775\/revisions"}],"predecessor-version":[{"id":1778,"href":"https:\/\/calvia365eshop.com\/en\/wp-json\/wp\/v2\/pages\/1775\/revisions\/1778"}],"wp:attachment":[{"href":"https:\/\/calvia365eshop.com\/en\/wp-json\/wp\/v2\/media?parent=1775"}],"curies":[{"name":"wp","href":"https:\/\/api.w.org\/{rel}","templated":true}]}}