{"id":4173,"date":"2025-03-28T13:47:26","date_gmt":"2025-03-28T12:47:26","guid":{"rendered":"https:\/\/calvia365eshop.com\/tienda\/samarreta-half-marathon-magaluf-2025\/"},"modified":"2025-05-16T09:38:03","modified_gmt":"2025-05-16T07:38:03","slug":"samarreta-half-marathon-magaluf-2025","status":"publish","type":"product","link":"https:\/\/calvia365eshop.com\/ca\/botiga\/samarreta-half-marathon-magaluf-2025\/","title":{"rendered":"Samarreta &#8211; Half Marathon Magaluf 2025"},"content":{"rendered":"<p class=\"\" data-start=\"72\" data-end=\"148\"><strong data-start=\"72\" data-end=\"138\">Samarreta Oficial Half Marathon Magaluf 2025 \u2013 Edici\u00f3 Limitada<\/strong> \ud83c\udfc3\u200d\u2640\ufe0f\ud83d\udd25<\/p>\n<p class=\"\" data-start=\"124\" data-end=\"389\">Corre amb estil i comoditat amb la <strong data-start=\"160\" data-end=\"182\">samarreta exclusiva.<\/strong> Dissenyada per a oferir-te <strong data-start=\"233\" data-end=\"255\">m\u00e0xim rendiment<\/strong>, el seu teixit <strong data-start=\"267\" data-end=\"294\">lleuger, suau i t\u00e8cnic<\/strong> t&#8217;acompanyar\u00e0 en cada quil\u00f2metre, ja sigui en senderes de muntanya o en el teu entrenament diari.<\/p>\n<p><span class=\"NormalTextRun SCXW18251700 BCX0\">\ufe0f<\/span><\/p>\n","protected":false},"excerpt":{"rendered":"<p>Samarreta Oficial Half Marathon Magaluf 2025 \u2013 Edici\u00f3 Limitada \ud83c\udfc3\u200d\u2640\ufe0f\ud83d\udd25 Corre amb estil i comoditat amb la samarreta exclusiva. Dissenyada per a oferir-te m\u00e0xim rendiment, el seu teixit lleuger, suau i t\u00e8cnic t&#8217;acompanyar\u00e0 en cada quil\u00f2metre, ja sigui en senderes de muntanya o en el teu entrenament diari. \ufe0f<\/p>\n","protected":false},"featured_media":3647,"comment_status":"open","ping_status":"closed","template":"","meta":{"_crdt_document":""},"product_brand":[],"product_cat":[121873],"product_tag":[121862],"class_list":{"0":"post-4173","1":"product","2":"type-product","3":"status-publish","4":"has-post-thumbnail","6":"product_cat-half-marathon-magaluf","7":"product_tag-running-t-shirt","8":"pa_talla-l","9":"pa_talla-m","10":"pa_talla-s","11":"pa_talla-xl","12":"pa_talla-xs","14":"first","15":"instock","16":"shipping-taxable","17":"purchasable","18":"product-type-variable"},"yoast_head":"<!-- This site is optimized with the Yoast SEO plugin v27.4 - https:\/\/yoast.com\/product\/yoast-seo-wordpress\/ -->\n<title>Samarreta - Half Marathon Magaluf 2025 - Calvia 365 eShop<\/title>\n<meta name=\"robots\" content=\"index, follow, max-snippet:-1, max-image-preview:large, max-video-preview:-1\" \/>\n<link rel=\"canonical\" href=\"https:\/\/calvia365eshop.com\/ca\/botiga\/samarreta-half-marathon-magaluf-2025\/\" \/>\n<meta property=\"og:locale\" content=\"ca_ES\" \/>\n<meta property=\"og:type\" content=\"article\" \/>\n<meta property=\"og:title\" content=\"Samarreta - Half Marathon Magaluf 2025 - Calvia 365 eShop\" \/>\n<meta property=\"og:description\" content=\"Samarreta Oficial Half Marathon Magaluf 2025 \u2013 Edici\u00f3 Limitada \ud83c\udfc3\u200d\u2640\ufe0f\ud83d\udd25 Corre amb estil i comoditat amb la samarreta exclusiva. Dissenyada per a oferir-te m\u00e0xim rendiment, el seu teixit lleuger, suau i t\u00e8cnic t&#8217;acompanyar\u00e0 en cada quil\u00f2metre, ja sigui en senderes de muntanya o en el teu entrenament diari. \ufe0f\" \/>\n<meta property=\"og:url\" content=\"https:\/\/calvia365eshop.com\/ca\/botiga\/samarreta-half-marathon-magaluf-2025\/\" \/>\n<meta property=\"og:site_name\" content=\"Calvia 365 eShop\" \/>\n<meta property=\"article:modified_time\" content=\"2025-05-16T07:38:03+00:00\" \/>\n<meta property=\"og:image\" content=\"https:\/\/i0.wp.com\/calvia365eshop.com\/wp-content\/uploads\/2025\/03\/half-marathon-magaluf-camiseta-2025.webp?fit=1350%2C1080&ssl=1\" \/>\n\t<meta property=\"og:image:width\" content=\"1350\" \/>\n\t<meta property=\"og:image:height\" content=\"1080\" \/>\n\t<meta property=\"og:image:type\" content=\"image\/webp\" \/>\n<meta name=\"twitter:card\" content=\"summary_large_image\" \/>\n<script type=\"application\/ld+json\" class=\"yoast-schema-graph\">{\"@context\":\"https:\\\/\\\/schema.org\",\"@graph\":[{\"@type\":\"WebPage\",\"@id\":\"https:\\\/\\\/calvia365eshop.com\\\/ca\\\/botiga\\\/samarreta-half-marathon-magaluf-2025\\\/\",\"url\":\"https:\\\/\\\/calvia365eshop.com\\\/ca\\\/botiga\\\/samarreta-half-marathon-magaluf-2025\\\/\",\"name\":\"Samarreta - Half Marathon Magaluf 2025 - Calvia 365 eShop\",\"isPartOf\":{\"@id\":\"https:\\\/\\\/calvia365eshop.com\\\/ca\\\/#website\"},\"primaryImageOfPage\":{\"@id\":\"https:\\\/\\\/calvia365eshop.com\\\/ca\\\/botiga\\\/samarreta-half-marathon-magaluf-2025\\\/#primaryimage\"},\"image\":{\"@id\":\"https:\\\/\\\/calvia365eshop.com\\\/ca\\\/botiga\\\/samarreta-half-marathon-magaluf-2025\\\/#primaryimage\"},\"thumbnailUrl\":\"https:\\\/\\\/i0.wp.com\\\/calvia365eshop.com\\\/wp-content\\\/uploads\\\/2025\\\/03\\\/half-marathon-magaluf-camiseta-2025.webp?fit=1350%2C1080&ssl=1\",\"datePublished\":\"2025-03-28T12:47:26+00:00\",\"dateModified\":\"2025-05-16T07:38:03+00:00\",\"breadcrumb\":{\"@id\":\"https:\\\/\\\/calvia365eshop.com\\\/ca\\\/botiga\\\/samarreta-half-marathon-magaluf-2025\\\/#breadcrumb\"},\"inLanguage\":\"ca\",\"potentialAction\":[{\"@type\":\"ReadAction\",\"target\":[\"https:\\\/\\\/calvia365eshop.com\\\/ca\\\/botiga\\\/samarreta-half-marathon-magaluf-2025\\\/\"]}]},{\"@type\":\"ImageObject\",\"inLanguage\":\"ca\",\"@id\":\"https:\\\/\\\/calvia365eshop.com\\\/ca\\\/botiga\\\/samarreta-half-marathon-magaluf-2025\\\/#primaryimage\",\"url\":\"https:\\\/\\\/i0.wp.com\\\/calvia365eshop.com\\\/wp-content\\\/uploads\\\/2025\\\/03\\\/half-marathon-magaluf-camiseta-2025.webp?fit=1350%2C1080&ssl=1\",\"contentUrl\":\"https:\\\/\\\/i0.wp.com\\\/calvia365eshop.com\\\/wp-content\\\/uploads\\\/2025\\\/03\\\/half-marathon-magaluf-camiseta-2025.webp?fit=1350%2C1080&ssl=1\",\"width\":1350,\"height\":1080},{\"@type\":\"BreadcrumbList\",\"@id\":\"https:\\\/\\\/calvia365eshop.com\\\/ca\\\/botiga\\\/samarreta-half-marathon-magaluf-2025\\\/#breadcrumb\",\"itemListElement\":[{\"@type\":\"ListItem\",\"position\":1,\"name\":\"Portada\",\"item\":\"https:\\\/\\\/calvia365eshop.com\\\/ca\\\/\"},{\"@type\":\"ListItem\",\"position\":2,\"name\":\"Botiga\",\"item\":\"https:\\\/\\\/calvia365eshop.com\\\/ca\\\/botiga\\\/\"},{\"@type\":\"ListItem\",\"position\":3,\"name\":\"Samarreta &#8211; Half Marathon Magaluf 2025\"}]},{\"@type\":\"WebSite\",\"@id\":\"https:\\\/\\\/calvia365eshop.com\\\/ca\\\/#website\",\"url\":\"https:\\\/\\\/calvia365eshop.com\\\/ca\\\/\",\"name\":\"Calvia 365 eShop\",\"description\":\"\",\"publisher\":{\"@id\":\"https:\\\/\\\/calvia365eshop.com\\\/ca\\\/#organization\"},\"potentialAction\":[{\"@type\":\"SearchAction\",\"target\":{\"@type\":\"EntryPoint\",\"urlTemplate\":\"https:\\\/\\\/calvia365eshop.com\\\/ca\\\/?s={search_term_string}\"},\"query-input\":{\"@type\":\"PropertyValueSpecification\",\"valueRequired\":true,\"valueName\":\"search_term_string\"}}],\"inLanguage\":\"ca\"},{\"@type\":\"Organization\",\"@id\":\"https:\\\/\\\/calvia365eshop.com\\\/ca\\\/#organization\",\"name\":\"Calvia 365 eShop\",\"url\":\"https:\\\/\\\/calvia365eshop.com\\\/ca\\\/\",\"logo\":{\"@type\":\"ImageObject\",\"inLanguage\":\"ca\",\"@id\":\"https:\\\/\\\/calvia365eshop.com\\\/ca\\\/#\\\/schema\\\/logo\\\/image\\\/\",\"url\":\"https:\\\/\\\/i0.wp.com\\\/calvia365eshop.com\\\/wp-content\\\/uploads\\\/2023\\\/10\\\/Visitcalvia-logo-vector-azul.png?fit=8440%2C1556&ssl=1\",\"contentUrl\":\"https:\\\/\\\/i0.wp.com\\\/calvia365eshop.com\\\/wp-content\\\/uploads\\\/2023\\\/10\\\/Visitcalvia-logo-vector-azul.png?fit=8440%2C1556&ssl=1\",\"width\":8440,\"height\":1556,\"caption\":\"Calvia 365 eShop\"},\"image\":{\"@id\":\"https:\\\/\\\/calvia365eshop.com\\\/ca\\\/#\\\/schema\\\/logo\\\/image\\\/\"}}]}<\/script>\n<!-- \/ Yoast SEO plugin. -->","yoast_head_json":{"title":"Samarreta - Half Marathon Magaluf 2025 - Calvia 365 eShop","robots":{"index":"index","follow":"follow","max-snippet":"max-snippet:-1","max-image-preview":"max-image-preview:large","max-video-preview":"max-video-preview:-1"},"canonical":"https:\/\/calvia365eshop.com\/ca\/botiga\/samarreta-half-marathon-magaluf-2025\/","og_locale":"ca_ES","og_type":"article","og_title":"Samarreta - Half Marathon Magaluf 2025 - Calvia 365 eShop","og_description":"Samarreta Oficial Half Marathon Magaluf 2025 \u2013 Edici\u00f3 Limitada \ud83c\udfc3\u200d\u2640\ufe0f\ud83d\udd25 Corre amb estil i comoditat amb la samarreta exclusiva. Dissenyada per a oferir-te m\u00e0xim rendiment, el seu teixit lleuger, suau i t\u00e8cnic t&#8217;acompanyar\u00e0 en cada quil\u00f2metre, ja sigui en senderes de muntanya o en el teu entrenament diari. \ufe0f","og_url":"https:\/\/calvia365eshop.com\/ca\/botiga\/samarreta-half-marathon-magaluf-2025\/","og_site_name":"Calvia 365 eShop","article_modified_time":"2025-05-16T07:38:03+00:00","og_image":[{"width":1350,"height":1080,"url":"https:\/\/i0.wp.com\/calvia365eshop.com\/wp-content\/uploads\/2025\/03\/half-marathon-magaluf-camiseta-2025.webp?fit=1350%2C1080&ssl=1","type":"image\/webp"}],"twitter_card":"summary_large_image","schema":{"@context":"https:\/\/schema.org","@graph":[{"@type":"WebPage","@id":"https:\/\/calvia365eshop.com\/ca\/botiga\/samarreta-half-marathon-magaluf-2025\/","url":"https:\/\/calvia365eshop.com\/ca\/botiga\/samarreta-half-marathon-magaluf-2025\/","name":"Samarreta - Half Marathon Magaluf 2025 - Calvia 365 eShop","isPartOf":{"@id":"https:\/\/calvia365eshop.com\/ca\/#website"},"primaryImageOfPage":{"@id":"https:\/\/calvia365eshop.com\/ca\/botiga\/samarreta-half-marathon-magaluf-2025\/#primaryimage"},"image":{"@id":"https:\/\/calvia365eshop.com\/ca\/botiga\/samarreta-half-marathon-magaluf-2025\/#primaryimage"},"thumbnailUrl":"https:\/\/i0.wp.com\/calvia365eshop.com\/wp-content\/uploads\/2025\/03\/half-marathon-magaluf-camiseta-2025.webp?fit=1350%2C1080&ssl=1","datePublished":"2025-03-28T12:47:26+00:00","dateModified":"2025-05-16T07:38:03+00:00","breadcrumb":{"@id":"https:\/\/calvia365eshop.com\/ca\/botiga\/samarreta-half-marathon-magaluf-2025\/#breadcrumb"},"inLanguage":"ca","potentialAction":[{"@type":"ReadAction","target":["https:\/\/calvia365eshop.com\/ca\/botiga\/samarreta-half-marathon-magaluf-2025\/"]}]},{"@type":"ImageObject","inLanguage":"ca","@id":"https:\/\/calvia365eshop.com\/ca\/botiga\/samarreta-half-marathon-magaluf-2025\/#primaryimage","url":"https:\/\/i0.wp.com\/calvia365eshop.com\/wp-content\/uploads\/2025\/03\/half-marathon-magaluf-camiseta-2025.webp?fit=1350%2C1080&ssl=1","contentUrl":"https:\/\/i0.wp.com\/calvia365eshop.com\/wp-content\/uploads\/2025\/03\/half-marathon-magaluf-camiseta-2025.webp?fit=1350%2C1080&ssl=1","width":1350,"height":1080},{"@type":"BreadcrumbList","@id":"https:\/\/calvia365eshop.com\/ca\/botiga\/samarreta-half-marathon-magaluf-2025\/#breadcrumb","itemListElement":[{"@type":"ListItem","position":1,"name":"Portada","item":"https:\/\/calvia365eshop.com\/ca\/"},{"@type":"ListItem","position":2,"name":"Botiga","item":"https:\/\/calvia365eshop.com\/ca\/botiga\/"},{"@type":"ListItem","position":3,"name":"Samarreta &#8211; Half Marathon Magaluf 2025"}]},{"@type":"WebSite","@id":"https:\/\/calvia365eshop.com\/ca\/#website","url":"https:\/\/calvia365eshop.com\/ca\/","name":"Calvia 365 eShop","description":"","publisher":{"@id":"https:\/\/calvia365eshop.com\/ca\/#organization"},"potentialAction":[{"@type":"SearchAction","target":{"@type":"EntryPoint","urlTemplate":"https:\/\/calvia365eshop.com\/ca\/?s={search_term_string}"},"query-input":{"@type":"PropertyValueSpecification","valueRequired":true,"valueName":"search_term_string"}}],"inLanguage":"ca"},{"@type":"Organization","@id":"https:\/\/calvia365eshop.com\/ca\/#organization","name":"Calvia 365 eShop","url":"https:\/\/calvia365eshop.com\/ca\/","logo":{"@type":"ImageObject","inLanguage":"ca","@id":"https:\/\/calvia365eshop.com\/ca\/#\/schema\/logo\/image\/","url":"https:\/\/i0.wp.com\/calvia365eshop.com\/wp-content\/uploads\/2023\/10\/Visitcalvia-logo-vector-azul.png?fit=8440%2C1556&ssl=1","contentUrl":"https:\/\/i0.wp.com\/calvia365eshop.com\/wp-content\/uploads\/2023\/10\/Visitcalvia-logo-vector-azul.png?fit=8440%2C1556&ssl=1","width":8440,"height":1556,"caption":"Calvia 365 eShop"},"image":{"@id":"https:\/\/calvia365eshop.com\/ca\/#\/schema\/logo\/image\/"}}]}},"jetpack_likes_enabled":true,"jetpack_sharing_enabled":true,"jetpack-related-posts":[{"id":2109,"url":"https:\/\/calvia365eshop.com\/ca\/botiga\/camiseta-half-marathon-magalauf-2023\/","url_meta":{"origin":4173,"position":0},"title":"Samarreta \u2013\u00a0Half\u00a0Marathon\u00a0Magaluf\u00a02023","author":"calviaeshop","date":"14 de novembre de 2023","format":false,"excerpt":"Samarreta Oficial Half Marathon Magaluf 2023 \u2013 Edici\u00f3 Limitada\u00a0 Descobreix la samarreta exclusiva de la\u00a0Half\u00a0Marathon\u00a0Magaluf\u00a02023, dissenyada per a oferir-te m\u00e0xim confort i rendiment. Amb un teixit lleuger, suau i t\u00e8cnic, \u00e9s perfecta tant per a c\u00f3rrer com per al dia a dia.","rel":"","context":"Entrada similar","block_context":{"text":"Entrada similar","link":""},"img":{"alt_text":"","src":"https:\/\/i0.wp.com\/calvia365eshop.com\/wp-content\/uploads\/2023\/11\/half-marathon-magaluf-camiseta-2023.webp?fit=1200%2C960&ssl=1&resize=350%2C200","width":350,"height":200,"srcset":"https:\/\/i0.wp.com\/calvia365eshop.com\/wp-content\/uploads\/2023\/11\/half-marathon-magaluf-camiseta-2023.webp?fit=1200%2C960&ssl=1&resize=350%2C200 1x, https:\/\/i0.wp.com\/calvia365eshop.com\/wp-content\/uploads\/2023\/11\/half-marathon-magaluf-camiseta-2023.webp?fit=1200%2C960&ssl=1&resize=525%2C300 1.5x, https:\/\/i0.wp.com\/calvia365eshop.com\/wp-content\/uploads\/2023\/11\/half-marathon-magaluf-camiseta-2023.webp?fit=1200%2C960&ssl=1&resize=700%2C400 2x, https:\/\/i0.wp.com\/calvia365eshop.com\/wp-content\/uploads\/2023\/11\/half-marathon-magaluf-camiseta-2023.webp?fit=1200%2C960&ssl=1&resize=1050%2C600 3x"},"classes":[]},{"id":2655,"url":"https:\/\/calvia365eshop.com\/ca\/botiga\/camiseta-half-marathon-magalauf-2024\/","url_meta":{"origin":4173,"position":1},"title":"Samarreta &#8211; Half Marathon Magalauf 2024","author":"fundacioncalvia365","date":"19 d'agost de 2024","format":false,"excerpt":"Samarreta Oficial\u00a0Half\u00a0Marathon\u00a0Magaluf\u00a02023 \u2013 Edici\u00f3 Limitada\u00a0 Descobreix la samarreta exclusiva de la\u00a0Half\u00a0Marathon\u00a0Magaluf\u00a02023, dissenyada per a oferir-te m\u00e0xim confort i rendiment. Amb un teixit lleuger, suau i t\u00e8cnic, \u00e9s perfecta tant per a c\u00f3rrer com per al dia a dia.","rel":"","context":"Entrada similar","block_context":{"text":"Entrada similar","link":""},"img":{"alt_text":"","src":"https:\/\/i0.wp.com\/calvia365eshop.com\/wp-content\/uploads\/2024\/08\/half-marathon-magaluf-camiseta-2024.webp?fit=1200%2C960&ssl=1&resize=350%2C200","width":350,"height":200,"srcset":"https:\/\/i0.wp.com\/calvia365eshop.com\/wp-content\/uploads\/2024\/08\/half-marathon-magaluf-camiseta-2024.webp?fit=1200%2C960&ssl=1&resize=350%2C200 1x, https:\/\/i0.wp.com\/calvia365eshop.com\/wp-content\/uploads\/2024\/08\/half-marathon-magaluf-camiseta-2024.webp?fit=1200%2C960&ssl=1&resize=525%2C300 1.5x, https:\/\/i0.wp.com\/calvia365eshop.com\/wp-content\/uploads\/2024\/08\/half-marathon-magaluf-camiseta-2024.webp?fit=1200%2C960&ssl=1&resize=700%2C400 2x, https:\/\/i0.wp.com\/calvia365eshop.com\/wp-content\/uploads\/2024\/08\/half-marathon-magaluf-camiseta-2024.webp?fit=1200%2C960&ssl=1&resize=1050%2C600 3x"},"classes":[]},{"id":3642,"url":"https:\/\/calvia365eshop.com\/tienda\/camiseta-half-marathon-magaluf-2025\/","url_meta":{"origin":4173,"position":2},"title":"Camiseta &#8211; Half Marathon Magaluf 2025","author":"fundacioncalvia365","date":"28 de mar\u00e7 de 2025","format":false,"excerpt":"Camiseta Oficial Half Marathon Magaluf 2025 \u2013 Edici\u00f3n Limitada \ud83c\udfc3\u200d\u2640\ufe0f\ud83d\udd25 Corre con estilo y comodidad con la camiseta exclusiva. Dise\u00f1ada para ofrecerte m\u00e1ximo rendimiento, su tejido ligero, suave y t\u00e9cnico te acompa\u00f1ar\u00e1 en cada kil\u00f3metro, ya sea en senderos de monta\u00f1a o en tu entrenamiento diario. \ufe0f","rel":"","context":"Entrada similar","block_context":{"text":"Entrada similar","link":""},"img":{"alt_text":"Half Marathon Magaluf camiseta 2025","src":"https:\/\/i0.wp.com\/calvia365eshop.com\/wp-content\/uploads\/2025\/03\/half-marathon-magaluf-camiseta-2025.webp?fit=1200%2C960&ssl=1&resize=350%2C200","width":350,"height":200,"srcset":"https:\/\/i0.wp.com\/calvia365eshop.com\/wp-content\/uploads\/2025\/03\/half-marathon-magaluf-camiseta-2025.webp?fit=1200%2C960&ssl=1&resize=350%2C200 1x, https:\/\/i0.wp.com\/calvia365eshop.com\/wp-content\/uploads\/2025\/03\/half-marathon-magaluf-camiseta-2025.webp?fit=1200%2C960&ssl=1&resize=525%2C300 1.5x, https:\/\/i0.wp.com\/calvia365eshop.com\/wp-content\/uploads\/2025\/03\/half-marathon-magaluf-camiseta-2025.webp?fit=1200%2C960&ssl=1&resize=700%2C400 2x, https:\/\/i0.wp.com\/calvia365eshop.com\/wp-content\/uploads\/2025\/03\/half-marathon-magaluf-camiseta-2025.webp?fit=1200%2C960&ssl=1&resize=1050%2C600 3x"},"classes":[]},{"id":4234,"url":"https:\/\/calvia365eshop.com\/en\/shop\/t-shirt-half-marathon-magaluf-2025\/","url_meta":{"origin":4173,"position":3},"title":"T-shirt &#8211; Half Marathon Magaluf 2025","author":"fundacioncalvia365","date":"28 de mar\u00e7 de 2025","format":false,"excerpt":"Official Half Marathon Magaluf 2025 T-Shirt - Limited Edition \ud83c\udfc3\u200d\u2640\ufe0f\ud83d\udd25 Run in style and comfort with the exclusive T-shirt. Designed to give you maximum performance, its lightweight, soft and technical fabric will see you through every mile, whether on mountain trails or in your daily workout. \ufe0f","rel":"","context":"Entrada similar","block_context":{"text":"Entrada similar","link":""},"img":{"alt_text":"Half Marathon Magaluf camiseta 2025","src":"https:\/\/i0.wp.com\/calvia365eshop.com\/wp-content\/uploads\/2025\/03\/half-marathon-magaluf-camiseta-2025.webp?fit=1200%2C960&ssl=1&resize=350%2C200","width":350,"height":200,"srcset":"https:\/\/i0.wp.com\/calvia365eshop.com\/wp-content\/uploads\/2025\/03\/half-marathon-magaluf-camiseta-2025.webp?fit=1200%2C960&ssl=1&resize=350%2C200 1x, https:\/\/i0.wp.com\/calvia365eshop.com\/wp-content\/uploads\/2025\/03\/half-marathon-magaluf-camiseta-2025.webp?fit=1200%2C960&ssl=1&resize=525%2C300 1.5x, https:\/\/i0.wp.com\/calvia365eshop.com\/wp-content\/uploads\/2025\/03\/half-marathon-magaluf-camiseta-2025.webp?fit=1200%2C960&ssl=1&resize=700%2C400 2x, https:\/\/i0.wp.com\/calvia365eshop.com\/wp-content\/uploads\/2025\/03\/half-marathon-magaluf-camiseta-2025.webp?fit=1200%2C960&ssl=1&resize=1050%2C600 3x"},"classes":[]},{"id":116,"url":"https:\/\/calvia365eshop.com\/tienda\/camiseta-half-marathon-magalauf-2023\/","url_meta":{"origin":4173,"position":4},"title":"Camiseta &#8211; Half Marathon Magaluf 2023","author":"calviaeshop","date":"14 de novembre de 2023","format":false,"excerpt":"Camiseta Oficial Half Marathon Magaluf 2023 \u2013 Edici\u00f3n Limitada \ud83c\udfc3\u200d\u2642\ufe0f\ud83d\udd25 Descubre la camiseta exclusiva de la Half Marathon Magaluf 2023, dise\u00f1ada para ofrecerte m\u00e1ximo confort y rendimiento. Con un tejido ligero, suave y t\u00e9cnico, es perfecta tanto para correr como para el d\u00eda a d\u00eda. \u00a0","rel":"","context":"Entrada similar","block_context":{"text":"Entrada similar","link":""},"img":{"alt_text":"Half Marathon Magaluf camiseta 2023","src":"https:\/\/i0.wp.com\/calvia365eshop.com\/wp-content\/uploads\/2023\/11\/half-marathon-magaluf-camiseta-2023.webp?fit=1200%2C960&ssl=1&resize=350%2C200","width":350,"height":200,"srcset":"https:\/\/i0.wp.com\/calvia365eshop.com\/wp-content\/uploads\/2023\/11\/half-marathon-magaluf-camiseta-2023.webp?fit=1200%2C960&ssl=1&resize=350%2C200 1x, https:\/\/i0.wp.com\/calvia365eshop.com\/wp-content\/uploads\/2023\/11\/half-marathon-magaluf-camiseta-2023.webp?fit=1200%2C960&ssl=1&resize=525%2C300 1.5x, https:\/\/i0.wp.com\/calvia365eshop.com\/wp-content\/uploads\/2023\/11\/half-marathon-magaluf-camiseta-2023.webp?fit=1200%2C960&ssl=1&resize=700%2C400 2x, https:\/\/i0.wp.com\/calvia365eshop.com\/wp-content\/uploads\/2023\/11\/half-marathon-magaluf-camiseta-2023.webp?fit=1200%2C960&ssl=1&resize=1050%2C600 3x"},"classes":[]},{"id":2650,"url":"https:\/\/calvia365eshop.com\/tienda\/hmm24\/","url_meta":{"origin":4173,"position":5},"title":"Camiseta &#8211; Half Marathon Magaluf 2024","author":"fundacioncalvia365","date":"19 d'agost de 2024","format":false,"excerpt":"Camiseta Oficial Half Marathon Magaluf 2024 \u2013 Edici\u00f3n Limitada \ud83c\udfc3\u200d\u2640\ufe0f\ud83d\udd25 Corre con estilo y comodidad con la camiseta exclusiva de la Half Marathon Magaluf 2024. Dise\u00f1ada para ofrecerte m\u00e1ximo rendimiento, su tejido ligero, suave y t\u00e9cnico te acompa\u00f1ar\u00e1 en cada kil\u00f3metro.","rel":"","context":"Entrada similar","block_context":{"text":"Entrada similar","link":""},"img":{"alt_text":"Half Marathon Magaluf camiseta 2024","src":"https:\/\/i0.wp.com\/calvia365eshop.com\/wp-content\/uploads\/2024\/08\/half-marathon-magaluf-camiseta-2024.webp?fit=1200%2C960&ssl=1&resize=350%2C200","width":350,"height":200,"srcset":"https:\/\/i0.wp.com\/calvia365eshop.com\/wp-content\/uploads\/2024\/08\/half-marathon-magaluf-camiseta-2024.webp?fit=1200%2C960&ssl=1&resize=350%2C200 1x, https:\/\/i0.wp.com\/calvia365eshop.com\/wp-content\/uploads\/2024\/08\/half-marathon-magaluf-camiseta-2024.webp?fit=1200%2C960&ssl=1&resize=525%2C300 1.5x, https:\/\/i0.wp.com\/calvia365eshop.com\/wp-content\/uploads\/2024\/08\/half-marathon-magaluf-camiseta-2024.webp?fit=1200%2C960&ssl=1&resize=700%2C400 2x, https:\/\/i0.wp.com\/calvia365eshop.com\/wp-content\/uploads\/2024\/08\/half-marathon-magaluf-camiseta-2024.webp?fit=1200%2C960&ssl=1&resize=1050%2C600 3x"},"classes":[]}],"_links":{"self":[{"href":"https:\/\/calvia365eshop.com\/ca\/wp-json\/wp\/v2\/product\/4173","targetHints":{"allow":["GET"]}}],"collection":[{"href":"https:\/\/calvia365eshop.com\/ca\/wp-json\/wp\/v2\/product"}],"about":[{"href":"https:\/\/calvia365eshop.com\/ca\/wp-json\/wp\/v2\/types\/product"}],"replies":[{"embeddable":true,"href":"https:\/\/calvia365eshop.com\/ca\/wp-json\/wp\/v2\/comments?post=4173"}],"wp:featuredmedia":[{"embeddable":true,"href":"https:\/\/calvia365eshop.com\/ca\/wp-json\/wp\/v2\/media\/3647"}],"wp:attachment":[{"href":"https:\/\/calvia365eshop.com\/ca\/wp-json\/wp\/v2\/media?parent=4173"}],"wp:term":[{"taxonomy":"product_brand","embeddable":true,"href":"https:\/\/calvia365eshop.com\/ca\/wp-json\/wp\/v2\/product_brand?post=4173"},{"taxonomy":"product_cat","embeddable":true,"href":"https:\/\/calvia365eshop.com\/ca\/wp-json\/wp\/v2\/product_cat?post=4173"},{"taxonomy":"product_tag","embeddable":true,"href":"https:\/\/calvia365eshop.com\/ca\/wp-json\/wp\/v2\/product_tag?post=4173"}],"curies":[{"name":"wp","href":"https:\/\/api.w.org\/{rel}","templated":true}]}}