{"id":2989,"date":"2024-12-03T09:44:50","date_gmt":"2024-12-03T08:44:50","guid":{"rendered":"https:\/\/calvia365eshop.com\/?post_type=product&#038;p=2989"},"modified":"2025-05-15T14:35:25","modified_gmt":"2025-05-15T12:35:25","slug":"t-shirt-chwomen24","status":"publish","type":"product","link":"https:\/\/calvia365eshop.com\/ca\/botiga\/t-shirt-chwomen24\/","title":{"rendered":"Samarreta &#8211; CHWOMEN 24"},"content":{"rendered":"<p>Samarreta \u2013\u00a0Challenge\u00a0women\u00a02024 \u2013 Edici\u00f3 Limitada\u00a0<img decoding=\"async\" class=\"emoji\" role=\"img\" draggable=\"false\" src=\"https:\/\/s.w.org\/images\/core\/emoji\/14.0.0\/svg\/1f3ca-200d-2642-fe0f.svg\" alt=\"\ud83c\udfca\u200d\u2642\ufe0f\" \/><img decoding=\"async\" class=\"emoji\" role=\"img\" draggable=\"false\" src=\"https:\/\/s.w.org\/images\/core\/emoji\/14.0.0\/svg\/1f6b4-200d-2640-fe0f.svg\" alt=\"\ud83d\udeb4\u200d\u2640\ufe0f\" \/><img decoding=\"async\" class=\"emoji\" role=\"img\" draggable=\"false\" src=\"https:\/\/s.w.org\/images\/core\/emoji\/14.0.0\/svg\/1f3c3-200d-2642-fe0f.svg\" alt=\"\ud83c\udfc3\u200d\u2642\ufe0f\" \/><img decoding=\"async\" class=\"emoji\" role=\"img\" draggable=\"false\" src=\"https:\/\/s.w.org\/images\/core\/emoji\/14.0.0\/svg\/1f525.svg\" alt=\"\ud83d\udd25\" \/><\/p>\n<p>Corre amb estil i comoditat amb la samarreta exclusiva. Dissenyada per a oferir-te m\u00e0xim rendiment, el seu teixit lleuger, suau i t\u00e8cnic t&#8217;acompanyar\u00e0 en cada quil\u00f2metre, ja sigui en senderes de muntanya o en el teu entrenament diari.<\/p>\n","protected":false},"excerpt":{"rendered":"<p>Samarreta \u2013\u00a0Challenge\u00a0women\u00a02024 \u2013 Edici\u00f3 Limitada\u00a0 Corre amb estil i comoditat amb la samarreta exclusiva. Dissenyada per a oferir-te m\u00e0xim rendiment, el seu teixit lleuger, suau i t\u00e8cnic t&#8217;acompanyar\u00e0 en cada quil\u00f2metre, ja sigui en senderes de muntanya o en el teu entrenament diari.<\/p>\n","protected":false},"featured_media":3696,"comment_status":"open","ping_status":"closed","template":"","meta":{"_crdt_document":""},"product_brand":[],"product_cat":[122034],"product_tag":[121862],"class_list":{"0":"post-2989","1":"product","2":"type-product","3":"status-publish","4":"has-post-thumbnail","6":"product_cat-challenge-peguera-mallorca-ca","7":"product_tag-running-t-shirt","8":"pa_talla-m","9":"pa_talla-s","11":"first","12":"instock","13":"shipping-taxable","14":"purchasable","15":"product-type-variable"},"yoast_head":"<!-- This site is optimized with the Yoast SEO plugin v27.4 - https:\/\/yoast.com\/product\/yoast-seo-wordpress\/ -->\n<title>Samarreta - CHWOMEN 24 - Calvia 365 eShop<\/title>\n<meta name=\"robots\" content=\"index, follow, max-snippet:-1, max-image-preview:large, max-video-preview:-1\" \/>\n<link rel=\"canonical\" href=\"https:\/\/calvia365eshop.com\/ca\/botiga\/t-shirt-chwomen24\/\" \/>\n<meta property=\"og:locale\" content=\"ca_ES\" \/>\n<meta property=\"og:type\" content=\"article\" \/>\n<meta property=\"og:title\" content=\"Samarreta - CHWOMEN 24 - Calvia 365 eShop\" \/>\n<meta property=\"og:description\" content=\"Samarreta \u2013\u00a0Challenge\u00a0women\u00a02024 \u2013 Edici\u00f3 Limitada\u00a0 Corre amb estil i comoditat amb la samarreta exclusiva. Dissenyada per a oferir-te m\u00e0xim rendiment, el seu teixit lleuger, suau i t\u00e8cnic t&#8217;acompanyar\u00e0 en cada quil\u00f2metre, ja sigui en senderes de muntanya o en el teu entrenament diari.\" \/>\n<meta property=\"og:url\" content=\"https:\/\/calvia365eshop.com\/ca\/botiga\/t-shirt-chwomen24\/\" \/>\n<meta property=\"og:site_name\" content=\"Calvia 365 eShop\" \/>\n<meta property=\"article:modified_time\" content=\"2025-05-15T12:35:25+00:00\" \/>\n<meta property=\"og:image\" content=\"https:\/\/calvia365eshop.com\/wp-content\/uploads\/2024\/12\/challenge-women-mallorca-camiseta-2024.webp\" \/>\n\t<meta property=\"og:image:width\" content=\"1350\" \/>\n\t<meta property=\"og:image:height\" content=\"1080\" \/>\n\t<meta property=\"og:image:type\" content=\"image\/webp\" \/>\n<meta name=\"twitter:card\" content=\"summary_large_image\" \/>\n<meta name=\"twitter:label1\" content=\"Temps estimat de lectura\" \/>\n\t<meta name=\"twitter:data1\" content=\"2 minuts\" \/>\n<script type=\"application\/ld+json\" class=\"yoast-schema-graph\">{\"@context\":\"https:\\\/\\\/schema.org\",\"@graph\":[{\"@type\":\"WebPage\",\"@id\":\"https:\\\/\\\/calvia365eshop.com\\\/ca\\\/botiga\\\/t-shirt-chwomen24\\\/\",\"url\":\"https:\\\/\\\/calvia365eshop.com\\\/ca\\\/botiga\\\/t-shirt-chwomen24\\\/\",\"name\":\"Samarreta - CHWOMEN 24 - Calvia 365 eShop\",\"isPartOf\":{\"@id\":\"https:\\\/\\\/calvia365eshop.com\\\/ca\\\/#website\"},\"primaryImageOfPage\":{\"@id\":\"https:\\\/\\\/calvia365eshop.com\\\/ca\\\/botiga\\\/t-shirt-chwomen24\\\/#primaryimage\"},\"image\":{\"@id\":\"https:\\\/\\\/calvia365eshop.com\\\/ca\\\/botiga\\\/t-shirt-chwomen24\\\/#primaryimage\"},\"thumbnailUrl\":\"https:\\\/\\\/i0.wp.com\\\/calvia365eshop.com\\\/wp-content\\\/uploads\\\/2024\\\/12\\\/challenge-women-mallorca-camiseta-2024.webp?fit=1350%2C1080&ssl=1\",\"datePublished\":\"2024-12-03T08:44:50+00:00\",\"dateModified\":\"2025-05-15T12:35:25+00:00\",\"breadcrumb\":{\"@id\":\"https:\\\/\\\/calvia365eshop.com\\\/ca\\\/botiga\\\/t-shirt-chwomen24\\\/#breadcrumb\"},\"inLanguage\":\"ca\",\"potentialAction\":[{\"@type\":\"ReadAction\",\"target\":[\"https:\\\/\\\/calvia365eshop.com\\\/ca\\\/botiga\\\/t-shirt-chwomen24\\\/\"]}]},{\"@type\":\"ImageObject\",\"inLanguage\":\"ca\",\"@id\":\"https:\\\/\\\/calvia365eshop.com\\\/ca\\\/botiga\\\/t-shirt-chwomen24\\\/#primaryimage\",\"url\":\"https:\\\/\\\/i0.wp.com\\\/calvia365eshop.com\\\/wp-content\\\/uploads\\\/2024\\\/12\\\/challenge-women-mallorca-camiseta-2024.webp?fit=1350%2C1080&ssl=1\",\"contentUrl\":\"https:\\\/\\\/i0.wp.com\\\/calvia365eshop.com\\\/wp-content\\\/uploads\\\/2024\\\/12\\\/challenge-women-mallorca-camiseta-2024.webp?fit=1350%2C1080&ssl=1\",\"width\":1350,\"height\":1080},{\"@type\":\"BreadcrumbList\",\"@id\":\"https:\\\/\\\/calvia365eshop.com\\\/ca\\\/botiga\\\/t-shirt-chwomen24\\\/#breadcrumb\",\"itemListElement\":[{\"@type\":\"ListItem\",\"position\":1,\"name\":\"Portada\",\"item\":\"https:\\\/\\\/calvia365eshop.com\\\/ca\\\/\"},{\"@type\":\"ListItem\",\"position\":2,\"name\":\"Botiga\",\"item\":\"https:\\\/\\\/calvia365eshop.com\\\/ca\\\/botiga\\\/\"},{\"@type\":\"ListItem\",\"position\":3,\"name\":\"Samarreta &#8211; CHWOMEN 24\"}]},{\"@type\":\"WebSite\",\"@id\":\"https:\\\/\\\/calvia365eshop.com\\\/ca\\\/#website\",\"url\":\"https:\\\/\\\/calvia365eshop.com\\\/ca\\\/\",\"name\":\"Calvia 365 eShop\",\"description\":\"\",\"publisher\":{\"@id\":\"https:\\\/\\\/calvia365eshop.com\\\/ca\\\/#organization\"},\"potentialAction\":[{\"@type\":\"SearchAction\",\"target\":{\"@type\":\"EntryPoint\",\"urlTemplate\":\"https:\\\/\\\/calvia365eshop.com\\\/ca\\\/?s={search_term_string}\"},\"query-input\":{\"@type\":\"PropertyValueSpecification\",\"valueRequired\":true,\"valueName\":\"search_term_string\"}}],\"inLanguage\":\"ca\"},{\"@type\":\"Organization\",\"@id\":\"https:\\\/\\\/calvia365eshop.com\\\/ca\\\/#organization\",\"name\":\"Calvia 365 eShop\",\"url\":\"https:\\\/\\\/calvia365eshop.com\\\/ca\\\/\",\"logo\":{\"@type\":\"ImageObject\",\"inLanguage\":\"ca\",\"@id\":\"https:\\\/\\\/calvia365eshop.com\\\/ca\\\/#\\\/schema\\\/logo\\\/image\\\/\",\"url\":\"https:\\\/\\\/i0.wp.com\\\/calvia365eshop.com\\\/wp-content\\\/uploads\\\/2023\\\/10\\\/Visitcalvia-logo-vector-azul.png?fit=8440%2C1556&ssl=1\",\"contentUrl\":\"https:\\\/\\\/i0.wp.com\\\/calvia365eshop.com\\\/wp-content\\\/uploads\\\/2023\\\/10\\\/Visitcalvia-logo-vector-azul.png?fit=8440%2C1556&ssl=1\",\"width\":8440,\"height\":1556,\"caption\":\"Calvia 365 eShop\"},\"image\":{\"@id\":\"https:\\\/\\\/calvia365eshop.com\\\/ca\\\/#\\\/schema\\\/logo\\\/image\\\/\"}}]}<\/script>\n<!-- \/ Yoast SEO plugin. -->","yoast_head_json":{"title":"Samarreta - CHWOMEN 24 - Calvia 365 eShop","robots":{"index":"index","follow":"follow","max-snippet":"max-snippet:-1","max-image-preview":"max-image-preview:large","max-video-preview":"max-video-preview:-1"},"canonical":"https:\/\/calvia365eshop.com\/ca\/botiga\/t-shirt-chwomen24\/","og_locale":"ca_ES","og_type":"article","og_title":"Samarreta - CHWOMEN 24 - Calvia 365 eShop","og_description":"Samarreta \u2013\u00a0Challenge\u00a0women\u00a02024 \u2013 Edici\u00f3 Limitada\u00a0 Corre amb estil i comoditat amb la samarreta exclusiva. Dissenyada per a oferir-te m\u00e0xim rendiment, el seu teixit lleuger, suau i t\u00e8cnic t&#8217;acompanyar\u00e0 en cada quil\u00f2metre, ja sigui en senderes de muntanya o en el teu entrenament diari.","og_url":"https:\/\/calvia365eshop.com\/ca\/botiga\/t-shirt-chwomen24\/","og_site_name":"Calvia 365 eShop","article_modified_time":"2025-05-15T12:35:25+00:00","og_image":[{"width":1350,"height":1080,"url":"https:\/\/calvia365eshop.com\/wp-content\/uploads\/2024\/12\/challenge-women-mallorca-camiseta-2024.webp","type":"image\/webp"}],"twitter_card":"summary_large_image","twitter_misc":{"Temps estimat de lectura":"2 minuts"},"schema":{"@context":"https:\/\/schema.org","@graph":[{"@type":"WebPage","@id":"https:\/\/calvia365eshop.com\/ca\/botiga\/t-shirt-chwomen24\/","url":"https:\/\/calvia365eshop.com\/ca\/botiga\/t-shirt-chwomen24\/","name":"Samarreta - CHWOMEN 24 - Calvia 365 eShop","isPartOf":{"@id":"https:\/\/calvia365eshop.com\/ca\/#website"},"primaryImageOfPage":{"@id":"https:\/\/calvia365eshop.com\/ca\/botiga\/t-shirt-chwomen24\/#primaryimage"},"image":{"@id":"https:\/\/calvia365eshop.com\/ca\/botiga\/t-shirt-chwomen24\/#primaryimage"},"thumbnailUrl":"https:\/\/i0.wp.com\/calvia365eshop.com\/wp-content\/uploads\/2024\/12\/challenge-women-mallorca-camiseta-2024.webp?fit=1350%2C1080&ssl=1","datePublished":"2024-12-03T08:44:50+00:00","dateModified":"2025-05-15T12:35:25+00:00","breadcrumb":{"@id":"https:\/\/calvia365eshop.com\/ca\/botiga\/t-shirt-chwomen24\/#breadcrumb"},"inLanguage":"ca","potentialAction":[{"@type":"ReadAction","target":["https:\/\/calvia365eshop.com\/ca\/botiga\/t-shirt-chwomen24\/"]}]},{"@type":"ImageObject","inLanguage":"ca","@id":"https:\/\/calvia365eshop.com\/ca\/botiga\/t-shirt-chwomen24\/#primaryimage","url":"https:\/\/i0.wp.com\/calvia365eshop.com\/wp-content\/uploads\/2024\/12\/challenge-women-mallorca-camiseta-2024.webp?fit=1350%2C1080&ssl=1","contentUrl":"https:\/\/i0.wp.com\/calvia365eshop.com\/wp-content\/uploads\/2024\/12\/challenge-women-mallorca-camiseta-2024.webp?fit=1350%2C1080&ssl=1","width":1350,"height":1080},{"@type":"BreadcrumbList","@id":"https:\/\/calvia365eshop.com\/ca\/botiga\/t-shirt-chwomen24\/#breadcrumb","itemListElement":[{"@type":"ListItem","position":1,"name":"Portada","item":"https:\/\/calvia365eshop.com\/ca\/"},{"@type":"ListItem","position":2,"name":"Botiga","item":"https:\/\/calvia365eshop.com\/ca\/botiga\/"},{"@type":"ListItem","position":3,"name":"Samarreta &#8211; CHWOMEN 24"}]},{"@type":"WebSite","@id":"https:\/\/calvia365eshop.com\/ca\/#website","url":"https:\/\/calvia365eshop.com\/ca\/","name":"Calvia 365 eShop","description":"","publisher":{"@id":"https:\/\/calvia365eshop.com\/ca\/#organization"},"potentialAction":[{"@type":"SearchAction","target":{"@type":"EntryPoint","urlTemplate":"https:\/\/calvia365eshop.com\/ca\/?s={search_term_string}"},"query-input":{"@type":"PropertyValueSpecification","valueRequired":true,"valueName":"search_term_string"}}],"inLanguage":"ca"},{"@type":"Organization","@id":"https:\/\/calvia365eshop.com\/ca\/#organization","name":"Calvia 365 eShop","url":"https:\/\/calvia365eshop.com\/ca\/","logo":{"@type":"ImageObject","inLanguage":"ca","@id":"https:\/\/calvia365eshop.com\/ca\/#\/schema\/logo\/image\/","url":"https:\/\/i0.wp.com\/calvia365eshop.com\/wp-content\/uploads\/2023\/10\/Visitcalvia-logo-vector-azul.png?fit=8440%2C1556&ssl=1","contentUrl":"https:\/\/i0.wp.com\/calvia365eshop.com\/wp-content\/uploads\/2023\/10\/Visitcalvia-logo-vector-azul.png?fit=8440%2C1556&ssl=1","width":8440,"height":1556,"caption":"Calvia 365 eShop"},"image":{"@id":"https:\/\/calvia365eshop.com\/ca\/#\/schema\/logo\/image\/"}}]}},"jetpack_likes_enabled":true,"jetpack_sharing_enabled":true,"jetpack-related-posts":[{"id":4173,"url":"https:\/\/calvia365eshop.com\/ca\/botiga\/samarreta-half-marathon-magaluf-2025\/","url_meta":{"origin":2989,"position":0},"title":"Samarreta &#8211; Half Marathon Magaluf 2025","author":"fundacioncalvia365","date":"28 de mar\u00e7 de 2025","format":false,"excerpt":"Samarreta Oficial Half Marathon Magaluf 2025 \u2013 Edici\u00f3 Limitada \ud83c\udfc3\u200d\u2640\ufe0f\ud83d\udd25 Corre amb estil i comoditat amb la samarreta exclusiva. Dissenyada per a oferir-te m\u00e0xim rendiment, el seu teixit lleuger, suau i t\u00e8cnic t'acompanyar\u00e0 en cada quil\u00f2metre, ja sigui en senderes de muntanya o en el teu entrenament diari. \ufe0f","rel":"","context":"Entrada similar","block_context":{"text":"Entrada similar","link":""},"img":{"alt_text":"","src":"https:\/\/i0.wp.com\/calvia365eshop.com\/wp-content\/uploads\/2025\/03\/half-marathon-magaluf-camiseta-2025.webp?fit=1200%2C960&ssl=1&resize=350%2C200","width":350,"height":200,"srcset":"https:\/\/i0.wp.com\/calvia365eshop.com\/wp-content\/uploads\/2025\/03\/half-marathon-magaluf-camiseta-2025.webp?fit=1200%2C960&ssl=1&resize=350%2C200 1x, https:\/\/i0.wp.com\/calvia365eshop.com\/wp-content\/uploads\/2025\/03\/half-marathon-magaluf-camiseta-2025.webp?fit=1200%2C960&ssl=1&resize=525%2C300 1.5x, https:\/\/i0.wp.com\/calvia365eshop.com\/wp-content\/uploads\/2025\/03\/half-marathon-magaluf-camiseta-2025.webp?fit=1200%2C960&ssl=1&resize=700%2C400 2x, https:\/\/i0.wp.com\/calvia365eshop.com\/wp-content\/uploads\/2025\/03\/half-marathon-magaluf-camiseta-2025.webp?fit=1200%2C960&ssl=1&resize=1050%2C600 3x"},"classes":[]},{"id":2117,"url":"https:\/\/calvia365eshop.com\/ca\/botiga\/camiseta-galatzo-trail-2022\/","url_meta":{"origin":2989,"position":1},"title":"Samarreta &#8211; Galatz\u00f3 Trail 2022","author":"calviaeshop","date":"14 de novembre de 2023","format":false,"excerpt":"Samarreta Oficial\u00a0Galatz\u00f3\u00a0Trail\u00a02022 \u2013 Edici\u00f3 Limitada Corre amb estil i comoditat amb la samarreta exclusiva. Dissenyada per a oferir-te m\u00e0xim rendiment, el seu teixit lleuger, suau i t\u00e8cnic t'acompanyar\u00e0 en cada quil\u00f2metre, ja sigui en senderes de muntanya o en el teu entrenament diari.","rel":"","context":"Entrada similar","block_context":{"text":"Entrada similar","link":""},"img":{"alt_text":"","src":"https:\/\/i0.wp.com\/calvia365eshop.com\/wp-content\/uploads\/2023\/11\/gt22-calvia365eshop-1.webp?fit=1200%2C960&ssl=1&resize=350%2C200","width":350,"height":200,"srcset":"https:\/\/i0.wp.com\/calvia365eshop.com\/wp-content\/uploads\/2023\/11\/gt22-calvia365eshop-1.webp?fit=1200%2C960&ssl=1&resize=350%2C200 1x, https:\/\/i0.wp.com\/calvia365eshop.com\/wp-content\/uploads\/2023\/11\/gt22-calvia365eshop-1.webp?fit=1200%2C960&ssl=1&resize=525%2C300 1.5x, https:\/\/i0.wp.com\/calvia365eshop.com\/wp-content\/uploads\/2023\/11\/gt22-calvia365eshop-1.webp?fit=1200%2C960&ssl=1&resize=700%2C400 2x, https:\/\/i0.wp.com\/calvia365eshop.com\/wp-content\/uploads\/2023\/11\/gt22-calvia365eshop-1.webp?fit=1200%2C960&ssl=1&resize=1050%2C600 3x"},"classes":[]},{"id":2129,"url":"https:\/\/calvia365eshop.com\/ca\/botiga\/camiseta-galatzo-trail-2023\/","url_meta":{"origin":2989,"position":2},"title":"Samarreta &#8211; Galatz\u00f3 Trail 2023","author":"calviaeshop","date":"14 de novembre de 2023","format":false,"excerpt":"Samarreta Oficial\u00a0Galatz\u00f3\u00a0Trail\u00a02023 \u2013 Edici\u00f3 Limitada\u00a0 Corre amb estil i comoditat amb la samarreta exclusiva de la\u00a0Galatz\u00f3\u00a0Trail\u00a02023. Dissenyada per a oferir-te m\u00e0xim rendiment, el seu teixit lleuger, suau i t\u00e8cnic t'acompanyar\u00e0 en cada quil\u00f2metre, ja sigui en senderes de muntanya o en el teu entrenament diari.","rel":"","context":"Entrada similar","block_context":{"text":"Entrada similar","link":""},"img":{"alt_text":"","src":"https:\/\/i0.wp.com\/calvia365eshop.com\/wp-content\/uploads\/2023\/11\/galatzo-trail-camiseta-2023.webp?fit=1200%2C960&ssl=1&resize=350%2C200","width":350,"height":200,"srcset":"https:\/\/i0.wp.com\/calvia365eshop.com\/wp-content\/uploads\/2023\/11\/galatzo-trail-camiseta-2023.webp?fit=1200%2C960&ssl=1&resize=350%2C200 1x, https:\/\/i0.wp.com\/calvia365eshop.com\/wp-content\/uploads\/2023\/11\/galatzo-trail-camiseta-2023.webp?fit=1200%2C960&ssl=1&resize=525%2C300 1.5x, https:\/\/i0.wp.com\/calvia365eshop.com\/wp-content\/uploads\/2023\/11\/galatzo-trail-camiseta-2023.webp?fit=1200%2C960&ssl=1&resize=700%2C400 2x, https:\/\/i0.wp.com\/calvia365eshop.com\/wp-content\/uploads\/2023\/11\/galatzo-trail-camiseta-2023.webp?fit=1200%2C960&ssl=1&resize=1050%2C600 3x"},"classes":[]},{"id":2839,"url":"https:\/\/calvia365eshop.com\/ca\/botiga\/camiseta-galatzo-trail-2024\/","url_meta":{"origin":2989,"position":3},"title":"Samarreta &#8211; Galatz\u00f3 Trail 2024","author":"fundacioncalvia365","date":"2 de desembre de 2024","format":false,"excerpt":"Samarreta Oficial\u00a0Galatz\u00f3\u00a0Trail\u00a02024 \u2013 Edici\u00f3 Limitada\u00a0 Corre amb estil i comoditat amb la samarreta exclusiva de la\u00a0Galatz\u00f3\u00a0Trail\u00a02024. Dissenyada per a oferir-te m\u00e0xim rendiment, el seu teixit lleuger, suau i t\u00e8cnic t'acompanyar\u00e0 en cada quil\u00f2metre, ja sigui en senderes de muntanya o en el teu entrenament diari.","rel":"","context":"Entrada similar","block_context":{"text":"Entrada similar","link":""},"img":{"alt_text":"","src":"https:\/\/i0.wp.com\/calvia365eshop.com\/wp-content\/uploads\/2024\/12\/galatzo-trail-camiseta-2024.webp?fit=1200%2C960&ssl=1&resize=350%2C200","width":350,"height":200,"srcset":"https:\/\/i0.wp.com\/calvia365eshop.com\/wp-content\/uploads\/2024\/12\/galatzo-trail-camiseta-2024.webp?fit=1200%2C960&ssl=1&resize=350%2C200 1x, https:\/\/i0.wp.com\/calvia365eshop.com\/wp-content\/uploads\/2024\/12\/galatzo-trail-camiseta-2024.webp?fit=1200%2C960&ssl=1&resize=525%2C300 1.5x, https:\/\/i0.wp.com\/calvia365eshop.com\/wp-content\/uploads\/2024\/12\/galatzo-trail-camiseta-2024.webp?fit=1200%2C960&ssl=1&resize=700%2C400 2x, https:\/\/i0.wp.com\/calvia365eshop.com\/wp-content\/uploads\/2024\/12\/galatzo-trail-camiseta-2024.webp?fit=1200%2C960&ssl=1&resize=1050%2C600 3x"},"classes":[]},{"id":3108,"url":"https:\/\/calvia365eshop.com\/ca\/botiga\/t-shirt-chwomen-23\/","url_meta":{"origin":2989,"position":4},"title":"Samarreta  &#8211; CHWOMEN 23","author":"fundacioncalvia365","date":"3 de desembre de 2024","format":false,"excerpt":"Samarreta \u2013\u00a0Challenge\u00a0women\u00a02023 \u2013 Edici\u00f3 Limitada\u00a0 Corre amb estil i comoditat amb la samarreta exclusiva. Dissenyada per a oferir-te m\u00e0xim rendiment, el seu teixit lleuger, suau i t\u00e8cnic t'acompanyar\u00e0 en cada quil\u00f2metre, ja sigui en senderes de muntanya o en el teu entrenament diari.","rel":"","context":"Entrada similar","block_context":{"text":"Entrada similar","link":""},"img":{"alt_text":"","src":"https:\/\/i0.wp.com\/calvia365eshop.com\/wp-content\/uploads\/2024\/12\/challenge-women-mallorca-camiseta-2023.webp?fit=1200%2C960&ssl=1&resize=350%2C200","width":350,"height":200,"srcset":"https:\/\/i0.wp.com\/calvia365eshop.com\/wp-content\/uploads\/2024\/12\/challenge-women-mallorca-camiseta-2023.webp?fit=1200%2C960&ssl=1&resize=350%2C200 1x, https:\/\/i0.wp.com\/calvia365eshop.com\/wp-content\/uploads\/2024\/12\/challenge-women-mallorca-camiseta-2023.webp?fit=1200%2C960&ssl=1&resize=525%2C300 1.5x, https:\/\/i0.wp.com\/calvia365eshop.com\/wp-content\/uploads\/2024\/12\/challenge-women-mallorca-camiseta-2023.webp?fit=1200%2C960&ssl=1&resize=700%2C400 2x, https:\/\/i0.wp.com\/calvia365eshop.com\/wp-content\/uploads\/2024\/12\/challenge-women-mallorca-camiseta-2023.webp?fit=1200%2C960&ssl=1&resize=1050%2C600 3x"},"classes":[]},{"id":4171,"url":"https:\/\/calvia365eshop.com\/ca\/botiga\/camiseta-galatzo-trail-2025\/","url_meta":{"origin":2989,"position":5},"title":"Samarreta Galatz\u00f3 Trail 2025","author":"fundacioncalvia365","date":"22 d'abril de 2025","format":false,"excerpt":"Samarreta Oficial Galatz\u00f3 Trail 2025 \u2013 Edici\u00f3 Limitada \ud83c\udfd4\ufe0f\ud83d\udd25 Corre amb estil i comoditat amb la samarreta exclusiva de la Galatz\u00f3 Trail 2025. Dissenyada per a oferir-te m\u00e0xim rendiment, el seu teixit lleuger, suau i t\u00e8cnic t'acompanyar\u00e0 en cada quil\u00f2metre, ja sigui en senderes de muntanya o en el teu\u2026","rel":"","context":"Entrada similar","block_context":{"text":"Entrada similar","link":""},"img":{"alt_text":"camiseta GT25 calvia365eshop","src":"https:\/\/i0.wp.com\/calvia365eshop.com\/wp-content\/uploads\/2025\/04\/imagenes-web-calvia365eshop.webp?fit=1181%2C945&ssl=1&resize=350%2C200","width":350,"height":200,"srcset":"https:\/\/i0.wp.com\/calvia365eshop.com\/wp-content\/uploads\/2025\/04\/imagenes-web-calvia365eshop.webp?fit=1181%2C945&ssl=1&resize=350%2C200 1x, https:\/\/i0.wp.com\/calvia365eshop.com\/wp-content\/uploads\/2025\/04\/imagenes-web-calvia365eshop.webp?fit=1181%2C945&ssl=1&resize=525%2C300 1.5x, https:\/\/i0.wp.com\/calvia365eshop.com\/wp-content\/uploads\/2025\/04\/imagenes-web-calvia365eshop.webp?fit=1181%2C945&ssl=1&resize=700%2C400 2x, https:\/\/i0.wp.com\/calvia365eshop.com\/wp-content\/uploads\/2025\/04\/imagenes-web-calvia365eshop.webp?fit=1181%2C945&ssl=1&resize=1050%2C600 3x"},"classes":[]}],"_links":{"self":[{"href":"https:\/\/calvia365eshop.com\/ca\/wp-json\/wp\/v2\/product\/2989","targetHints":{"allow":["GET"]}}],"collection":[{"href":"https:\/\/calvia365eshop.com\/ca\/wp-json\/wp\/v2\/product"}],"about":[{"href":"https:\/\/calvia365eshop.com\/ca\/wp-json\/wp\/v2\/types\/product"}],"replies":[{"embeddable":true,"href":"https:\/\/calvia365eshop.com\/ca\/wp-json\/wp\/v2\/comments?post=2989"}],"wp:featuredmedia":[{"embeddable":true,"href":"https:\/\/calvia365eshop.com\/ca\/wp-json\/wp\/v2\/media\/3696"}],"wp:attachment":[{"href":"https:\/\/calvia365eshop.com\/ca\/wp-json\/wp\/v2\/media?parent=2989"}],"wp:term":[{"taxonomy":"product_brand","embeddable":true,"href":"https:\/\/calvia365eshop.com\/ca\/wp-json\/wp\/v2\/product_brand?post=2989"},{"taxonomy":"product_cat","embeddable":true,"href":"https:\/\/calvia365eshop.com\/ca\/wp-json\/wp\/v2\/product_cat?post=2989"},{"taxonomy":"product_tag","embeddable":true,"href":"https:\/\/calvia365eshop.com\/ca\/wp-json\/wp\/v2\/product_tag?post=2989"}],"curies":[{"name":"wp","href":"https:\/\/api.w.org\/{rel}","templated":true}]}}