{"id":2924,"date":"2024-12-03T09:21:22","date_gmt":"2024-12-03T08:21:22","guid":{"rendered":"https:\/\/calvia365eshop.com\/?post_type=product&#038;p=2924"},"modified":"2025-05-15T14:30:37","modified_gmt":"2025-05-15T12:30:37","slug":"t-shirt-10-anniversary-ch","status":"publish","type":"product","link":"https:\/\/calvia365eshop.com\/ca\/botiga\/t-shirt-10-anniversary-ch\/","title":{"rendered":"Samarreta 10 aniversari \u2013 CHMALLLORCA"},"content":{"rendered":"<p>Samarreta \u2013\u00a0Challenge\u00a0Peguera\u00a0Mallorca 2024 \u2013 10a Edici\u00f3 Limitada\u00a0<img decoding=\"async\" class=\"emoji\" role=\"img\" draggable=\"false\" src=\"https:\/\/s.w.org\/images\/core\/emoji\/14.0.0\/svg\/1f3ca-200d-2642-fe0f.svg\" alt=\"\ud83c\udfca\u200d\u2642\ufe0f\" \/><img decoding=\"async\" class=\"emoji\" role=\"img\" draggable=\"false\" src=\"https:\/\/s.w.org\/images\/core\/emoji\/14.0.0\/svg\/1f6b4-200d-2640-fe0f.svg\" alt=\"\ud83d\udeb4\u200d\u2640\ufe0f\" \/><img decoding=\"async\" class=\"emoji\" role=\"img\" draggable=\"false\" src=\"https:\/\/s.w.org\/images\/core\/emoji\/14.0.0\/svg\/1f3c3-200d-2642-fe0f.svg\" alt=\"\ud83c\udfc3\u200d\u2642\ufe0f\" \/><img decoding=\"async\" class=\"emoji\" role=\"img\" draggable=\"false\" src=\"https:\/\/s.w.org\/images\/core\/emoji\/14.0.0\/svg\/1f525.svg\" alt=\"\ud83d\udd25\" \/><\/p>\n<p>Celebra la 10a edici\u00f3 del\u00a0Challenge\u00a0Peguera\u00a0Mallorca amb aquesta samarreta exclusiva, dissenyada per a oferir-te m\u00e0xim rendiment i confort. Amb un teixit lleuger, suau i t\u00e8cnic, \u00e9s perfecta tant per a entrenar com per a portar l&#8217;esperit del triatl\u00f3 a qualsevol lloc.<\/p>\n","protected":false},"excerpt":{"rendered":"<p>Samarreta \u2013\u00a0Challenge\u00a0Peguera\u00a0Mallorca 2024 \u2013 10a Edici\u00f3 Limitada\u00a0 Celebra la 10a edici\u00f3 del\u00a0Challenge\u00a0Peguera\u00a0Mallorca amb aquesta samarreta exclusiva, dissenyada per a oferir-te m\u00e0xim rendiment i confort. Amb un teixit lleuger, suau i t\u00e8cnic, \u00e9s perfecta tant per a entrenar com per a portar l&#8217;esperit del triatl\u00f3 a qualsevol lloc.<\/p>\n","protected":false},"featured_media":3682,"comment_status":"open","ping_status":"closed","template":"","meta":{"_crdt_document":""},"product_brand":[],"product_cat":[122034],"product_tag":[122064],"class_list":{"0":"post-2924","1":"product","2":"type-product","3":"status-publish","4":"has-post-thumbnail","6":"product_cat-challenge-peguera-mallorca-ca","7":"product_tag-running-t-shirt-ca","8":"pa_talla-l-ca","9":"pa_talla-m-ca","11":"first","12":"instock","13":"shipping-taxable","14":"purchasable","15":"product-type-variable"},"yoast_head":"<!-- This site is optimized with the Yoast SEO plugin v27.4 - https:\/\/yoast.com\/product\/yoast-seo-wordpress\/ -->\n<title>Samarreta 10 aniversari \u2013 CHMALLLORCA - Calvia 365 eShop<\/title>\n<meta name=\"robots\" content=\"index, follow, max-snippet:-1, max-image-preview:large, max-video-preview:-1\" \/>\n<link rel=\"canonical\" href=\"https:\/\/calvia365eshop.com\/ca\/botiga\/t-shirt-10-anniversary-ch\/\" \/>\n<meta property=\"og:locale\" content=\"ca_ES\" \/>\n<meta property=\"og:type\" content=\"article\" \/>\n<meta property=\"og:title\" content=\"Samarreta 10 aniversari \u2013 CHMALLLORCA - Calvia 365 eShop\" \/>\n<meta property=\"og:description\" content=\"Samarreta \u2013\u00a0Challenge\u00a0Peguera\u00a0Mallorca 2024 \u2013 10a Edici\u00f3 Limitada\u00a0 Celebra la 10a edici\u00f3 del\u00a0Challenge\u00a0Peguera\u00a0Mallorca amb aquesta samarreta exclusiva, dissenyada per a oferir-te m\u00e0xim rendiment i confort. Amb un teixit lleuger, suau i t\u00e8cnic, \u00e9s perfecta tant per a entrenar com per a portar l&#8217;esperit del triatl\u00f3 a qualsevol lloc.\" \/>\n<meta property=\"og:url\" content=\"https:\/\/calvia365eshop.com\/ca\/botiga\/t-shirt-10-anniversary-ch\/\" \/>\n<meta property=\"og:site_name\" content=\"Calvia 365 eShop\" \/>\n<meta property=\"article:modified_time\" content=\"2025-05-15T12:30:37+00:00\" \/>\n<meta property=\"og:image\" content=\"https:\/\/calvia365eshop.com\/wp-content\/uploads\/2024\/12\/challenge-peguera-mallorca-camiseta-2024.webp\" \/>\n\t<meta property=\"og:image:width\" content=\"1350\" \/>\n\t<meta property=\"og:image:height\" content=\"1080\" \/>\n\t<meta property=\"og:image:type\" content=\"image\/webp\" \/>\n<meta name=\"twitter:card\" content=\"summary_large_image\" \/>\n<meta name=\"twitter:label1\" content=\"Temps estimat de lectura\" \/>\n\t<meta name=\"twitter:data1\" content=\"2 minuts\" \/>\n<script type=\"application\/ld+json\" class=\"yoast-schema-graph\">{\"@context\":\"https:\\\/\\\/schema.org\",\"@graph\":[{\"@type\":\"WebPage\",\"@id\":\"https:\\\/\\\/calvia365eshop.com\\\/ca\\\/botiga\\\/t-shirt-10-anniversary-ch\\\/\",\"url\":\"https:\\\/\\\/calvia365eshop.com\\\/ca\\\/botiga\\\/t-shirt-10-anniversary-ch\\\/\",\"name\":\"Samarreta 10 aniversari \u2013 CHMALLLORCA - Calvia 365 eShop\",\"isPartOf\":{\"@id\":\"https:\\\/\\\/calvia365eshop.com\\\/ca\\\/#website\"},\"primaryImageOfPage\":{\"@id\":\"https:\\\/\\\/calvia365eshop.com\\\/ca\\\/botiga\\\/t-shirt-10-anniversary-ch\\\/#primaryimage\"},\"image\":{\"@id\":\"https:\\\/\\\/calvia365eshop.com\\\/ca\\\/botiga\\\/t-shirt-10-anniversary-ch\\\/#primaryimage\"},\"thumbnailUrl\":\"https:\\\/\\\/i0.wp.com\\\/calvia365eshop.com\\\/wp-content\\\/uploads\\\/2024\\\/12\\\/challenge-peguera-mallorca-camiseta-2024.webp?fit=1350%2C1080&ssl=1\",\"datePublished\":\"2024-12-03T08:21:22+00:00\",\"dateModified\":\"2025-05-15T12:30:37+00:00\",\"breadcrumb\":{\"@id\":\"https:\\\/\\\/calvia365eshop.com\\\/ca\\\/botiga\\\/t-shirt-10-anniversary-ch\\\/#breadcrumb\"},\"inLanguage\":\"ca\",\"potentialAction\":[{\"@type\":\"ReadAction\",\"target\":[\"https:\\\/\\\/calvia365eshop.com\\\/ca\\\/botiga\\\/t-shirt-10-anniversary-ch\\\/\"]}]},{\"@type\":\"ImageObject\",\"inLanguage\":\"ca\",\"@id\":\"https:\\\/\\\/calvia365eshop.com\\\/ca\\\/botiga\\\/t-shirt-10-anniversary-ch\\\/#primaryimage\",\"url\":\"https:\\\/\\\/i0.wp.com\\\/calvia365eshop.com\\\/wp-content\\\/uploads\\\/2024\\\/12\\\/challenge-peguera-mallorca-camiseta-2024.webp?fit=1350%2C1080&ssl=1\",\"contentUrl\":\"https:\\\/\\\/i0.wp.com\\\/calvia365eshop.com\\\/wp-content\\\/uploads\\\/2024\\\/12\\\/challenge-peguera-mallorca-camiseta-2024.webp?fit=1350%2C1080&ssl=1\",\"width\":1350,\"height\":1080},{\"@type\":\"BreadcrumbList\",\"@id\":\"https:\\\/\\\/calvia365eshop.com\\\/ca\\\/botiga\\\/t-shirt-10-anniversary-ch\\\/#breadcrumb\",\"itemListElement\":[{\"@type\":\"ListItem\",\"position\":1,\"name\":\"Portada\",\"item\":\"https:\\\/\\\/calvia365eshop.com\\\/ca\\\/\"},{\"@type\":\"ListItem\",\"position\":2,\"name\":\"Botiga\",\"item\":\"https:\\\/\\\/calvia365eshop.com\\\/ca\\\/botiga\\\/\"},{\"@type\":\"ListItem\",\"position\":3,\"name\":\"Samarreta 10 aniversari \u2013 CHMALLLORCA\"}]},{\"@type\":\"WebSite\",\"@id\":\"https:\\\/\\\/calvia365eshop.com\\\/ca\\\/#website\",\"url\":\"https:\\\/\\\/calvia365eshop.com\\\/ca\\\/\",\"name\":\"Calvia 365 eShop\",\"description\":\"\",\"publisher\":{\"@id\":\"https:\\\/\\\/calvia365eshop.com\\\/ca\\\/#organization\"},\"potentialAction\":[{\"@type\":\"SearchAction\",\"target\":{\"@type\":\"EntryPoint\",\"urlTemplate\":\"https:\\\/\\\/calvia365eshop.com\\\/ca\\\/?s={search_term_string}\"},\"query-input\":{\"@type\":\"PropertyValueSpecification\",\"valueRequired\":true,\"valueName\":\"search_term_string\"}}],\"inLanguage\":\"ca\"},{\"@type\":\"Organization\",\"@id\":\"https:\\\/\\\/calvia365eshop.com\\\/ca\\\/#organization\",\"name\":\"Calvia 365 eShop\",\"url\":\"https:\\\/\\\/calvia365eshop.com\\\/ca\\\/\",\"logo\":{\"@type\":\"ImageObject\",\"inLanguage\":\"ca\",\"@id\":\"https:\\\/\\\/calvia365eshop.com\\\/ca\\\/#\\\/schema\\\/logo\\\/image\\\/\",\"url\":\"https:\\\/\\\/i0.wp.com\\\/calvia365eshop.com\\\/wp-content\\\/uploads\\\/2023\\\/10\\\/Visitcalvia-logo-vector-azul.png?fit=8440%2C1556&ssl=1\",\"contentUrl\":\"https:\\\/\\\/i0.wp.com\\\/calvia365eshop.com\\\/wp-content\\\/uploads\\\/2023\\\/10\\\/Visitcalvia-logo-vector-azul.png?fit=8440%2C1556&ssl=1\",\"width\":8440,\"height\":1556,\"caption\":\"Calvia 365 eShop\"},\"image\":{\"@id\":\"https:\\\/\\\/calvia365eshop.com\\\/ca\\\/#\\\/schema\\\/logo\\\/image\\\/\"}}]}<\/script>\n<!-- \/ Yoast SEO plugin. -->","yoast_head_json":{"title":"Samarreta 10 aniversari \u2013 CHMALLLORCA - Calvia 365 eShop","robots":{"index":"index","follow":"follow","max-snippet":"max-snippet:-1","max-image-preview":"max-image-preview:large","max-video-preview":"max-video-preview:-1"},"canonical":"https:\/\/calvia365eshop.com\/ca\/botiga\/t-shirt-10-anniversary-ch\/","og_locale":"ca_ES","og_type":"article","og_title":"Samarreta 10 aniversari \u2013 CHMALLLORCA - Calvia 365 eShop","og_description":"Samarreta \u2013\u00a0Challenge\u00a0Peguera\u00a0Mallorca 2024 \u2013 10a Edici\u00f3 Limitada\u00a0 Celebra la 10a edici\u00f3 del\u00a0Challenge\u00a0Peguera\u00a0Mallorca amb aquesta samarreta exclusiva, dissenyada per a oferir-te m\u00e0xim rendiment i confort. Amb un teixit lleuger, suau i t\u00e8cnic, \u00e9s perfecta tant per a entrenar com per a portar l&#8217;esperit del triatl\u00f3 a qualsevol lloc.","og_url":"https:\/\/calvia365eshop.com\/ca\/botiga\/t-shirt-10-anniversary-ch\/","og_site_name":"Calvia 365 eShop","article_modified_time":"2025-05-15T12:30:37+00:00","og_image":[{"width":1350,"height":1080,"url":"https:\/\/calvia365eshop.com\/wp-content\/uploads\/2024\/12\/challenge-peguera-mallorca-camiseta-2024.webp","type":"image\/webp"}],"twitter_card":"summary_large_image","twitter_misc":{"Temps estimat de lectura":"2 minuts"},"schema":{"@context":"https:\/\/schema.org","@graph":[{"@type":"WebPage","@id":"https:\/\/calvia365eshop.com\/ca\/botiga\/t-shirt-10-anniversary-ch\/","url":"https:\/\/calvia365eshop.com\/ca\/botiga\/t-shirt-10-anniversary-ch\/","name":"Samarreta 10 aniversari \u2013 CHMALLLORCA - Calvia 365 eShop","isPartOf":{"@id":"https:\/\/calvia365eshop.com\/ca\/#website"},"primaryImageOfPage":{"@id":"https:\/\/calvia365eshop.com\/ca\/botiga\/t-shirt-10-anniversary-ch\/#primaryimage"},"image":{"@id":"https:\/\/calvia365eshop.com\/ca\/botiga\/t-shirt-10-anniversary-ch\/#primaryimage"},"thumbnailUrl":"https:\/\/i0.wp.com\/calvia365eshop.com\/wp-content\/uploads\/2024\/12\/challenge-peguera-mallorca-camiseta-2024.webp?fit=1350%2C1080&ssl=1","datePublished":"2024-12-03T08:21:22+00:00","dateModified":"2025-05-15T12:30:37+00:00","breadcrumb":{"@id":"https:\/\/calvia365eshop.com\/ca\/botiga\/t-shirt-10-anniversary-ch\/#breadcrumb"},"inLanguage":"ca","potentialAction":[{"@type":"ReadAction","target":["https:\/\/calvia365eshop.com\/ca\/botiga\/t-shirt-10-anniversary-ch\/"]}]},{"@type":"ImageObject","inLanguage":"ca","@id":"https:\/\/calvia365eshop.com\/ca\/botiga\/t-shirt-10-anniversary-ch\/#primaryimage","url":"https:\/\/i0.wp.com\/calvia365eshop.com\/wp-content\/uploads\/2024\/12\/challenge-peguera-mallorca-camiseta-2024.webp?fit=1350%2C1080&ssl=1","contentUrl":"https:\/\/i0.wp.com\/calvia365eshop.com\/wp-content\/uploads\/2024\/12\/challenge-peguera-mallorca-camiseta-2024.webp?fit=1350%2C1080&ssl=1","width":1350,"height":1080},{"@type":"BreadcrumbList","@id":"https:\/\/calvia365eshop.com\/ca\/botiga\/t-shirt-10-anniversary-ch\/#breadcrumb","itemListElement":[{"@type":"ListItem","position":1,"name":"Portada","item":"https:\/\/calvia365eshop.com\/ca\/"},{"@type":"ListItem","position":2,"name":"Botiga","item":"https:\/\/calvia365eshop.com\/ca\/botiga\/"},{"@type":"ListItem","position":3,"name":"Samarreta 10 aniversari \u2013 CHMALLLORCA"}]},{"@type":"WebSite","@id":"https:\/\/calvia365eshop.com\/ca\/#website","url":"https:\/\/calvia365eshop.com\/ca\/","name":"Calvia 365 eShop","description":"","publisher":{"@id":"https:\/\/calvia365eshop.com\/ca\/#organization"},"potentialAction":[{"@type":"SearchAction","target":{"@type":"EntryPoint","urlTemplate":"https:\/\/calvia365eshop.com\/ca\/?s={search_term_string}"},"query-input":{"@type":"PropertyValueSpecification","valueRequired":true,"valueName":"search_term_string"}}],"inLanguage":"ca"},{"@type":"Organization","@id":"https:\/\/calvia365eshop.com\/ca\/#organization","name":"Calvia 365 eShop","url":"https:\/\/calvia365eshop.com\/ca\/","logo":{"@type":"ImageObject","inLanguage":"ca","@id":"https:\/\/calvia365eshop.com\/ca\/#\/schema\/logo\/image\/","url":"https:\/\/i0.wp.com\/calvia365eshop.com\/wp-content\/uploads\/2023\/10\/Visitcalvia-logo-vector-azul.png?fit=8440%2C1556&ssl=1","contentUrl":"https:\/\/i0.wp.com\/calvia365eshop.com\/wp-content\/uploads\/2023\/10\/Visitcalvia-logo-vector-azul.png?fit=8440%2C1556&ssl=1","width":8440,"height":1556,"caption":"Calvia 365 eShop"},"image":{"@id":"https:\/\/calvia365eshop.com\/ca\/#\/schema\/logo\/image\/"}}]}},"jetpack_likes_enabled":false,"jetpack_sharing_enabled":false,"jetpack-related-posts":[{"id":2142,"url":"https:\/\/calvia365eshop.com\/ca\/botiga\/t-shirt-chmalllorca-tela-de-llengues\/","url_meta":{"origin":2924,"position":0},"title":"Samarreta &#8211; CHMALLLORCA 2022","author":"calviaeshop","date":"14 de novembre de 2023","format":false,"excerpt":"Samarreta \u2013\u00a0Challenge\u00a0Peguera\u00a0Mallorca 2022 \u2013 Edici\u00f3 Limitada\u00a0 Corre, pedala i res amb estil gr\u00e0cies a la samarreta exclusiva del\u00a0Challenge\u00a0Peguera\u00a0Mallorca 2022. Dissenyada per a oferir-te m\u00e0xim rendiment i confort, el seu teixit lleuger, suau i t\u00e8cnic \u00e9s perfecte tant per a entrenar com per a lluir la teva passi\u00f3 pel triatl\u00f3.","rel":"","context":"Entrada similar","block_context":{"text":"Entrada similar","link":""},"img":{"alt_text":"","src":"https:\/\/i0.wp.com\/calvia365eshop.com\/wp-content\/uploads\/2023\/11\/challenge-peguera-mallorca-camiseta-2022.webp?fit=1200%2C960&ssl=1&resize=350%2C200","width":350,"height":200,"srcset":"https:\/\/i0.wp.com\/calvia365eshop.com\/wp-content\/uploads\/2023\/11\/challenge-peguera-mallorca-camiseta-2022.webp?fit=1200%2C960&ssl=1&resize=350%2C200 1x, https:\/\/i0.wp.com\/calvia365eshop.com\/wp-content\/uploads\/2023\/11\/challenge-peguera-mallorca-camiseta-2022.webp?fit=1200%2C960&ssl=1&resize=525%2C300 1.5x, https:\/\/i0.wp.com\/calvia365eshop.com\/wp-content\/uploads\/2023\/11\/challenge-peguera-mallorca-camiseta-2022.webp?fit=1200%2C960&ssl=1&resize=700%2C400 2x, https:\/\/i0.wp.com\/calvia365eshop.com\/wp-content\/uploads\/2023\/11\/challenge-peguera-mallorca-camiseta-2022.webp?fit=1200%2C960&ssl=1&resize=1050%2C600 3x"},"classes":[]},{"id":2146,"url":"https:\/\/calvia365eshop.com\/ca\/botiga\/t-shirt-chmalllorca-dimoni\/","url_meta":{"origin":2924,"position":1},"title":"Samarreta &#8211; CHMALLLORCA 2023","author":"calviaeshop","date":"14 de novembre de 2023","format":false,"excerpt":"Samarreta \u2013\u00a0Challenge\u00a0Peguera\u00a0Mallorca 2023 \u2013 Edici\u00f3 Limitada\u00a0 Corre, pedala i res amb estil gr\u00e0cies a la samarreta exclusiva del\u00a0Challenge\u00a0Peguera\u00a0Mallorca 2023. Dissenyada per a oferir-te m\u00e0xim rendiment i confort, el seu teixit lleuger, suau i t\u00e8cnic \u00e9s perfecte tant per a entrenar com per a lluir la teva passi\u00f3 pel triatl\u00f3.","rel":"","context":"Entrada similar","block_context":{"text":"Entrada similar","link":""},"img":{"alt_text":"","src":"https:\/\/i0.wp.com\/calvia365eshop.com\/wp-content\/uploads\/2023\/11\/challenge-peguera-mallorca-camiseta-2023.webp?fit=1200%2C960&ssl=1&resize=350%2C200","width":350,"height":200,"srcset":"https:\/\/i0.wp.com\/calvia365eshop.com\/wp-content\/uploads\/2023\/11\/challenge-peguera-mallorca-camiseta-2023.webp?fit=1200%2C960&ssl=1&resize=350%2C200 1x, https:\/\/i0.wp.com\/calvia365eshop.com\/wp-content\/uploads\/2023\/11\/challenge-peguera-mallorca-camiseta-2023.webp?fit=1200%2C960&ssl=1&resize=525%2C300 1.5x, https:\/\/i0.wp.com\/calvia365eshop.com\/wp-content\/uploads\/2023\/11\/challenge-peguera-mallorca-camiseta-2023.webp?fit=1200%2C960&ssl=1&resize=700%2C400 2x, https:\/\/i0.wp.com\/calvia365eshop.com\/wp-content\/uploads\/2023\/11\/challenge-peguera-mallorca-camiseta-2023.webp?fit=1200%2C960&ssl=1&resize=1050%2C600 3x"},"classes":[]},{"id":2989,"url":"https:\/\/calvia365eshop.com\/ca\/botiga\/t-shirt-chwomen24\/","url_meta":{"origin":2924,"position":2},"title":"Samarreta &#8211; CHWOMEN 24","author":"fundacioncalvia365","date":"3 de desembre de 2024","format":false,"excerpt":"Samarreta \u2013\u00a0Challenge\u00a0women\u00a02024 \u2013 Edici\u00f3 Limitada\u00a0 Corre amb estil i comoditat amb la samarreta exclusiva. Dissenyada per a oferir-te m\u00e0xim rendiment, el seu teixit lleuger, suau i t\u00e8cnic t'acompanyar\u00e0 en cada quil\u00f2metre, ja sigui en senderes de muntanya o en el teu entrenament diari.","rel":"","context":"Entrada similar","block_context":{"text":"Entrada similar","link":""},"img":{"alt_text":"","src":"https:\/\/i0.wp.com\/calvia365eshop.com\/wp-content\/uploads\/2024\/12\/challenge-women-mallorca-camiseta-2024.webp?fit=1200%2C960&ssl=1&resize=350%2C200","width":350,"height":200,"srcset":"https:\/\/i0.wp.com\/calvia365eshop.com\/wp-content\/uploads\/2024\/12\/challenge-women-mallorca-camiseta-2024.webp?fit=1200%2C960&ssl=1&resize=350%2C200 1x, https:\/\/i0.wp.com\/calvia365eshop.com\/wp-content\/uploads\/2024\/12\/challenge-women-mallorca-camiseta-2024.webp?fit=1200%2C960&ssl=1&resize=525%2C300 1.5x, https:\/\/i0.wp.com\/calvia365eshop.com\/wp-content\/uploads\/2024\/12\/challenge-women-mallorca-camiseta-2024.webp?fit=1200%2C960&ssl=1&resize=700%2C400 2x, https:\/\/i0.wp.com\/calvia365eshop.com\/wp-content\/uploads\/2024\/12\/challenge-women-mallorca-camiseta-2024.webp?fit=1200%2C960&ssl=1&resize=1050%2C600 3x"},"classes":[]},{"id":3108,"url":"https:\/\/calvia365eshop.com\/ca\/botiga\/t-shirt-chwomen-23\/","url_meta":{"origin":2924,"position":3},"title":"Samarreta  &#8211; CHWOMEN 23","author":"fundacioncalvia365","date":"3 de desembre de 2024","format":false,"excerpt":"Samarreta \u2013\u00a0Challenge\u00a0women\u00a02023 \u2013 Edici\u00f3 Limitada\u00a0 Corre amb estil i comoditat amb la samarreta exclusiva. Dissenyada per a oferir-te m\u00e0xim rendiment, el seu teixit lleuger, suau i t\u00e8cnic t'acompanyar\u00e0 en cada quil\u00f2metre, ja sigui en senderes de muntanya o en el teu entrenament diari.","rel":"","context":"Entrada similar","block_context":{"text":"Entrada similar","link":""},"img":{"alt_text":"","src":"https:\/\/i0.wp.com\/calvia365eshop.com\/wp-content\/uploads\/2024\/12\/challenge-women-mallorca-camiseta-2023.webp?fit=1200%2C960&ssl=1&resize=350%2C200","width":350,"height":200,"srcset":"https:\/\/i0.wp.com\/calvia365eshop.com\/wp-content\/uploads\/2024\/12\/challenge-women-mallorca-camiseta-2023.webp?fit=1200%2C960&ssl=1&resize=350%2C200 1x, https:\/\/i0.wp.com\/calvia365eshop.com\/wp-content\/uploads\/2024\/12\/challenge-women-mallorca-camiseta-2023.webp?fit=1200%2C960&ssl=1&resize=525%2C300 1.5x, https:\/\/i0.wp.com\/calvia365eshop.com\/wp-content\/uploads\/2024\/12\/challenge-women-mallorca-camiseta-2023.webp?fit=1200%2C960&ssl=1&resize=700%2C400 2x, https:\/\/i0.wp.com\/calvia365eshop.com\/wp-content\/uploads\/2024\/12\/challenge-women-mallorca-camiseta-2023.webp?fit=1200%2C960&ssl=1&resize=1050%2C600 3x"},"classes":[]},{"id":4173,"url":"https:\/\/calvia365eshop.com\/ca\/botiga\/samarreta-half-marathon-magaluf-2025\/","url_meta":{"origin":2924,"position":4},"title":"Samarreta &#8211; Half Marathon Magaluf 2025","author":"fundacioncalvia365","date":"28 de mar\u00e7 de 2025","format":false,"excerpt":"Samarreta Oficial Half Marathon Magaluf 2025 \u2013 Edici\u00f3 Limitada \ud83c\udfc3\u200d\u2640\ufe0f\ud83d\udd25 Corre amb estil i comoditat amb la samarreta exclusiva. Dissenyada per a oferir-te m\u00e0xim rendiment, el seu teixit lleuger, suau i t\u00e8cnic t'acompanyar\u00e0 en cada quil\u00f2metre, ja sigui en senderes de muntanya o en el teu entrenament diari. \ufe0f","rel":"","context":"Entrada similar","block_context":{"text":"Entrada similar","link":""},"img":{"alt_text":"","src":"https:\/\/i0.wp.com\/calvia365eshop.com\/wp-content\/uploads\/2025\/03\/half-marathon-magaluf-camiseta-2025.webp?fit=1200%2C960&ssl=1&resize=350%2C200","width":350,"height":200,"srcset":"https:\/\/i0.wp.com\/calvia365eshop.com\/wp-content\/uploads\/2025\/03\/half-marathon-magaluf-camiseta-2025.webp?fit=1200%2C960&ssl=1&resize=350%2C200 1x, https:\/\/i0.wp.com\/calvia365eshop.com\/wp-content\/uploads\/2025\/03\/half-marathon-magaluf-camiseta-2025.webp?fit=1200%2C960&ssl=1&resize=525%2C300 1.5x, https:\/\/i0.wp.com\/calvia365eshop.com\/wp-content\/uploads\/2025\/03\/half-marathon-magaluf-camiseta-2025.webp?fit=1200%2C960&ssl=1&resize=700%2C400 2x, https:\/\/i0.wp.com\/calvia365eshop.com\/wp-content\/uploads\/2025\/03\/half-marathon-magaluf-camiseta-2025.webp?fit=1200%2C960&ssl=1&resize=1050%2C600 3x"},"classes":[]},{"id":2109,"url":"https:\/\/calvia365eshop.com\/ca\/botiga\/camiseta-half-marathon-magalauf-2023\/","url_meta":{"origin":2924,"position":5},"title":"Samarreta \u2013\u00a0Half\u00a0Marathon\u00a0Magaluf\u00a02023","author":"calviaeshop","date":"14 de novembre de 2023","format":false,"excerpt":"Samarreta Oficial Half Marathon Magaluf 2023 \u2013 Edici\u00f3 Limitada\u00a0 Descobreix la samarreta exclusiva de la\u00a0Half\u00a0Marathon\u00a0Magaluf\u00a02023, dissenyada per a oferir-te m\u00e0xim confort i rendiment. Amb un teixit lleuger, suau i t\u00e8cnic, \u00e9s perfecta tant per a c\u00f3rrer com per al dia a dia.","rel":"","context":"Entrada similar","block_context":{"text":"Entrada similar","link":""},"img":{"alt_text":"","src":"https:\/\/i0.wp.com\/calvia365eshop.com\/wp-content\/uploads\/2023\/11\/half-marathon-magaluf-camiseta-2023.webp?fit=1200%2C960&ssl=1&resize=350%2C200","width":350,"height":200,"srcset":"https:\/\/i0.wp.com\/calvia365eshop.com\/wp-content\/uploads\/2023\/11\/half-marathon-magaluf-camiseta-2023.webp?fit=1200%2C960&ssl=1&resize=350%2C200 1x, https:\/\/i0.wp.com\/calvia365eshop.com\/wp-content\/uploads\/2023\/11\/half-marathon-magaluf-camiseta-2023.webp?fit=1200%2C960&ssl=1&resize=525%2C300 1.5x, https:\/\/i0.wp.com\/calvia365eshop.com\/wp-content\/uploads\/2023\/11\/half-marathon-magaluf-camiseta-2023.webp?fit=1200%2C960&ssl=1&resize=700%2C400 2x, https:\/\/i0.wp.com\/calvia365eshop.com\/wp-content\/uploads\/2023\/11\/half-marathon-magaluf-camiseta-2023.webp?fit=1200%2C960&ssl=1&resize=1050%2C600 3x"},"classes":[]}],"_links":{"self":[{"href":"https:\/\/calvia365eshop.com\/ca\/wp-json\/wp\/v2\/product\/2924","targetHints":{"allow":["GET"]}}],"collection":[{"href":"https:\/\/calvia365eshop.com\/ca\/wp-json\/wp\/v2\/product"}],"about":[{"href":"https:\/\/calvia365eshop.com\/ca\/wp-json\/wp\/v2\/types\/product"}],"replies":[{"embeddable":true,"href":"https:\/\/calvia365eshop.com\/ca\/wp-json\/wp\/v2\/comments?post=2924"}],"wp:featuredmedia":[{"embeddable":true,"href":"https:\/\/calvia365eshop.com\/ca\/wp-json\/wp\/v2\/media\/3682"}],"wp:attachment":[{"href":"https:\/\/calvia365eshop.com\/ca\/wp-json\/wp\/v2\/media?parent=2924"}],"wp:term":[{"taxonomy":"product_brand","embeddable":true,"href":"https:\/\/calvia365eshop.com\/ca\/wp-json\/wp\/v2\/product_brand?post=2924"},{"taxonomy":"product_cat","embeddable":true,"href":"https:\/\/calvia365eshop.com\/ca\/wp-json\/wp\/v2\/product_cat?post=2924"},{"taxonomy":"product_tag","embeddable":true,"href":"https:\/\/calvia365eshop.com\/ca\/wp-json\/wp\/v2\/product_tag?post=2924"}],"curies":[{"name":"wp","href":"https:\/\/api.w.org\/{rel}","templated":true}]}}