{"id":2137,"date":"2023-11-14T12:35:42","date_gmt":"2023-11-14T11:35:42","guid":{"rendered":"https:\/\/calvia365eshop.com\/tienda\/palms-running-t-shirt-chmalllorca\/"},"modified":"2025-11-27T12:25:25","modified_gmt":"2025-11-27T11:25:25","slug":"palms-running-t-shirt-chmalllorca","status":"publish","type":"product","link":"https:\/\/calvia365eshop.com\/ca\/botiga\/palms-running-t-shirt-chmalllorca\/","title":{"rendered":"Samarreta &#8211; Challenge Peguera Mallorca 2025"},"content":{"rendered":"<p class=\"\" data-start=\"44\" data-end=\"129\"><strong data-start=\"44\" data-end=\"109\">Camiseta &#8211; Challenge Peguera Mallorca 2025 \u2013 Edici\u00f3n Limitada<\/strong> \ud83c\udfca\u200d\u2642\ufe0f\ud83d\udeb4\u200d\u2640\ufe0f\ud83c\udfc3\u200d\u2642\ufe0f\ud83d\udd25<\/p>\n<p class=\"\" data-start=\"131\" data-end=\"409\">Corre, pedalea y nada con estilo gracias a la <strong data-start=\"177\" data-end=\"199\">camiseta exclusiva<\/strong> del Challenge Peguera Mallorca 2025. Dise\u00f1ada para ofrecerte <strong data-start=\"261\" data-end=\"293\">m\u00e1ximo rendimiento y confort<\/strong>, su tejido <strong data-start=\"305\" data-end=\"332\">ligero, suave y t\u00e9cnico<\/strong> es perfecto tanto para entrenar como para lucir tu pasi\u00f3n por el triatl\u00f3n.<\/p>\n","protected":false},"excerpt":{"rendered":"<p class=\"\" data-start=\"44\" data-end=\"129\"><strong data-start=\"44\" data-end=\"109\">Camiseta &#8211; Challenge Peguera Mallorca 2025 \u2013 Edici\u00f3n Limitada<\/strong> \ud83c\udfca\u200d\u2642\ufe0f\ud83d\udeb4\u200d\u2640\ufe0f\ud83c\udfc3\u200d\u2642\ufe0f\ud83d\udd25<\/p>\n<p class=\"\" data-start=\"131\" data-end=\"409\">Corre, pedalea y nada con estilo gracias a la <strong data-start=\"177\" data-end=\"199\">camiseta exclusiva<\/strong> del Challenge Peguera Mallorca 2025. Dise\u00f1ada para ofrecerte <strong data-start=\"261\" data-end=\"293\">m\u00e1ximo rendimiento y confort<\/strong>, su tejido <strong data-start=\"305\" data-end=\"332\">ligero, suave y t\u00e9cnico<\/strong> es perfecto tanto para entrenar como para lucir tu pasi\u00f3n por el triatl\u00f3n.<\/p>\n","protected":false},"featured_media":5275,"comment_status":"open","ping_status":"closed","template":"","meta":{"_crdt_document":""},"product_brand":[],"product_cat":[122034],"product_tag":[122064],"class_list":{"0":"post-2137","1":"product","2":"type-product","3":"status-publish","4":"has-post-thumbnail","6":"product_cat-challenge-peguera-mallorca-ca","7":"product_tag-running-t-shirt-ca","8":"pa_talla-l-ca","9":"pa_talla-m-ca","10":"pa_talla-s-ca","11":"pa_talla-xl-ca","13":"first","14":"instock","15":"shipping-taxable","16":"purchasable","17":"product-type-variable"},"yoast_head":"<!-- This site is optimized with the Yoast SEO plugin v27.4 - https:\/\/yoast.com\/product\/yoast-seo-wordpress\/ -->\n<title>Samarreta - Challenge Peguera Mallorca 2025 - Calvia 365 eShop<\/title>\n<meta name=\"robots\" content=\"index, follow, max-snippet:-1, max-image-preview:large, max-video-preview:-1\" \/>\n<link rel=\"canonical\" href=\"https:\/\/calvia365eshop.com\/ca\/botiga\/palms-running-t-shirt-chmalllorca\/\" \/>\n<meta property=\"og:locale\" content=\"ca_ES\" \/>\n<meta property=\"og:type\" content=\"article\" \/>\n<meta property=\"og:title\" content=\"Samarreta - Challenge Peguera Mallorca 2025 - Calvia 365 eShop\" \/>\n<meta property=\"og:description\" content=\"Camiseta - Challenge Peguera Mallorca 2025 \u2013 Edici\u00f3n Limitada \ud83c\udfca\u200d\u2642\ufe0f\ud83d\udeb4\u200d\u2640\ufe0f\ud83c\udfc3\u200d\u2642\ufe0f\ud83d\udd25 Corre, pedalea y nada con estilo gracias a la camiseta exclusiva del Challenge Peguera Mallorca 2025. Dise\u00f1ada para ofrecerte m\u00e1ximo rendimiento y confort, su tejido ligero, suave y t\u00e9cnico es perfecto tanto para entrenar como para lucir tu pasi\u00f3n por el triatl\u00f3n.\" \/>\n<meta property=\"og:url\" content=\"https:\/\/calvia365eshop.com\/ca\/botiga\/palms-running-t-shirt-chmalllorca\/\" \/>\n<meta property=\"og:site_name\" content=\"Calvia 365 eShop\" \/>\n<meta property=\"article:modified_time\" content=\"2025-11-27T11:25:25+00:00\" \/>\n<meta property=\"og:image\" content=\"https:\/\/calvia365eshop.com\/wp-content\/uploads\/2023\/11\/camiseta-challenge-peguera-mallorca-2025-3.webp\" \/>\n\t<meta property=\"og:image:width\" content=\"1350\" \/>\n\t<meta property=\"og:image:height\" content=\"1080\" \/>\n\t<meta property=\"og:image:type\" content=\"image\/webp\" \/>\n<meta name=\"twitter:card\" content=\"summary_large_image\" \/>\n<meta name=\"twitter:label1\" content=\"Temps estimat de lectura\" \/>\n\t<meta name=\"twitter:data1\" content=\"1 minut\" \/>\n<script type=\"application\/ld+json\" class=\"yoast-schema-graph\">{\"@context\":\"https:\\\/\\\/schema.org\",\"@graph\":[{\"@type\":\"WebPage\",\"@id\":\"https:\\\/\\\/calvia365eshop.com\\\/ca\\\/botiga\\\/palms-running-t-shirt-chmalllorca\\\/\",\"url\":\"https:\\\/\\\/calvia365eshop.com\\\/ca\\\/botiga\\\/palms-running-t-shirt-chmalllorca\\\/\",\"name\":\"Samarreta - Challenge Peguera Mallorca 2025 - Calvia 365 eShop\",\"isPartOf\":{\"@id\":\"https:\\\/\\\/calvia365eshop.com\\\/ca\\\/#website\"},\"primaryImageOfPage\":{\"@id\":\"https:\\\/\\\/calvia365eshop.com\\\/ca\\\/botiga\\\/palms-running-t-shirt-chmalllorca\\\/#primaryimage\"},\"image\":{\"@id\":\"https:\\\/\\\/calvia365eshop.com\\\/ca\\\/botiga\\\/palms-running-t-shirt-chmalllorca\\\/#primaryimage\"},\"thumbnailUrl\":\"https:\\\/\\\/i0.wp.com\\\/calvia365eshop.com\\\/wp-content\\\/uploads\\\/2023\\\/11\\\/camiseta-challenge-peguera-mallorca-2025-3.webp?fit=1350%2C1080&ssl=1\",\"datePublished\":\"2023-11-14T11:35:42+00:00\",\"dateModified\":\"2025-11-27T11:25:25+00:00\",\"breadcrumb\":{\"@id\":\"https:\\\/\\\/calvia365eshop.com\\\/ca\\\/botiga\\\/palms-running-t-shirt-chmalllorca\\\/#breadcrumb\"},\"inLanguage\":\"ca\",\"potentialAction\":[{\"@type\":\"ReadAction\",\"target\":[\"https:\\\/\\\/calvia365eshop.com\\\/ca\\\/botiga\\\/palms-running-t-shirt-chmalllorca\\\/\"]}]},{\"@type\":\"ImageObject\",\"inLanguage\":\"ca\",\"@id\":\"https:\\\/\\\/calvia365eshop.com\\\/ca\\\/botiga\\\/palms-running-t-shirt-chmalllorca\\\/#primaryimage\",\"url\":\"https:\\\/\\\/i0.wp.com\\\/calvia365eshop.com\\\/wp-content\\\/uploads\\\/2023\\\/11\\\/camiseta-challenge-peguera-mallorca-2025-3.webp?fit=1350%2C1080&ssl=1\",\"contentUrl\":\"https:\\\/\\\/i0.wp.com\\\/calvia365eshop.com\\\/wp-content\\\/uploads\\\/2023\\\/11\\\/camiseta-challenge-peguera-mallorca-2025-3.webp?fit=1350%2C1080&ssl=1\",\"width\":1350,\"height\":1080},{\"@type\":\"BreadcrumbList\",\"@id\":\"https:\\\/\\\/calvia365eshop.com\\\/ca\\\/botiga\\\/palms-running-t-shirt-chmalllorca\\\/#breadcrumb\",\"itemListElement\":[{\"@type\":\"ListItem\",\"position\":1,\"name\":\"Portada\",\"item\":\"https:\\\/\\\/calvia365eshop.com\\\/ca\\\/\"},{\"@type\":\"ListItem\",\"position\":2,\"name\":\"Botiga\",\"item\":\"https:\\\/\\\/calvia365eshop.com\\\/ca\\\/botiga\\\/\"},{\"@type\":\"ListItem\",\"position\":3,\"name\":\"Samarreta &#8211; Challenge Peguera Mallorca 2025\"}]},{\"@type\":\"WebSite\",\"@id\":\"https:\\\/\\\/calvia365eshop.com\\\/ca\\\/#website\",\"url\":\"https:\\\/\\\/calvia365eshop.com\\\/ca\\\/\",\"name\":\"Calvia 365 eShop\",\"description\":\"\",\"publisher\":{\"@id\":\"https:\\\/\\\/calvia365eshop.com\\\/ca\\\/#organization\"},\"potentialAction\":[{\"@type\":\"SearchAction\",\"target\":{\"@type\":\"EntryPoint\",\"urlTemplate\":\"https:\\\/\\\/calvia365eshop.com\\\/ca\\\/?s={search_term_string}\"},\"query-input\":{\"@type\":\"PropertyValueSpecification\",\"valueRequired\":true,\"valueName\":\"search_term_string\"}}],\"inLanguage\":\"ca\"},{\"@type\":\"Organization\",\"@id\":\"https:\\\/\\\/calvia365eshop.com\\\/ca\\\/#organization\",\"name\":\"Calvia 365 eShop\",\"url\":\"https:\\\/\\\/calvia365eshop.com\\\/ca\\\/\",\"logo\":{\"@type\":\"ImageObject\",\"inLanguage\":\"ca\",\"@id\":\"https:\\\/\\\/calvia365eshop.com\\\/ca\\\/#\\\/schema\\\/logo\\\/image\\\/\",\"url\":\"https:\\\/\\\/i0.wp.com\\\/calvia365eshop.com\\\/wp-content\\\/uploads\\\/2023\\\/10\\\/Visitcalvia-logo-vector-azul.png?fit=8440%2C1556&ssl=1\",\"contentUrl\":\"https:\\\/\\\/i0.wp.com\\\/calvia365eshop.com\\\/wp-content\\\/uploads\\\/2023\\\/10\\\/Visitcalvia-logo-vector-azul.png?fit=8440%2C1556&ssl=1\",\"width\":8440,\"height\":1556,\"caption\":\"Calvia 365 eShop\"},\"image\":{\"@id\":\"https:\\\/\\\/calvia365eshop.com\\\/ca\\\/#\\\/schema\\\/logo\\\/image\\\/\"}}]}<\/script>\n<!-- \/ Yoast SEO plugin. -->","yoast_head_json":{"title":"Samarreta - Challenge Peguera Mallorca 2025 - Calvia 365 eShop","robots":{"index":"index","follow":"follow","max-snippet":"max-snippet:-1","max-image-preview":"max-image-preview:large","max-video-preview":"max-video-preview:-1"},"canonical":"https:\/\/calvia365eshop.com\/ca\/botiga\/palms-running-t-shirt-chmalllorca\/","og_locale":"ca_ES","og_type":"article","og_title":"Samarreta - Challenge Peguera Mallorca 2025 - Calvia 365 eShop","og_description":"Camiseta - Challenge Peguera Mallorca 2025 \u2013 Edici\u00f3n Limitada \ud83c\udfca\u200d\u2642\ufe0f\ud83d\udeb4\u200d\u2640\ufe0f\ud83c\udfc3\u200d\u2642\ufe0f\ud83d\udd25 Corre, pedalea y nada con estilo gracias a la camiseta exclusiva del Challenge Peguera Mallorca 2025. Dise\u00f1ada para ofrecerte m\u00e1ximo rendimiento y confort, su tejido ligero, suave y t\u00e9cnico es perfecto tanto para entrenar como para lucir tu pasi\u00f3n por el triatl\u00f3n.","og_url":"https:\/\/calvia365eshop.com\/ca\/botiga\/palms-running-t-shirt-chmalllorca\/","og_site_name":"Calvia 365 eShop","article_modified_time":"2025-11-27T11:25:25+00:00","og_image":[{"width":1350,"height":1080,"url":"https:\/\/calvia365eshop.com\/wp-content\/uploads\/2023\/11\/camiseta-challenge-peguera-mallorca-2025-3.webp","type":"image\/webp"}],"twitter_card":"summary_large_image","twitter_misc":{"Temps estimat de lectura":"1 minut"},"schema":{"@context":"https:\/\/schema.org","@graph":[{"@type":"WebPage","@id":"https:\/\/calvia365eshop.com\/ca\/botiga\/palms-running-t-shirt-chmalllorca\/","url":"https:\/\/calvia365eshop.com\/ca\/botiga\/palms-running-t-shirt-chmalllorca\/","name":"Samarreta - Challenge Peguera Mallorca 2025 - Calvia 365 eShop","isPartOf":{"@id":"https:\/\/calvia365eshop.com\/ca\/#website"},"primaryImageOfPage":{"@id":"https:\/\/calvia365eshop.com\/ca\/botiga\/palms-running-t-shirt-chmalllorca\/#primaryimage"},"image":{"@id":"https:\/\/calvia365eshop.com\/ca\/botiga\/palms-running-t-shirt-chmalllorca\/#primaryimage"},"thumbnailUrl":"https:\/\/i0.wp.com\/calvia365eshop.com\/wp-content\/uploads\/2023\/11\/camiseta-challenge-peguera-mallorca-2025-3.webp?fit=1350%2C1080&ssl=1","datePublished":"2023-11-14T11:35:42+00:00","dateModified":"2025-11-27T11:25:25+00:00","breadcrumb":{"@id":"https:\/\/calvia365eshop.com\/ca\/botiga\/palms-running-t-shirt-chmalllorca\/#breadcrumb"},"inLanguage":"ca","potentialAction":[{"@type":"ReadAction","target":["https:\/\/calvia365eshop.com\/ca\/botiga\/palms-running-t-shirt-chmalllorca\/"]}]},{"@type":"ImageObject","inLanguage":"ca","@id":"https:\/\/calvia365eshop.com\/ca\/botiga\/palms-running-t-shirt-chmalllorca\/#primaryimage","url":"https:\/\/i0.wp.com\/calvia365eshop.com\/wp-content\/uploads\/2023\/11\/camiseta-challenge-peguera-mallorca-2025-3.webp?fit=1350%2C1080&ssl=1","contentUrl":"https:\/\/i0.wp.com\/calvia365eshop.com\/wp-content\/uploads\/2023\/11\/camiseta-challenge-peguera-mallorca-2025-3.webp?fit=1350%2C1080&ssl=1","width":1350,"height":1080},{"@type":"BreadcrumbList","@id":"https:\/\/calvia365eshop.com\/ca\/botiga\/palms-running-t-shirt-chmalllorca\/#breadcrumb","itemListElement":[{"@type":"ListItem","position":1,"name":"Portada","item":"https:\/\/calvia365eshop.com\/ca\/"},{"@type":"ListItem","position":2,"name":"Botiga","item":"https:\/\/calvia365eshop.com\/ca\/botiga\/"},{"@type":"ListItem","position":3,"name":"Samarreta &#8211; Challenge Peguera Mallorca 2025"}]},{"@type":"WebSite","@id":"https:\/\/calvia365eshop.com\/ca\/#website","url":"https:\/\/calvia365eshop.com\/ca\/","name":"Calvia 365 eShop","description":"","publisher":{"@id":"https:\/\/calvia365eshop.com\/ca\/#organization"},"potentialAction":[{"@type":"SearchAction","target":{"@type":"EntryPoint","urlTemplate":"https:\/\/calvia365eshop.com\/ca\/?s={search_term_string}"},"query-input":{"@type":"PropertyValueSpecification","valueRequired":true,"valueName":"search_term_string"}}],"inLanguage":"ca"},{"@type":"Organization","@id":"https:\/\/calvia365eshop.com\/ca\/#organization","name":"Calvia 365 eShop","url":"https:\/\/calvia365eshop.com\/ca\/","logo":{"@type":"ImageObject","inLanguage":"ca","@id":"https:\/\/calvia365eshop.com\/ca\/#\/schema\/logo\/image\/","url":"https:\/\/i0.wp.com\/calvia365eshop.com\/wp-content\/uploads\/2023\/10\/Visitcalvia-logo-vector-azul.png?fit=8440%2C1556&ssl=1","contentUrl":"https:\/\/i0.wp.com\/calvia365eshop.com\/wp-content\/uploads\/2023\/10\/Visitcalvia-logo-vector-azul.png?fit=8440%2C1556&ssl=1","width":8440,"height":1556,"caption":"Calvia 365 eShop"},"image":{"@id":"https:\/\/calvia365eshop.com\/ca\/#\/schema\/logo\/image\/"}}]}},"jetpack_likes_enabled":true,"jetpack_sharing_enabled":true,"jetpack-related-posts":[{"id":28,"url":"https:\/\/calvia365eshop.com\/tienda\/camiseta-challenge-peguera-mallorca-2025\/","url_meta":{"origin":2137,"position":0},"title":"Camiseta &#8211; Challenge Peguera Mallorca 2025","author":"fundacioncalvia365","date":"14 de novembre de 2023","format":false,"excerpt":"Camiseta - Challenge Peguera Mallorca 2025 \u2013 Edici\u00f3n Limitada \ud83c\udfca\u200d\u2642\ufe0f\ud83d\udeb4\u200d\u2640\ufe0f\ud83c\udfc3\u200d\u2642\ufe0f\ud83d\udd25 Corre, pedalea y nada con estilo gracias a la camiseta exclusiva del Challenge Peguera Mallorca 2025. Dise\u00f1ada para ofrecerte m\u00e1ximo rendimiento y confort, su tejido ligero, suave y t\u00e9cnico es perfecto tanto para entrenar como para lucir tu pasi\u00f3n por\u2026","rel":"","context":"Entrada similar","block_context":{"text":"Entrada similar","link":""},"img":{"alt_text":"Camiseta - Challenge Peguera Mallorca 2025-3","src":"https:\/\/i0.wp.com\/calvia365eshop.com\/wp-content\/uploads\/2023\/11\/camiseta-challenge-peguera-mallorca-2025-3.webp?fit=1200%2C960&ssl=1&resize=350%2C200","width":350,"height":200,"srcset":"https:\/\/i0.wp.com\/calvia365eshop.com\/wp-content\/uploads\/2023\/11\/camiseta-challenge-peguera-mallorca-2025-3.webp?fit=1200%2C960&ssl=1&resize=350%2C200 1x, https:\/\/i0.wp.com\/calvia365eshop.com\/wp-content\/uploads\/2023\/11\/camiseta-challenge-peguera-mallorca-2025-3.webp?fit=1200%2C960&ssl=1&resize=525%2C300 1.5x, https:\/\/i0.wp.com\/calvia365eshop.com\/wp-content\/uploads\/2023\/11\/camiseta-challenge-peguera-mallorca-2025-3.webp?fit=1200%2C960&ssl=1&resize=700%2C400 2x, https:\/\/i0.wp.com\/calvia365eshop.com\/wp-content\/uploads\/2023\/11\/camiseta-challenge-peguera-mallorca-2025-3.webp?fit=1200%2C960&ssl=1&resize=1050%2C600 3x"},"classes":[]},{"id":2133,"url":"https:\/\/calvia365eshop.com\/ca\/botiga\/samarreta-challenge-women-2025\/","url_meta":{"origin":2137,"position":1},"title":"Samarreta &#8211; Challenge Women Mallorca 2025","author":"calviaeshop","date":"14 de novembre de 2023","format":false,"excerpt":"Camiseta - Challenge Peguera Mallorca 2025 \u2013 Edici\u00f3n Limitada \ud83c\udfca\u200d\u2642\ufe0f\ud83d\udeb4\u200d\u2640\ufe0f\ud83c\udfc3\u200d\u2642\ufe0f\ud83d\udd25 Corre, pedalea y nada con estilo gracias a la camiseta exclusiva del Challenge Peguera Mallorca 2025. Dise\u00f1ada para ofrecerte m\u00e1ximo rendimiento y confort, su tejido ligero, suave y t\u00e9cnico es perfecto tanto para entrenar como para lucir tu pasi\u00f3n por\u2026","rel":"","context":"Entrada similar","block_context":{"text":"Entrada similar","link":""},"img":{"alt_text":"Camiseta \u2013 Challenge women 2024","src":"https:\/\/i0.wp.com\/calvia365eshop.com\/wp-content\/uploads\/2023\/11\/13.webp?fit=1200%2C960&ssl=1&resize=350%2C200","width":350,"height":200,"srcset":"https:\/\/i0.wp.com\/calvia365eshop.com\/wp-content\/uploads\/2023\/11\/13.webp?fit=1200%2C960&ssl=1&resize=350%2C200 1x, https:\/\/i0.wp.com\/calvia365eshop.com\/wp-content\/uploads\/2023\/11\/13.webp?fit=1200%2C960&ssl=1&resize=525%2C300 1.5x, https:\/\/i0.wp.com\/calvia365eshop.com\/wp-content\/uploads\/2023\/11\/13.webp?fit=1200%2C960&ssl=1&resize=700%2C400 2x, https:\/\/i0.wp.com\/calvia365eshop.com\/wp-content\/uploads\/2023\/11\/13.webp?fit=1200%2C960&ssl=1&resize=1050%2C600 3x"},"classes":[]},{"id":2136,"url":"https:\/\/calvia365eshop.com\/en\/shop\/t-shirt-challenge-peguera-mallorca-2025\/","url_meta":{"origin":2137,"position":2},"title":"T-shirt &#8211; Challenge Peguera Mallorca 2025","author":"fundacioncalvia365","date":"14 de novembre de 2023","format":false,"excerpt":"Camiseta - Challenge Peguera Mallorca 2025 \u2013 Edici\u00f3n Limitada \ud83c\udfca\u200d\u2642\ufe0f\ud83d\udeb4\u200d\u2640\ufe0f\ud83c\udfc3\u200d\u2642\ufe0f\ud83d\udd25 Corre, pedalea y nada con estilo gracias a la camiseta exclusiva del Challenge Peguera Mallorca 2025. Dise\u00f1ada para ofrecerte m\u00e1ximo rendimiento y confort, su tejido ligero, suave y t\u00e9cnico es perfecto tanto para entrenar como para lucir tu pasi\u00f3n por\u2026","rel":"","context":"Entrada similar","block_context":{"text":"Entrada similar","link":""},"img":{"alt_text":"","src":"https:\/\/i0.wp.com\/calvia365eshop.com\/wp-content\/uploads\/2023\/11\/camiseta-challenge-peguera-mallorca-2025-3.webp?fit=1200%2C960&ssl=1&resize=350%2C200","width":350,"height":200,"srcset":"https:\/\/i0.wp.com\/calvia365eshop.com\/wp-content\/uploads\/2023\/11\/camiseta-challenge-peguera-mallorca-2025-3.webp?fit=1200%2C960&ssl=1&resize=350%2C200 1x, https:\/\/i0.wp.com\/calvia365eshop.com\/wp-content\/uploads\/2023\/11\/camiseta-challenge-peguera-mallorca-2025-3.webp?fit=1200%2C960&ssl=1&resize=525%2C300 1.5x, https:\/\/i0.wp.com\/calvia365eshop.com\/wp-content\/uploads\/2023\/11\/camiseta-challenge-peguera-mallorca-2025-3.webp?fit=1200%2C960&ssl=1&resize=700%2C400 2x, https:\/\/i0.wp.com\/calvia365eshop.com\/wp-content\/uploads\/2023\/11\/camiseta-challenge-peguera-mallorca-2025-3.webp?fit=1200%2C960&ssl=1&resize=1050%2C600 3x"},"classes":[]},{"id":2132,"url":"https:\/\/calvia365eshop.com\/en\/shop\/t-shirt-challenge-women-2025\/","url_meta":{"origin":2137,"position":3},"title":"T-shirt &#8211; Challenge women Mallorca 2025","author":"calviaeshop","date":"14 de novembre de 2023","format":false,"excerpt":"Camiseta - Challenge Women Mallorca 2025 \u2013 Edici\u00f3n Limitada \ud83c\udfca\u200d\u2642\ufe0f\ud83d\udeb4\u200d\u2640\ufe0f\ud83c\udfc3\u200d\u2642\ufe0f\ud83d\udd25 Corre, pedalea y nada con estilo gracias a la camiseta exclusiva del Challenge Peguera Mallorca 2025. Dise\u00f1ada para ofrecerte m\u00e1ximo rendimiento y confort, su tejido ligero, suave y t\u00e9cnico es perfecto tanto para entrenar como para lucir tu pasi\u00f3n por\u2026","rel":"","context":"Entrada similar","block_context":{"text":"Entrada similar","link":""},"img":{"alt_text":"Camiseta \u2013 Challenge women 2024","src":"https:\/\/i0.wp.com\/calvia365eshop.com\/wp-content\/uploads\/2023\/11\/13.webp?fit=1200%2C960&ssl=1&resize=350%2C200","width":350,"height":200,"srcset":"https:\/\/i0.wp.com\/calvia365eshop.com\/wp-content\/uploads\/2023\/11\/13.webp?fit=1200%2C960&ssl=1&resize=350%2C200 1x, https:\/\/i0.wp.com\/calvia365eshop.com\/wp-content\/uploads\/2023\/11\/13.webp?fit=1200%2C960&ssl=1&resize=525%2C300 1.5x, https:\/\/i0.wp.com\/calvia365eshop.com\/wp-content\/uploads\/2023\/11\/13.webp?fit=1200%2C960&ssl=1&resize=700%2C400 2x, https:\/\/i0.wp.com\/calvia365eshop.com\/wp-content\/uploads\/2023\/11\/13.webp?fit=1200%2C960&ssl=1&resize=1050%2C600 3x"},"classes":[]},{"id":94,"url":"https:\/\/calvia365eshop.com\/tienda\/t-shirt-chmalllorca-tela-de-llengues\/","url_meta":{"origin":2137,"position":4},"title":"Camiseta &#8211; Challenge Peguera Mallorca 2022","author":"calviaeshop","date":"14 de novembre de 2023","format":false,"excerpt":"Camiseta - Challenge Peguera Mallorca 2022 \u2013 Edici\u00f3n Limitada \ud83c\udfca\u200d\u2642\ufe0f\ud83d\udeb4\u200d\u2640\ufe0f\ud83c\udfc3\u200d\u2642\ufe0f\ud83d\udd25 Corre, pedalea y nada con estilo gracias a la camiseta exclusiva del Challenge Peguera Mallorca 2022. Dise\u00f1ada para ofrecerte m\u00e1ximo rendimiento y confort, su tejido ligero, suave y t\u00e9cnico es perfecto tanto para entrenar como para lucir tu pasi\u00f3n por\u2026","rel":"","context":"Entrada similar","block_context":{"text":"Entrada similar","link":""},"img":{"alt_text":"Challenge peguera mallorca camiseta 2022","src":"https:\/\/i0.wp.com\/calvia365eshop.com\/wp-content\/uploads\/2023\/11\/challenge-peguera-mallorca-camiseta-2022.webp?fit=1200%2C960&ssl=1&resize=350%2C200","width":350,"height":200,"srcset":"https:\/\/i0.wp.com\/calvia365eshop.com\/wp-content\/uploads\/2023\/11\/challenge-peguera-mallorca-camiseta-2022.webp?fit=1200%2C960&ssl=1&resize=350%2C200 1x, https:\/\/i0.wp.com\/calvia365eshop.com\/wp-content\/uploads\/2023\/11\/challenge-peguera-mallorca-camiseta-2022.webp?fit=1200%2C960&ssl=1&resize=525%2C300 1.5x, https:\/\/i0.wp.com\/calvia365eshop.com\/wp-content\/uploads\/2023\/11\/challenge-peguera-mallorca-camiseta-2022.webp?fit=1200%2C960&ssl=1&resize=700%2C400 2x, https:\/\/i0.wp.com\/calvia365eshop.com\/wp-content\/uploads\/2023\/11\/challenge-peguera-mallorca-camiseta-2022.webp?fit=1200%2C960&ssl=1&resize=1050%2C600 3x"},"classes":[]},{"id":98,"url":"https:\/\/calvia365eshop.com\/tienda\/t-shirt-chmalllorca-dimoni\/","url_meta":{"origin":2137,"position":5},"title":"Camiseta &#8211; Challenge Peguera Mallorca 2023","author":"calviaeshop","date":"14 de novembre de 2023","format":false,"excerpt":"Camiseta - Challenge Peguera Mallorca 2023 \u2013 Edici\u00f3n Limitada \ud83c\udfca\u200d\u2642\ufe0f\ud83d\udeb4\u200d\u2640\ufe0f\ud83c\udfc3\u200d\u2642\ufe0f\ud83d\udd25 Corre, pedalea y nada con estilo gracias a la camiseta exclusiva del Challenge Peguera Mallorca 2023. Dise\u00f1ada para ofrecerte m\u00e1ximo rendimiento y confort, su tejido ligero, suave y t\u00e9cnico es perfecto tanto para entrenar como para lucir tu pasi\u00f3n por\u2026","rel":"","context":"Entrada similar","block_context":{"text":"Entrada similar","link":""},"img":{"alt_text":"Challenge peguera mallorca camiseta 2023","src":"https:\/\/i0.wp.com\/calvia365eshop.com\/wp-content\/uploads\/2023\/11\/challenge-peguera-mallorca-camiseta-2023.webp?fit=1200%2C960&ssl=1&resize=350%2C200","width":350,"height":200,"srcset":"https:\/\/i0.wp.com\/calvia365eshop.com\/wp-content\/uploads\/2023\/11\/challenge-peguera-mallorca-camiseta-2023.webp?fit=1200%2C960&ssl=1&resize=350%2C200 1x, https:\/\/i0.wp.com\/calvia365eshop.com\/wp-content\/uploads\/2023\/11\/challenge-peguera-mallorca-camiseta-2023.webp?fit=1200%2C960&ssl=1&resize=525%2C300 1.5x, https:\/\/i0.wp.com\/calvia365eshop.com\/wp-content\/uploads\/2023\/11\/challenge-peguera-mallorca-camiseta-2023.webp?fit=1200%2C960&ssl=1&resize=700%2C400 2x, https:\/\/i0.wp.com\/calvia365eshop.com\/wp-content\/uploads\/2023\/11\/challenge-peguera-mallorca-camiseta-2023.webp?fit=1200%2C960&ssl=1&resize=1050%2C600 3x"},"classes":[]}],"_links":{"self":[{"href":"https:\/\/calvia365eshop.com\/ca\/wp-json\/wp\/v2\/product\/2137","targetHints":{"allow":["GET"]}}],"collection":[{"href":"https:\/\/calvia365eshop.com\/ca\/wp-json\/wp\/v2\/product"}],"about":[{"href":"https:\/\/calvia365eshop.com\/ca\/wp-json\/wp\/v2\/types\/product"}],"replies":[{"embeddable":true,"href":"https:\/\/calvia365eshop.com\/ca\/wp-json\/wp\/v2\/comments?post=2137"}],"wp:featuredmedia":[{"embeddable":true,"href":"https:\/\/calvia365eshop.com\/ca\/wp-json\/wp\/v2\/media\/5275"}],"wp:attachment":[{"href":"https:\/\/calvia365eshop.com\/ca\/wp-json\/wp\/v2\/media?parent=2137"}],"wp:term":[{"taxonomy":"product_brand","embeddable":true,"href":"https:\/\/calvia365eshop.com\/ca\/wp-json\/wp\/v2\/product_brand?post=2137"},{"taxonomy":"product_cat","embeddable":true,"href":"https:\/\/calvia365eshop.com\/ca\/wp-json\/wp\/v2\/product_cat?post=2137"},{"taxonomy":"product_tag","embeddable":true,"href":"https:\/\/calvia365eshop.com\/ca\/wp-json\/wp\/v2\/product_tag?post=2137"}],"curies":[{"name":"wp","href":"https:\/\/api.w.org\/{rel}","templated":true}]}}