{"id":961,"date":"2023-11-22T12:24:59","date_gmt":"2023-11-22T11:24:59","guid":{"rendered":"https:\/\/calvia365eshop.com\/contacto\/"},"modified":"2025-05-16T10:26:05","modified_gmt":"2025-05-16T08:26:05","slug":"contacte","status":"publish","type":"page","link":"https:\/\/calvia365eshop.com\/ca\/contacte\/","title":{"rendered":"Contacte"},"content":{"rendered":"\n<div class=\"wp-block-group alignfull has-global-padding is-layout-constrained wp-container-core-group-is-layout-986a9041 wp-block-group-is-layout-constrained\" style=\"padding-top:var(--wp--preset--spacing--80);padding-right:var(--wp--preset--spacing--50);padding-bottom:var(--wp--preset--spacing--80);padding-left:var(--wp--preset--spacing--50)\">\n<div class=\"wp-block-columns alignwide is-layout-flex wp-container-core-columns-is-layout-f56f613f wp-block-columns-is-layout-flex\">\n<div class=\"wp-block-column is-layout-flow wp-block-column-is-layout-flow\" style=\"flex-basis:50%\">\n<h2 class=\"wp-block-heading\" style=\"margin-top:0px\">Ponte en contacto con nosotros<\/h2>\n\n\n\n<p class=\"wp-block-paragraph\">Ctra. Juli\u00e0 Bujosa Sans Batle, Calvi\u00e0 Mallorca<\/p>\n\n\n\n<p class=\"wp-block-paragraph\"><a href=\"mailto:shop.chmallorca@fundacioncalvia.com\">shop.chmallorca@fundacioncalvia.com<\/a><br><\/p>\n\n\n\n<ul class=\"wp-block-social-links has-icon-background-color is-style-default is-layout-flex wp-container-core-social-links-is-layout-dd6ebc29 wp-block-social-links-is-layout-flex\"><li style=\"background-color:#11181F;\" class=\"wp-social-link wp-social-link-facebook has-primary-background-color wp-block-social-link\"><a href=\"#\" class=\"wp-block-social-link-anchor\"><svg width=\"24\" height=\"24\" viewBox=\"0 0 24 24\" version=\"1.1\" xmlns=\"http:\/\/www.w3.org\/2000\/svg\" aria-hidden=\"true\" focusable=\"false\"><path d=\"M12 2C6.5 2 2 6.5 2 12c0 5 3.7 9.1 8.4 9.9v-7H7.9V12h2.5V9.8c0-2.5 1.5-3.9 3.8-3.9 1.1 0 2.2.2 2.2.2v2.5h-1.3c-1.2 0-1.6.8-1.6 1.6V12h2.8l-.4 2.9h-2.3v7C18.3 21.1 22 17 22 12c0-5.5-4.5-10-10-10z\"><\/path><\/svg><span class=\"wp-block-social-link-label screen-reader-text\">Facebook<\/span><\/a><\/li>\n\n<li style=\"background-color:#11181F;\" class=\"wp-social-link wp-social-link-twitter has-primary-background-color wp-block-social-link\"><a href=\"#\" class=\"wp-block-social-link-anchor\"><svg width=\"24\" height=\"24\" viewBox=\"0 0 24 24\" version=\"1.1\" xmlns=\"http:\/\/www.w3.org\/2000\/svg\" aria-hidden=\"true\" focusable=\"false\"><path d=\"M22.23,5.924c-0.736,0.326-1.527,0.547-2.357,0.646c0.847-0.508,1.498-1.312,1.804-2.27 c-0.793,0.47-1.671,0.812-2.606,0.996C18.324,4.498,17.257,4,16.077,4c-2.266,0-4.103,1.837-4.103,4.103 c0,0.322,0.036,0.635,0.106,0.935C8.67,8.867,5.647,7.234,3.623,4.751C3.27,5.357,3.067,6.062,3.067,6.814 c0,1.424,0.724,2.679,1.825,3.415c-0.673-0.021-1.305-0.206-1.859-0.513c0,0.017,0,0.034,0,0.052c0,1.988,1.414,3.647,3.292,4.023 c-0.344,0.094-0.707,0.144-1.081,0.144c-0.264,0-0.521-0.026-0.772-0.074c0.522,1.63,2.038,2.816,3.833,2.85 c-1.404,1.1-3.174,1.756-5.096,1.756c-0.331,0-0.658-0.019-0.979-0.057c1.816,1.164,3.973,1.843,6.29,1.843 c7.547,0,11.675-6.252,11.675-11.675c0-0.178-0.004-0.355-0.012-0.531C20.985,7.47,21.68,6.747,22.23,5.924z\"><\/path><\/svg><span class=\"wp-block-social-link-label screen-reader-text\">Twitter<\/span><\/a><\/li>\n\n<li style=\"background-color:#11181F;\" class=\"wp-social-link wp-social-link-instagram has-primary-background-color wp-block-social-link\"><a href=\"#\" class=\"wp-block-social-link-anchor\"><svg width=\"24\" height=\"24\" viewBox=\"0 0 24 24\" version=\"1.1\" xmlns=\"http:\/\/www.w3.org\/2000\/svg\" aria-hidden=\"true\" focusable=\"false\"><path d=\"M12,4.622c2.403,0,2.688,0.009,3.637,0.052c0.877,0.04,1.354,0.187,1.671,0.31c0.42,0.163,0.72,0.358,1.035,0.673 c0.315,0.315,0.51,0.615,0.673,1.035c0.123,0.317,0.27,0.794,0.31,1.671c0.043,0.949,0.052,1.234,0.052,3.637 s-0.009,2.688-0.052,3.637c-0.04,0.877-0.187,1.354-0.31,1.671c-0.163,0.42-0.358,0.72-0.673,1.035 c-0.315,0.315-0.615,0.51-1.035,0.673c-0.317,0.123-0.794,0.27-1.671,0.31c-0.949,0.043-1.233,0.052-3.637,0.052 s-2.688-0.009-3.637-0.052c-0.877-0.04-1.354-0.187-1.671-0.31c-0.42-0.163-0.72-0.358-1.035-0.673 c-0.315-0.315-0.51-0.615-0.673-1.035c-0.123-0.317-0.27-0.794-0.31-1.671C4.631,14.688,4.622,14.403,4.622,12 s0.009-2.688,0.052-3.637c0.04-0.877,0.187-1.354,0.31-1.671c0.163-0.42,0.358-0.72,0.673-1.035 c0.315-0.315,0.615-0.51,1.035-0.673c0.317-0.123,0.794-0.27,1.671-0.31C9.312,4.631,9.597,4.622,12,4.622 M12,3 C9.556,3,9.249,3.01,8.289,3.054C7.331,3.098,6.677,3.25,6.105,3.472C5.513,3.702,5.011,4.01,4.511,4.511 c-0.5,0.5-0.808,1.002-1.038,1.594C3.25,6.677,3.098,7.331,3.054,8.289C3.01,9.249,3,9.556,3,12c0,2.444,0.01,2.751,0.054,3.711 c0.044,0.958,0.196,1.612,0.418,2.185c0.23,0.592,0.538,1.094,1.038,1.594c0.5,0.5,1.002,0.808,1.594,1.038 c0.572,0.222,1.227,0.375,2.185,0.418C9.249,20.99,9.556,21,12,21s2.751-0.01,3.711-0.054c0.958-0.044,1.612-0.196,2.185-0.418 c0.592-0.23,1.094-0.538,1.594-1.038c0.5-0.5,0.808-1.002,1.038-1.594c0.222-0.572,0.375-1.227,0.418-2.185 C20.99,14.751,21,14.444,21,12s-0.01-2.751-0.054-3.711c-0.044-0.958-0.196-1.612-0.418-2.185c-0.23-0.592-0.538-1.094-1.038-1.594 c-0.5-0.5-1.002-0.808-1.594-1.038c-0.572-0.222-1.227-0.375-2.185-0.418C14.751,3.01,14.444,3,12,3L12,3z M12,7.378 c-2.552,0-4.622,2.069-4.622,4.622S9.448,16.622,12,16.622s4.622-2.069,4.622-4.622S14.552,7.378,12,7.378z M12,15 c-1.657,0-3-1.343-3-3s1.343-3,3-3s3,1.343,3,3S13.657,15,12,15z M16.804,6.116c-0.596,0-1.08,0.484-1.08,1.08 s0.484,1.08,1.08,1.08c0.596,0,1.08-0.484,1.08-1.08S17.401,6.116,16.804,6.116z\"><\/path><\/svg><span class=\"wp-block-social-link-label screen-reader-text\">Instagram<\/span><\/a><\/li><\/ul>\n<\/div>\n\n\n\n<div class=\"wp-block-column is-layout-flow wp-block-column-is-layout-flow\" style=\"flex-basis:50%\"><div class=\"wp-block-jetpack-contact-form is-layout-flex wp-container-jetpack-contact-form-is-layout-38f238bf wp-block-jetpack-contact-form-is-layout-flex\"><a href=\"https:\/\/calvia365eshop.com\/ca\/contacte\/\" target=\"_blank\" rel=\"noopener noreferrer\">Envia un formulari.<\/a><\/div><\/div>\n<\/div>\n<\/div>\n","protected":false},"excerpt":{"rendered":"<p>Ponte en contacto con nosotros Ctra. Juli\u00e0 Bujosa Sans Batle, Calvi\u00e0 Mallorca shop.chmallorca@fundacioncalvia.com<\/p>\n","protected":false},"author":235573869,"featured_media":0,"parent":0,"menu_order":0,"comment_status":"closed","ping_status":"closed","template":"","meta":{"_crdt_document":"","footnotes":""},"class_list":["post-961","page","type-page","status-publish","hentry"],"yoast_head":"<!-- This site is optimized with the Yoast SEO plugin v27.4 - https:\/\/yoast.com\/product\/yoast-seo-wordpress\/ -->\n<title>Contacte - Calvia 365 eShop<\/title>\n<meta name=\"robots\" content=\"index, follow, max-snippet:-1, max-image-preview:large, max-video-preview:-1\" \/>\n<link rel=\"canonical\" href=\"https:\/\/calvia365eshop.com\/ca\/contacte\/\" \/>\n<meta property=\"og:locale\" content=\"ca_ES\" \/>\n<meta property=\"og:type\" content=\"article\" \/>\n<meta property=\"og:title\" content=\"Contacte - Calvia 365 eShop\" \/>\n<meta property=\"og:description\" content=\"Ponte en contacto con nosotros Ctra. Juli\u00e0 Bujosa Sans Batle, Calvi\u00e0 Mallorca shop.chmallorca@fundacioncalvia.com\" \/>\n<meta property=\"og:url\" content=\"https:\/\/calvia365eshop.com\/ca\/contacte\/\" \/>\n<meta property=\"og:site_name\" content=\"Calvia 365 eShop\" \/>\n<meta property=\"article:modified_time\" content=\"2025-05-16T08:26:05+00:00\" \/>\n<meta name=\"twitter:card\" content=\"summary_large_image\" \/>\n<meta name=\"twitter:label1\" content=\"Temps estimat de lectura\" \/>\n\t<meta name=\"twitter:data1\" content=\"1 minut\" \/>\n<script type=\"application\/ld+json\" class=\"yoast-schema-graph\">{\"@context\":\"https:\\\/\\\/schema.org\",\"@graph\":[{\"@type\":\"WebPage\",\"@id\":\"https:\\\/\\\/calvia365eshop.com\\\/ca\\\/contacte\\\/\",\"url\":\"https:\\\/\\\/calvia365eshop.com\\\/ca\\\/contacte\\\/\",\"name\":\"Contacte - Calvia 365 eShop\",\"isPartOf\":{\"@id\":\"https:\\\/\\\/calvia365eshop.com\\\/ca\\\/#website\"},\"datePublished\":\"2023-11-22T11:24:59+00:00\",\"dateModified\":\"2025-05-16T08:26:05+00:00\",\"breadcrumb\":{\"@id\":\"https:\\\/\\\/calvia365eshop.com\\\/ca\\\/contacte\\\/#breadcrumb\"},\"inLanguage\":\"ca\",\"potentialAction\":[{\"@type\":\"ReadAction\",\"target\":[\"https:\\\/\\\/calvia365eshop.com\\\/ca\\\/contacte\\\/\"]}]},{\"@type\":\"BreadcrumbList\",\"@id\":\"https:\\\/\\\/calvia365eshop.com\\\/ca\\\/contacte\\\/#breadcrumb\",\"itemListElement\":[{\"@type\":\"ListItem\",\"position\":1,\"name\":\"Portada\",\"item\":\"https:\\\/\\\/calvia365eshop.com\\\/ca\\\/\"},{\"@type\":\"ListItem\",\"position\":2,\"name\":\"Contacte\"}]},{\"@type\":\"WebSite\",\"@id\":\"https:\\\/\\\/calvia365eshop.com\\\/ca\\\/#website\",\"url\":\"https:\\\/\\\/calvia365eshop.com\\\/ca\\\/\",\"name\":\"Calvia 365 eShop\",\"description\":\"\",\"publisher\":{\"@id\":\"https:\\\/\\\/calvia365eshop.com\\\/ca\\\/#organization\"},\"potentialAction\":[{\"@type\":\"SearchAction\",\"target\":{\"@type\":\"EntryPoint\",\"urlTemplate\":\"https:\\\/\\\/calvia365eshop.com\\\/ca\\\/?s={search_term_string}\"},\"query-input\":{\"@type\":\"PropertyValueSpecification\",\"valueRequired\":true,\"valueName\":\"search_term_string\"}}],\"inLanguage\":\"ca\"},{\"@type\":\"Organization\",\"@id\":\"https:\\\/\\\/calvia365eshop.com\\\/ca\\\/#organization\",\"name\":\"Calvia 365 eShop\",\"url\":\"https:\\\/\\\/calvia365eshop.com\\\/ca\\\/\",\"logo\":{\"@type\":\"ImageObject\",\"inLanguage\":\"ca\",\"@id\":\"https:\\\/\\\/calvia365eshop.com\\\/ca\\\/#\\\/schema\\\/logo\\\/image\\\/\",\"url\":\"https:\\\/\\\/i0.wp.com\\\/calvia365eshop.com\\\/wp-content\\\/uploads\\\/2023\\\/10\\\/Visitcalvia-logo-vector-azul.png?fit=8440%2C1556&ssl=1\",\"contentUrl\":\"https:\\\/\\\/i0.wp.com\\\/calvia365eshop.com\\\/wp-content\\\/uploads\\\/2023\\\/10\\\/Visitcalvia-logo-vector-azul.png?fit=8440%2C1556&ssl=1\",\"width\":8440,\"height\":1556,\"caption\":\"Calvia 365 eShop\"},\"image\":{\"@id\":\"https:\\\/\\\/calvia365eshop.com\\\/ca\\\/#\\\/schema\\\/logo\\\/image\\\/\"}}]}<\/script>\n<!-- \/ Yoast SEO plugin. -->","yoast_head_json":{"title":"Contacte - Calvia 365 eShop","robots":{"index":"index","follow":"follow","max-snippet":"max-snippet:-1","max-image-preview":"max-image-preview:large","max-video-preview":"max-video-preview:-1"},"canonical":"https:\/\/calvia365eshop.com\/ca\/contacte\/","og_locale":"ca_ES","og_type":"article","og_title":"Contacte - Calvia 365 eShop","og_description":"Ponte en contacto con nosotros Ctra. Juli\u00e0 Bujosa Sans Batle, Calvi\u00e0 Mallorca shop.chmallorca@fundacioncalvia.com","og_url":"https:\/\/calvia365eshop.com\/ca\/contacte\/","og_site_name":"Calvia 365 eShop","article_modified_time":"2025-05-16T08:26:05+00:00","twitter_card":"summary_large_image","twitter_misc":{"Temps estimat de lectura":"1 minut"},"schema":{"@context":"https:\/\/schema.org","@graph":[{"@type":"WebPage","@id":"https:\/\/calvia365eshop.com\/ca\/contacte\/","url":"https:\/\/calvia365eshop.com\/ca\/contacte\/","name":"Contacte - Calvia 365 eShop","isPartOf":{"@id":"https:\/\/calvia365eshop.com\/ca\/#website"},"datePublished":"2023-11-22T11:24:59+00:00","dateModified":"2025-05-16T08:26:05+00:00","breadcrumb":{"@id":"https:\/\/calvia365eshop.com\/ca\/contacte\/#breadcrumb"},"inLanguage":"ca","potentialAction":[{"@type":"ReadAction","target":["https:\/\/calvia365eshop.com\/ca\/contacte\/"]}]},{"@type":"BreadcrumbList","@id":"https:\/\/calvia365eshop.com\/ca\/contacte\/#breadcrumb","itemListElement":[{"@type":"ListItem","position":1,"name":"Portada","item":"https:\/\/calvia365eshop.com\/ca\/"},{"@type":"ListItem","position":2,"name":"Contacte"}]},{"@type":"WebSite","@id":"https:\/\/calvia365eshop.com\/ca\/#website","url":"https:\/\/calvia365eshop.com\/ca\/","name":"Calvia 365 eShop","description":"","publisher":{"@id":"https:\/\/calvia365eshop.com\/ca\/#organization"},"potentialAction":[{"@type":"SearchAction","target":{"@type":"EntryPoint","urlTemplate":"https:\/\/calvia365eshop.com\/ca\/?s={search_term_string}"},"query-input":{"@type":"PropertyValueSpecification","valueRequired":true,"valueName":"search_term_string"}}],"inLanguage":"ca"},{"@type":"Organization","@id":"https:\/\/calvia365eshop.com\/ca\/#organization","name":"Calvia 365 eShop","url":"https:\/\/calvia365eshop.com\/ca\/","logo":{"@type":"ImageObject","inLanguage":"ca","@id":"https:\/\/calvia365eshop.com\/ca\/#\/schema\/logo\/image\/","url":"https:\/\/i0.wp.com\/calvia365eshop.com\/wp-content\/uploads\/2023\/10\/Visitcalvia-logo-vector-azul.png?fit=8440%2C1556&ssl=1","contentUrl":"https:\/\/i0.wp.com\/calvia365eshop.com\/wp-content\/uploads\/2023\/10\/Visitcalvia-logo-vector-azul.png?fit=8440%2C1556&ssl=1","width":8440,"height":1556,"caption":"Calvia 365 eShop"},"image":{"@id":"https:\/\/calvia365eshop.com\/ca\/#\/schema\/logo\/image\/"}}]}},"jetpack_likes_enabled":true,"jetpack_sharing_enabled":true,"jetpack_shortlink":"https:\/\/wp.me\/Pfeh91-fv","jetpack-related-posts":[{"id":229,"url":"https:\/\/calvia365eshop.com\/contacto\/","url_meta":{"origin":961,"position":0},"title":"Contacto","author":"calviaeshop","date":"22 de novembre de 2023","format":false,"excerpt":"Ponte en contacto con nosotros Ctra. Juli\u00e0 Bujosa Sans Batle,\u00a0 Calvi\u00e0 Mallorca shop.chmallorca@fundacioncalvia.com","rel":"","context":"Entrada similar","block_context":{"text":"Entrada similar","link":""},"img":{"alt_text":"","src":"","width":0,"height":0},"classes":[]},{"id":962,"url":"https:\/\/calvia365eshop.com\/en\/contact\/","url_meta":{"origin":961,"position":1},"title":"Contact","author":"calviaeshop","date":"22 de novembre de 2023","format":false,"excerpt":"Ponte en contacto con nosotros Ctra. Juli\u00e0 Bujosa Sans Batle, Calvi\u00e0 Mallorca shop.chmallorca@fundacioncalvia.com","rel":"","context":"Entrada similar","block_context":{"text":"Entrada similar","link":""},"img":{"alt_text":"","src":"","width":0,"height":0},"classes":[]},{"id":963,"url":"https:\/\/calvia365eshop.com\/fr\/contact\/","url_meta":{"origin":961,"position":2},"title":"Contact","author":"calviaeshop","date":"22 de novembre de 2023","format":false,"excerpt":"Ponte en contacto con nosotros Ctra. Juli\u00e0 Bujosa Sans Batle, Calvi\u00e0 Mallorca shop.chmallorca@fundacioncalvia.com","rel":"","context":"Entrada similar","block_context":{"text":"Entrada similar","link":""},"img":{"alt_text":"","src":"","width":0,"height":0},"classes":[]},{"id":964,"url":"https:\/\/calvia365eshop.com\/de\/kontakt\/","url_meta":{"origin":961,"position":3},"title":"Kontakt","author":"calviaeshop","date":"22 de novembre de 2023","format":false,"excerpt":"Ponte en contacto con nosotros Ctra. Juli\u00e0 Bujosa Sans Batle, Calvi\u00e0 Mallorca shop.chmallorca@fundacioncalvia.com","rel":"","context":"Entrada similar","block_context":{"text":"Entrada similar","link":""},"img":{"alt_text":"","src":"","width":0,"height":0},"classes":[]},{"id":275,"url":"https:\/\/calvia365eshop.com\/politica-de-privacidad\/","url_meta":{"origin":961,"position":4},"title":"Pol\u00edtica de privacidad","author":"calviaeshop","date":"22 de desembre de 2023","format":false,"excerpt":"Pol\u00edtica de privacidad 1. INTRODUCCI\u00d3N FUNDACI\u00d3N CALVI\u00c0 365 trata los datos personales recogidos a trav\u00e9s de su portal de internet https:\/\/calvia365eshop.com como responsable del tratamiento, seg\u00fan lo dispuesto en el \u2013 Reglamento (UE) 2016\/679 \u2013 Reglamento General de Protecci\u00f3n de Datos (RGPD) \u2013 y en la Ley Org\u00e1nica 3\/2018, de\u2026","rel":"","context":"Entrada similar","block_context":{"text":"Entrada similar","link":""},"img":{"alt_text":"","src":"","width":0,"height":0},"classes":[]},{"id":578,"url":"https:\/\/calvia365eshop.com\/politica-de-cookies\/","url_meta":{"origin":961,"position":5},"title":"Pol\u00edtica de cookies","author":"calviaeshop","date":"14 de febrer de 2024","format":false,"excerpt":"Pol\u00edtica de cookies Conforme a lo establecido por la Secretar\u00eda de Estado de Telecomunicaciones y para la Sociedad de la Informaci\u00f3n, dependiente del Ministerio de Industria, Energ\u00eda y Turismo, con car\u00e1cter general la LSSI no se aplica en el \u00e1mbito de las Administraciones P\u00fablicas, puesto que \u00e9stas no tienen el\u2026","rel":"","context":"Entrada similar","block_context":{"text":"Entrada similar","link":""},"img":{"alt_text":"","src":"","width":0,"height":0},"classes":[]}],"_links":{"self":[{"href":"https:\/\/calvia365eshop.com\/ca\/wp-json\/wp\/v2\/pages\/961","targetHints":{"allow":["GET"]}}],"collection":[{"href":"https:\/\/calvia365eshop.com\/ca\/wp-json\/wp\/v2\/pages"}],"about":[{"href":"https:\/\/calvia365eshop.com\/ca\/wp-json\/wp\/v2\/types\/page"}],"author":[{"embeddable":true,"href":"https:\/\/calvia365eshop.com\/ca\/wp-json\/wp\/v2\/users\/235573869"}],"replies":[{"embeddable":true,"href":"https:\/\/calvia365eshop.com\/ca\/wp-json\/wp\/v2\/comments?post=961"}],"version-history":[{"count":13,"href":"https:\/\/calvia365eshop.com\/ca\/wp-json\/wp\/v2\/pages\/961\/revisions"}],"predecessor-version":[{"id":4253,"href":"https:\/\/calvia365eshop.com\/ca\/wp-json\/wp\/v2\/pages\/961\/revisions\/4253"}],"wp:attachment":[{"href":"https:\/\/calvia365eshop.com\/ca\/wp-json\/wp\/v2\/media?parent=961"}],"curies":[{"name":"wp","href":"https:\/\/api.w.org\/{rel}","templated":true}]}}